{"id":13593,"date":"2021-09-28T02:55:45","date_gmt":"2021-09-28T02:55:45","guid":{"rendered":"https:\/\/mouldking.store\/product\/lej-10002-cafe-corner-building-6471180"},"modified":"2021-12-23T09:54:35","modified_gmt":"2021-12-23T09:54:35","slug":"lej-10002-cafe-corner-building","status":"publish","type":"product","link":"https:\/\/mouldking.store\/hu\/shop\/lej-10002-cafe-corner-building\/","title":{"rendered":"LEJ 10002 Cafe Corner \u00e9p\u00fclet"},"content":{"rendered":"<p><strong>TERM\u00c9K LE\u00cdR\u00c1S<\/strong><\/p>\n<p>A LEJ 10002 Cafe Corner Building a Caffe Corner \u00e9p\u00fcleten alapul. Ez egy fantasztikus t\u00e9glak\u00e9szlet LEJ 10002 Cafe Corner Building<\/p>\n<ul>\n<li>+ 3158 db kiv\u00e1l\u00f3 min\u0151s\u00e9g\u0171 100% ABS m\u0171anyag t\u00e9gl\u00e1b\u00f3l k\u00e9sz\u00fclt, gyermekek sz\u00e1m\u00e1ra biztons\u00e1gos, hossz\u00fa j\u00e1t\u00e9kid\u0151, 100% kompatibilis m\u00e1s t\u00e9glam\u00e1rk\u00e1kkal<\/li>\n<li><span style=\"font-size: 14.4px;\">K\u00f6nnyen meg\u00e9p\u00edthet\u0151 a LEJ 10002 Cafe Corner Building k\u00e9zi utas\u00edt\u00e1s\u00e1val <\/span><span style=\"font-size: 14.4px; color: #555555;\">t\u00e9gl\u00e1r\u00f3l t\u00e9gl\u00e1ra \u00fatmutat\u00f3val \u00e9s kiv\u00e1l\u00f3 min\u0151s\u00e9g\u0171 k\u00e9pekkel<\/span><\/li>\n<li><span style=\"font-size: 14.4px;\">A LEJ 10002 Cafe Corner \u00e9p\u00fclet teljes m\u00e9retei:<\/span><\/li>\n<\/ul>\n<figure id=\"attachment_185974\" aria-describedby=\"caption-attachment-185974\" style=\"width: 790px\" class=\"wp-caption alignnone\"><img fetchpriority=\"high\" decoding=\"async\" class=\"size-full wp-image-185974\" src=\"https:\/\/pay.lpwstore.com\/wp-content\/uploads\/2020\/03\/LEJ-10002-Cafe-Corner-Building-12.jpg\" alt=\"-\" width=\"790\" height=\"827\" title=\"-\"><figcaption id=\"caption-attachment-185974\" class=\"wp-caption-text\">LEJ 10002 Cafe Corner \u00e9p\u00fclet<\/figcaption><\/figure>\n<h4><strong>SZ\u00c1LL\u00cdT\u00c1S \u00c9S VISSZAT\u00c9R\u00c9S<\/strong><\/h4>\n<p>A LEJ 10002 Cafe Corner \u00e9p\u00fcletre garanci\u00e1t v\u00e1llalunk<\/p>\n<ul>\n<li>Teljes visszat\u00e9r\u00edt\u00e9s, ha nem kapja meg megrendel\u00e9s\u00e9t<\/li>\n<li>Ingyenes gondoskodni a hi\u00e1nyz\u00f3 darabok vagy k\u00e9zik\u00f6nyv k\u00f6nyv<\/li>\n<li>Az \u00dcgyf\u00e9l nem fizet t\u00f6bb ad\u00f3t \u00e9s v\u00e1md\u00edjat. (Ha fizetni kell, visszafizetj\u00fck)<\/li>\n<li>A nemzetk\u00f6zi sz\u00e1ll\u00edt\u00e1s meglehet\u0151sen bonyolult, igyeksz\u00fcnk minden probl\u00e9m\u00e1j\u00e1t feldolgozni. Ha azonban rendel\u00e9se probl\u00e9m\u00e1ba \u00fctk\u00f6zik, k\u00e9rj\u00fck, vegye fel vel\u00fcnk a kapcsolatot e-mailben<\/li>\n<li><span data-text-color=\"alert\"><strong>Megrendel\u00e9s t\u00f6rl\u00e9se:<\/strong><\/span> Ha le kell mondania a rendel\u00e9st, a lehet\u0151 leghamarabb vegye fel vel\u00fcnk a kapcsolatot a contact@pay.lpwstore.com e-mail c\u00edmen. A megrendel\u00e9st 48 \u00f3r\u00e1ig nem \u00e1ll m\u00f3dunkban le\u00e1ll\u00edtani<\/li>\n<\/ul>\n<h4><strong>HI\u00c1NYZ\u00d3 R\u00c9SZEK<\/strong><\/h4>\n<p>A LEJ 10002 Cafe Corner Building minden alkatr\u00e9sz\u00e9t min\u0151s\u00e9gellen\u0151rzik a sz\u00e1ll\u00edt\u00e1s el\u0151tt, \u00edgy ha hi\u00e1nyz\u00f3 vagy s\u00e9r\u00fclt alkatr\u00e9szt tal\u00e1l, ne agg\u00f3djon. K\u00e9rj\u00fck, vegye fel vel\u00fcnk a kapcsolatot, \u00e9s mi d\u00edjmentesen elk\u00fcldj\u00fck \u00d6nnek, vagy kis visszat\u00e9r\u00edt\u00e9st aj\u00e1nlunk, ha m\u00e1shol v\u00e1s\u00e1rolhat.<\/p>\n<figure id=\"attachment_185964\" aria-describedby=\"caption-attachment-185964\" style=\"width: 800px\" class=\"wp-caption alignnone\"><img decoding=\"async\" class=\"size-full wp-image-185964\" src=\"https:\/\/pay.lpwstore.com\/wp-content\/uploads\/2020\/03\/LEJ-10002-Cafe-Corner-Building-1.png\" alt=\"-\" width=\"800\" height=\"800\" title=\"-\"><figcaption id=\"caption-attachment-185964\" class=\"wp-caption-text\">LEJ 10002 Cafe Corner \u00e9p\u00fclet<\/figcaption><\/figure>\n<figure id=\"attachment_185965\" aria-describedby=\"caption-attachment-185965\" style=\"width: 721px\" class=\"wp-caption alignnone\"><img decoding=\"async\" class=\"size-large wp-image-185965\" src=\"https:\/\/pay.lpwstore.com\/wp-content\/uploads\/2020\/03\/LEJ-10002-Cafe-Corner-Building-2-721x1024.jpg\" alt=\"-\" width=\"721\" height=\"1024\" title=\"-\"><figcaption id=\"caption-attachment-185965\" class=\"wp-caption-text\">LEJ 10002 Cafe Corner \u00e9p\u00fclet<\/figcaption><\/figure>\n<figure id=\"attachment_185966\" aria-describedby=\"caption-attachment-185966\" style=\"width: 790px\" class=\"wp-caption alignnone\"><img loading=\"lazy\" decoding=\"async\" class=\"size-full wp-image-185966\" src=\"https:\/\/pay.lpwstore.com\/wp-content\/uploads\/2020\/03\/LEJ-10002-Cafe-Corner-Building-3.jpg\" alt=\"-\" width=\"790\" height=\"408\" title=\"-\"><figcaption id=\"caption-attachment-185966\" class=\"wp-caption-text\">LEJ 10002 Cafe Corner \u00e9p\u00fclet<\/figcaption><\/figure>\n<figure id=\"attachment_185967\" aria-describedby=\"caption-attachment-185967\" style=\"width: 800px\" class=\"wp-caption alignnone\"><img loading=\"lazy\" decoding=\"async\" class=\"size-full wp-image-185967\" src=\"https:\/\/pay.lpwstore.com\/wp-content\/uploads\/2020\/03\/LEJ-10002-Cafe-Corner-Building-4.jpg\" alt=\"-\" width=\"800\" height=\"800\" title=\"-\"><figcaption id=\"caption-attachment-185967\" class=\"wp-caption-text\">LEJ 10002 Cafe Corner \u00e9p\u00fclet<\/figcaption><\/figure>\n<figure id=\"attachment_185968\" aria-describedby=\"caption-attachment-185968\" style=\"width: 790px\" class=\"wp-caption alignnone\"><img loading=\"lazy\" decoding=\"async\" class=\"size-full wp-image-185968\" src=\"https:\/\/pay.lpwstore.com\/wp-content\/uploads\/2020\/03\/LEJ-10002-Cafe-Corner-Building-5.jpg\" alt=\"-\" width=\"790\" height=\"779\" title=\"-\"><figcaption id=\"caption-attachment-185968\" class=\"wp-caption-text\">LEJ 10002 Cafe Corner \u00e9p\u00fclet<\/figcaption><\/figure>\n<figure id=\"attachment_185969\" aria-describedby=\"caption-attachment-185969\" style=\"width: 800px\" class=\"wp-caption alignnone\"><img loading=\"lazy\" decoding=\"async\" class=\"size-full wp-image-185969\" src=\"https:\/\/pay.lpwstore.com\/wp-content\/uploads\/2020\/03\/LEJ-10002-Cafe-Corner-Building-6.jpg\" alt=\"-\" width=\"800\" height=\"800\" title=\"-\"><figcaption id=\"caption-attachment-185969\" class=\"wp-caption-text\">LEJ 10002 Cafe Corner \u00e9p\u00fclet<\/figcaption><\/figure>\n<figure id=\"attachment_185970\" aria-describedby=\"caption-attachment-185970\" style=\"width: 860px\" class=\"wp-caption alignnone\"><img loading=\"lazy\" decoding=\"async\" class=\"size-full wp-image-185970\" src=\"https:\/\/pay.lpwstore.com\/wp-content\/uploads\/2020\/03\/LEJ-10002-Cafe-Corner-Building-7.jpg\" alt=\"-\" width=\"860\" height=\"860\" title=\"-\"><figcaption id=\"caption-attachment-185970\" class=\"wp-caption-text\">LEJ 10002 Cafe Corner \u00e9p\u00fclet<\/figcaption><\/figure>\n<figure id=\"attachment_185971\" aria-describedby=\"caption-attachment-185971\" style=\"width: 556px\" class=\"wp-caption alignnone\"><img loading=\"lazy\" decoding=\"async\" class=\"size-large wp-image-185971\" src=\"https:\/\/pay.lpwstore.com\/wp-content\/uploads\/2020\/03\/LEJ-10002-Cafe-Corner-Building-8-556x1024.jpg\" alt=\"-\" width=\"556\" height=\"1024\" title=\"-\"><figcaption id=\"caption-attachment-185971\" class=\"wp-caption-text\">LEJ 10002 Cafe Corner \u00e9p\u00fclet<\/figcaption><\/figure>\n<figure id=\"attachment_185972\" aria-describedby=\"caption-attachment-185972\" style=\"width: 790px\" class=\"wp-caption alignnone\"><img loading=\"lazy\" decoding=\"async\" class=\"size-full wp-image-185972\" src=\"https:\/\/pay.lpwstore.com\/wp-content\/uploads\/2020\/03\/LEJ-10002-Cafe-Corner-Building-10.jpg\" alt=\"-\" width=\"790\" height=\"712\" title=\"-\"><figcaption id=\"caption-attachment-185972\" class=\"wp-caption-text\">LEJ 10002 Cafe Corner \u00e9p\u00fclet<\/figcaption><\/figure>\n<figure id=\"attachment_185973\" aria-describedby=\"caption-attachment-185973\" style=\"width: 649px\" class=\"wp-caption alignnone\"><img loading=\"lazy\" decoding=\"async\" class=\"size-large wp-image-185973\" src=\"https:\/\/pay.lpwstore.com\/wp-content\/uploads\/2020\/03\/LEJ-10002-Cafe-Corner-Building-11-649x1024.jpg\" alt=\"-\" width=\"649\" height=\"1024\" title=\"-\"><figcaption id=\"caption-attachment-185973\" class=\"wp-caption-text\">LEJ 10002 Cafe Corner \u00e9p\u00fclet<\/figcaption><\/figure>","protected":false},"excerpt":{"rendered":"<h3><strong>LEJ 10002 Cafe Corner \u00e9p\u00fclet<\/strong><\/h3>\n<ul>\n<li>T\u00e9gla mennyis\u00e9ge:<strong> 3158+ <\/strong>db<\/li>\n<li>Szolg\u00e1ltat\u00e1s: Ingyenes cserealkatr\u00e9szek<\/li>\n<li>\u00c9rtes\u00edt\u00e9s: <span style=\"text-decoration: underline;\" data-text-color=\"alert\"><strong>Eredeti doboz nincs<\/strong><\/span> ,Haszn\u00e1ljon bubor\u00e9kzacsk\u00f3t vagy \u00fcres kartondobozt.<\/li>\n<\/ul>","protected":false},"featured_media":13594,"comment_status":"open","ping_status":"closed","template":"","meta":{"_acf_changed":false},"product_cat":[],"product_tag":[],"class_list":["product","first","instock","shipping-taxable","purchasable","product-type-simple"],"acf":[],"_links":{"self":[{"href":"https:\/\/mouldking.store\/hu\/wp-json\/wp\/v2\/product\/13593","targetHints":{"allow":["GET"]}}],"collection":[{"href":"https:\/\/mouldking.store\/hu\/wp-json\/wp\/v2\/product"}],"about":[{"href":"https:\/\/mouldking.store\/hu\/wp-json\/wp\/v2\/types\/product"}],"replies":[{"embeddable":true,"href":"https:\/\/mouldking.store\/hu\/wp-json\/wp\/v2\/comments?post=13593"}],"wp:featuredmedia":[{"embeddable":true,"href":"https:\/\/mouldking.store\/hu\/wp-json\/wp\/v2\/media\/13594"}],"wp:attachment":[{"href":"https:\/\/mouldking.store\/hu\/wp-json\/wp\/v2\/media?parent=13593"}],"wp:term":[{"taxonomy":"product_cat","embeddable":true,"href":"https:\/\/mouldking.store\/hu\/wp-json\/wp\/v2\/product_cat?post=13593"},{"taxonomy":"product_tag","embeddable":true,"href":"https:\/\/mouldking.store\/hu\/wp-json\/wp\/v2\/product_tag?post=13593"}],"curies":[{"name":"wp","href":"https:\/\/api.w.org\/{rel}","templated":true}]}}