{"id":13610,"date":"2021-09-28T02:56:04","date_gmt":"2021-09-28T02:56:04","guid":{"rendered":"https:\/\/mouldking.store\/product\/zhegao-ql0935-the-hill-tavern-7314310"},"modified":"2021-12-23T09:54:35","modified_gmt":"2021-12-23T09:54:35","slug":"zhegao-ql0935-the-hill-tavern","status":"publish","type":"product","link":"https:\/\/mouldking.store\/hu\/shop\/zhegao-ql0935-the-hill-tavern\/","title":{"rendered":"ZHEGAO QL0935 The Hill Tavern"},"content":{"rendered":"<p><strong>TERM\u00c9K LE\u00cdR\u00c1S<\/strong><\/p>\n<p>ZHEGAO QL0935 A Hill Tavern a The Hill Tavern \u00e9p\u00fclet\u00e9n alapul. Ez egy fantasztikus t\u00e9gla \u00e9p\u00fclet<\/p>\n<ul>\n<li>+ 1367 db kiv\u00e1l\u00f3 min\u0151s\u00e9g\u0171 100% ABS m\u0171anyag t\u00e9gl\u00e1b\u00f3l k\u00e9sz\u00fclt, gyermekek sz\u00e1m\u00e1ra biztons\u00e1gos, hossz\u00fa j\u00e1t\u00e9kid\u0151, 100% kompatibilis m\u00e1s t\u00e9glam\u00e1rk\u00e1kkal<\/li>\n<li><span style=\"font-size: 14.4px;\">K\u00f6nnyen meg\u00e9p\u00edthet\u0151 a ZHEGAO QL0935 The Hill Tavern k\u00e9zi utas\u00edt\u00e1s\u00e1val <\/span><span style=\"font-size: 14.4px; color: #555555;\">t\u00e9gl\u00e1r\u00f3l t\u00e9gl\u00e1ra \u00fatmutat\u00f3val \u00e9s kiv\u00e1l\u00f3 min\u0151s\u00e9g\u0171 k\u00e9pekkel<\/span><\/li>\n<li><span style=\"font-size: 14.4px;\">A ZHEGAO QL0935 The Hill Tavern teljes m\u00e9retei:<\/span> 19,3 cm x 17,8 cm x 30,5 cm,<\/li>\n<\/ul>\n<p><img fetchpriority=\"high\" decoding=\"async\" class=\"alignnone size-large wp-image-185076\" src=\"https:\/\/pay.lpwstore.com\/wp-content\/uploads\/2020\/03\/ZHEGAO-QL0935-The-Hill-Tavern_3-1024x648.jpg\" alt=\"-\" width=\"1020\" height=\"645\" title=\"-\"><\/p>\n<h4><strong>SZ\u00c1LL\u00cdT\u00c1S \u00c9S VISSZAT\u00c9R\u00c9S<\/strong><\/h4>\n<p>A ZHEGAO QL0935 The Hill Tavern-re garanci\u00e1t v\u00e1llalunk<\/p>\n<ul>\n<li>Teljes visszat\u00e9r\u00edt\u00e9s, ha nem kapja meg megrendel\u00e9s\u00e9t<\/li>\n<li>Ingyenes gondoskodni a hi\u00e1nyz\u00f3 darabok vagy k\u00e9zik\u00f6nyv k\u00f6nyv<\/li>\n<li>Az \u00dcgyf\u00e9l nem fizet t\u00f6bb ad\u00f3t \u00e9s v\u00e1md\u00edjat. (Ha fizetni kell, visszafizetj\u00fck)<\/li>\n<li>A nemzetk\u00f6zi sz\u00e1ll\u00edt\u00e1s meglehet\u0151sen bonyolult, igyeksz\u00fcnk minden probl\u00e9m\u00e1j\u00e1t feldolgozni. Ha azonban rendel\u00e9se probl\u00e9m\u00e1ba \u00fctk\u00f6zik, k\u00e9rj\u00fck, vegye fel vel\u00fcnk a kapcsolatot e-mailben<\/li>\n<li><span data-text-color=\"alert\"><strong>Megrendel\u00e9s t\u00f6rl\u00e9se:<\/strong><\/span> Ha le kell mondania a rendel\u00e9st, a lehet\u0151 leghamarabb vegye fel vel\u00fcnk a kapcsolatot a contact@pay.lpwstore.com e-mail c\u00edmen. A megrendel\u00e9st 48 \u00f3r\u00e1ig nem \u00e1ll m\u00f3dunkban le\u00e1ll\u00edtani<\/li>\n<\/ul>\n<h4><strong>HI\u00c1NYZ\u00d3 R\u00c9SZEK<\/strong><\/h4>\n<p>A ZHEGAO QL0935 The Hill Tavern minden alkatr\u00e9sz\u00e9nek min\u0151s\u00e9g\u00e9t kisz\u00e1ll\u00edt\u00e1s el\u0151tt ellen\u0151rizz\u00fck, \u00edgy ha hi\u00e1nyz\u00f3 vagy s\u00e9r\u00fclt alkatr\u00e9szt tal\u00e1l, ne agg\u00f3djon. K\u00e9rj\u00fck, vegye fel vel\u00fcnk a kapcsolatot, \u00e9s mi d\u00edjmentesen elk\u00fcldj\u00fck \u00d6nnek, vagy kis visszat\u00e9r\u00edt\u00e9st aj\u00e1nlunk, ha m\u00e1shol v\u00e1s\u00e1rolhat.<\/p>\n<figure id=\"attachment_185077\" aria-describedby=\"caption-attachment-185077\" style=\"width: 899px\" class=\"wp-caption alignnone\"><img decoding=\"async\" class=\"wp-image-185077 size-large\" src=\"https:\/\/pay.lpwstore.com\/wp-content\/uploads\/2020\/03\/ZHEGAO-QL0935-The-Hill-Tavern_4-899x1024.jpg\" alt=\"-\" width=\"899\" height=\"1024\" title=\"-\"><figcaption id=\"caption-attachment-185077\" class=\"wp-caption-text\">ZHEGAO QL0935 The Hill Tavern<\/figcaption><\/figure>\n<figure id=\"attachment_185075\" aria-describedby=\"caption-attachment-185075\" style=\"width: 1020px\" class=\"wp-caption alignnone\"><img decoding=\"async\" class=\"wp-image-185075 size-large\" src=\"https:\/\/pay.lpwstore.com\/wp-content\/uploads\/2020\/03\/ZHEGAO-QL0935-The-Hill-Tavern_2-1024x715.jpg\" alt=\"-\" width=\"1020\" height=\"712\" title=\"-\"><figcaption id=\"caption-attachment-185075\" class=\"wp-caption-text\">ZHEGAO QL0935 The Hill Tavern<\/figcaption><\/figure>\n<figure id=\"attachment_185074\" aria-describedby=\"caption-attachment-185074\" style=\"width: 1020px\" class=\"wp-caption alignnone\"><img loading=\"lazy\" decoding=\"async\" class=\"wp-image-185074 size-large\" src=\"https:\/\/pay.lpwstore.com\/wp-content\/uploads\/2020\/03\/ZHEGAO-QL0935-The-Hill-Tavern_1-1024x1024.jpg\" alt=\"-\" width=\"1020\" height=\"1020\" title=\"-\"><figcaption id=\"caption-attachment-185074\" class=\"wp-caption-text\">ZHEGAO QL0935 The Hill Tavern<\/figcaption><\/figure>","protected":false},"excerpt":{"rendered":"<ul>\n<li>T\u00e9gla mennyis\u00e9ge:<strong> 1367+ <\/strong>db<\/li>\n<li>Szolg\u00e1ltat\u00e1s: Ingyenes cserealkatr\u00e9szek<\/li>\n<li>Megjegyz\u00e9s: Nincs eredeti doboz, haszn\u00e1ljon bubor\u00e9kzacsk\u00f3t vagy \u00fcres kartondobozt.<\/li>\n<\/ul>\n<div id=\"gtx-trans\" style=\"position: absolute; left: 145px; top: -3.84375px;\">\n<div class=\"gtx-trans-icon\"><\/div>\n<\/div>","protected":false},"featured_media":13611,"comment_status":"open","ping_status":"closed","template":"","meta":{"_acf_changed":false},"product_cat":[],"product_tag":[],"class_list":["product","first","instock","shipping-taxable","purchasable","product-type-simple"],"acf":[],"_links":{"self":[{"href":"https:\/\/mouldking.store\/hu\/wp-json\/wp\/v2\/product\/13610","targetHints":{"allow":["GET"]}}],"collection":[{"href":"https:\/\/mouldking.store\/hu\/wp-json\/wp\/v2\/product"}],"about":[{"href":"https:\/\/mouldking.store\/hu\/wp-json\/wp\/v2\/types\/product"}],"replies":[{"embeddable":true,"href":"https:\/\/mouldking.store\/hu\/wp-json\/wp\/v2\/comments?post=13610"}],"wp:featuredmedia":[{"embeddable":true,"href":"https:\/\/mouldking.store\/hu\/wp-json\/wp\/v2\/media\/13611"}],"wp:attachment":[{"href":"https:\/\/mouldking.store\/hu\/wp-json\/wp\/v2\/media?parent=13610"}],"wp:term":[{"taxonomy":"product_cat","embeddable":true,"href":"https:\/\/mouldking.store\/hu\/wp-json\/wp\/v2\/product_cat?post=13610"},{"taxonomy":"product_tag","embeddable":true,"href":"https:\/\/mouldking.store\/hu\/wp-json\/wp\/v2\/product_tag?post=13610"}],"curies":[{"name":"wp","href":"https:\/\/api.w.org\/{rel}","templated":true}]}}