{"id":13615,"date":"2021-09-28T02:56:06","date_gmt":"2021-09-28T02:56:06","guid":{"rendered":"https:\/\/mouldking.store\/product\/lej-10004-bicycle-shop-building-1292059"},"modified":"2021-12-23T09:54:35","modified_gmt":"2021-12-23T09:54:35","slug":"lej-10004-bicycle-shop-building","status":"publish","type":"product","link":"https:\/\/mouldking.store\/hu\/shop\/lej-10004-bicycle-shop-building\/","title":{"rendered":"LEJ 10004 Ker\u00e9kp\u00e1rbolt \u00e9p\u00fclet"},"content":{"rendered":"<p><strong>TERM\u00c9K LE\u00cdR\u00c1S<\/strong><\/p>\n<p>A LEJ 10004 Ker\u00e9kp\u00e1rbolt \u00e9p\u00fclet a Ker\u00e9kp\u00e1rbolt \u00e9p\u00fclet\u00e9n alapul. Ez egy fantasztikus t\u00e9glak\u00e9szlet LEJ 10004 Ker\u00e9kp\u00e1rbolt \u00e9p\u00fclet<\/p>\n<ul>\n<li>+3668 db kiv\u00e1l\u00f3 min\u0151s\u00e9g\u0171 100% ABS m\u0171anyag t\u00e9gl\u00e1b\u00f3l k\u00e9sz\u00fclt, gyerekeknek biztons\u00e1gos, hossz\u00fa j\u00e1t\u00e9kid\u0151, 100% kompatibilis m\u00e1s t\u00e9glam\u00e1rk\u00e1kkal<\/li>\n<li><span style=\"font-size: 14.4px;\">K\u00f6nnyen meg\u00e9p\u00edthet\u0151 a LEJ 10004 Ker\u00e9kp\u00e1rbolt \u00c9p\u00fclet k\u00e9zi utas\u00edt\u00e1s\u00e1val <\/span><span style=\"font-size: 14.4px; color: #555555;\">t\u00e9gl\u00e1r\u00f3l t\u00e9gl\u00e1ra \u00fatmutat\u00f3val \u00e9s kiv\u00e1l\u00f3 min\u0151s\u00e9g\u0171 k\u00e9pekkel<\/span><\/li>\n<li><span style=\"font-size: 14.4px;\">A LEJ 10004 Ker\u00e9kp\u00e1rbolt \u00e9p\u00fclet teljes m\u00e9retei:<\/span><\/li>\n<\/ul>\n<figure id=\"attachment_185950\" aria-describedby=\"caption-attachment-185950\" style=\"width: 732px\" class=\"wp-caption alignnone\"><img fetchpriority=\"high\" decoding=\"async\" class=\"size-full wp-image-185950\" src=\"https:\/\/pay.lpwstore.com\/wp-content\/uploads\/2020\/02\/LEJ-10004-Bicycle-Shop-Building-1.jpg\" alt=\"-\" width=\"732\" height=\"772\" title=\"-\"><figcaption id=\"caption-attachment-185950\" class=\"wp-caption-text\">LEJ 10004 Ker\u00e9kp\u00e1rbolt \u00e9p\u00fclet<\/figcaption><\/figure>\n<h4><strong>SZ\u00c1LL\u00cdT\u00c1S \u00c9S VISSZAT\u00c9R\u00c9S<\/strong><\/h4>\n<p>A LEJ 10004 Ker\u00e9kp\u00e1rbolt \u00e9p\u00fclet\u00e9re garanci\u00e1t v\u00e1llalunk<\/p>\n<ul>\n<li>Teljes visszat\u00e9r\u00edt\u00e9s, ha nem kapja meg megrendel\u00e9s\u00e9t<\/li>\n<li>Ingyenes gondoskodni a hi\u00e1nyz\u00f3 darabok vagy k\u00e9zik\u00f6nyv k\u00f6nyv<\/li>\n<li>Az \u00dcgyf\u00e9l nem fizet t\u00f6bb ad\u00f3t \u00e9s v\u00e1md\u00edjat. (Ha fizetni kell, visszafizetj\u00fck)<\/li>\n<li>A nemzetk\u00f6zi sz\u00e1ll\u00edt\u00e1s meglehet\u0151sen bonyolult, igyeksz\u00fcnk minden probl\u00e9m\u00e1j\u00e1t feldolgozni. Ha azonban rendel\u00e9se probl\u00e9m\u00e1ba \u00fctk\u00f6zik, k\u00e9rj\u00fck, vegye fel vel\u00fcnk a kapcsolatot e-mailben<\/li>\n<li><span data-text-color=\"alert\"><strong>Megrendel\u00e9s t\u00f6rl\u00e9se:<\/strong><\/span> Ha le kell mondania a rendel\u00e9st, a lehet\u0151 leghamarabb vegye fel vel\u00fcnk a kapcsolatot a contact@pay.lpwstore.com e-mail c\u00edmen. A megrendel\u00e9st 48 \u00f3r\u00e1ig nem \u00e1ll m\u00f3dunkban le\u00e1ll\u00edtani<\/li>\n<\/ul>\n<h4><strong>HI\u00c1NYZ\u00d3 R\u00c9SZEK<\/strong><\/h4>\n<p>A LEJ 10004 Bicycle Shop Building minden alkatr\u00e9sz\u00e9t min\u0151s\u00e9gellen\u0151rzik a sz\u00e1ll\u00edt\u00e1s el\u0151tt, \u00edgy ha hi\u00e1nyz\u00f3 vagy s\u00e9r\u00fclt alkatr\u00e9szt tal\u00e1l, ne agg\u00f3djon. K\u00e9rj\u00fck, vegye fel vel\u00fcnk a kapcsolatot, \u00e9s mi d\u00edjmentesen elk\u00fcldj\u00fck \u00d6nnek, vagy kis visszat\u00e9r\u00edt\u00e9st aj\u00e1nlunk, ha m\u00e1shol v\u00e1s\u00e1rolhat.<\/p>\n<figure id=\"attachment_185952\" aria-describedby=\"caption-attachment-185952\" style=\"width: 574px\" class=\"wp-caption alignnone\"><img decoding=\"async\" class=\"size-large wp-image-185952\" src=\"https:\/\/pay.lpwstore.com\/wp-content\/uploads\/2020\/02\/LEJ-10004-Bicycle-Shop-Building-2-574x1024.jpg\" alt=\"-\" width=\"574\" height=\"1024\" title=\"-\"><figcaption id=\"caption-attachment-185952\" class=\"wp-caption-text\">LEJ 10004 Ker\u00e9kp\u00e1rbolt \u00e9p\u00fclet<\/figcaption><\/figure>\n<figure id=\"attachment_185953\" aria-describedby=\"caption-attachment-185953\" style=\"width: 790px\" class=\"wp-caption alignnone\"><img decoding=\"async\" class=\"size-full wp-image-185953\" src=\"https:\/\/pay.lpwstore.com\/wp-content\/uploads\/2020\/02\/LEJ-10004-Bicycle-Shop-Building-3.jpg\" alt=\"-\" width=\"790\" height=\"662\" title=\"-\"><figcaption id=\"caption-attachment-185953\" class=\"wp-caption-text\">LEJ 10004 Ker\u00e9kp\u00e1rbolt \u00e9p\u00fclet<\/figcaption><\/figure>\n<figure id=\"attachment_185954\" aria-describedby=\"caption-attachment-185954\" style=\"width: 682px\" class=\"wp-caption alignnone\"><img loading=\"lazy\" decoding=\"async\" class=\"size-large wp-image-185954\" src=\"https:\/\/pay.lpwstore.com\/wp-content\/uploads\/2020\/02\/LEJ-10004-Bicycle-Shop-Building-4-682x1024.jpg\" alt=\"-\" width=\"682\" height=\"1024\" title=\"-\"><figcaption id=\"caption-attachment-185954\" class=\"wp-caption-text\">LEJ 10004 Ker\u00e9kp\u00e1rbolt \u00e9p\u00fclet<\/figcaption><\/figure>\n<figure id=\"attachment_185955\" aria-describedby=\"caption-attachment-185955\" style=\"width: 790px\" class=\"wp-caption alignnone\"><img loading=\"lazy\" decoding=\"async\" class=\"size-full wp-image-185955\" src=\"https:\/\/pay.lpwstore.com\/wp-content\/uploads\/2020\/02\/LEJ-10004-Bicycle-Shop-Building-5.jpg\" alt=\"-\" width=\"790\" height=\"810\" title=\"-\"><figcaption id=\"caption-attachment-185955\" class=\"wp-caption-text\">LEJ 10004 Ker\u00e9kp\u00e1rbolt \u00e9p\u00fclet<\/figcaption><\/figure>\n<figure id=\"attachment_185956\" aria-describedby=\"caption-attachment-185956\" style=\"width: 768px\" class=\"wp-caption alignnone\"><img loading=\"lazy\" decoding=\"async\" class=\"size-large wp-image-185956\" src=\"https:\/\/pay.lpwstore.com\/wp-content\/uploads\/2020\/02\/LEJ-10004-Bicycle-Shop-Building-6-768x1024.jpg\" alt=\"-\" width=\"768\" height=\"1024\" title=\"-\"><figcaption id=\"caption-attachment-185956\" class=\"wp-caption-text\">LEJ 10004 Ker\u00e9kp\u00e1rbolt \u00e9p\u00fclet<\/figcaption><\/figure>\n<figure id=\"attachment_185958\" aria-describedby=\"caption-attachment-185958\" style=\"width: 790px\" class=\"wp-caption alignnone\"><img loading=\"lazy\" decoding=\"async\" class=\"size-full wp-image-185958\" src=\"https:\/\/pay.lpwstore.com\/wp-content\/uploads\/2020\/02\/LEJ-10004-Bicycle-Shop-Building-8.jpg\" alt=\"-\" width=\"790\" height=\"791\" title=\"-\"><figcaption id=\"caption-attachment-185958\" class=\"wp-caption-text\">LEJ 10004 Ker\u00e9kp\u00e1rbolt \u00e9p\u00fclet<\/figcaption><\/figure>\n<figure id=\"attachment_185959\" aria-describedby=\"caption-attachment-185959\" style=\"width: 721px\" class=\"wp-caption alignnone\"><img loading=\"lazy\" decoding=\"async\" class=\"size-full wp-image-185959\" src=\"https:\/\/pay.lpwstore.com\/wp-content\/uploads\/2020\/02\/LEJ-10004-Bicycle-Shop-Building-9.jpg\" alt=\"-\" width=\"721\" height=\"664\" title=\"-\"><figcaption id=\"caption-attachment-185959\" class=\"wp-caption-text\">LEJ 10004 Ker\u00e9kp\u00e1rbolt \u00e9p\u00fclet<\/figcaption><\/figure>\n<figure id=\"attachment_185957\" aria-describedby=\"caption-attachment-185957\" style=\"width: 790px\" class=\"wp-caption alignnone\"><img loading=\"lazy\" decoding=\"async\" class=\"size-full wp-image-185957\" src=\"https:\/\/pay.lpwstore.com\/wp-content\/uploads\/2020\/02\/LEJ-10004-Bicycle-Shop-Building-7.jpg\" alt=\"-\" width=\"790\" height=\"376\" title=\"-\"><figcaption id=\"caption-attachment-185957\" class=\"wp-caption-text\">LEJ 10004 Ker\u00e9kp\u00e1rbolt \u00e9p\u00fclet<\/figcaption><\/figure>","protected":false},"excerpt":{"rendered":"<h3><strong>LEJ 10004 Ker\u00e9kp\u00e1rbolt \u00e9p\u00fclet<\/strong><\/h3>\n<ul>\n<li>T\u00e9gla mennyis\u00e9ge:<strong> 3668+ <\/strong>db<\/li>\n<li>Szolg\u00e1ltat\u00e1s: Ingyenes cserealkatr\u00e9szek<\/li>\n<li>Megjegyz\u00e9s: Nincs eredeti doboz, haszn\u00e1ljon bubor\u00e9kzacsk\u00f3t vagy \u00fcres kartondobozt.<\/li>\n<\/ul>","protected":false},"featured_media":13616,"comment_status":"open","ping_status":"closed","template":"","meta":{"_acf_changed":false},"product_cat":[],"product_tag":[],"class_list":["product","first","instock","shipping-taxable","purchasable","product-type-simple"],"acf":[],"_links":{"self":[{"href":"https:\/\/mouldking.store\/hu\/wp-json\/wp\/v2\/product\/13615","targetHints":{"allow":["GET"]}}],"collection":[{"href":"https:\/\/mouldking.store\/hu\/wp-json\/wp\/v2\/product"}],"about":[{"href":"https:\/\/mouldking.store\/hu\/wp-json\/wp\/v2\/types\/product"}],"replies":[{"embeddable":true,"href":"https:\/\/mouldking.store\/hu\/wp-json\/wp\/v2\/comments?post=13615"}],"wp:featuredmedia":[{"embeddable":true,"href":"https:\/\/mouldking.store\/hu\/wp-json\/wp\/v2\/media\/13616"}],"wp:attachment":[{"href":"https:\/\/mouldking.store\/hu\/wp-json\/wp\/v2\/media?parent=13615"}],"wp:term":[{"taxonomy":"product_cat","embeddable":true,"href":"https:\/\/mouldking.store\/hu\/wp-json\/wp\/v2\/product_cat?post=13615"},{"taxonomy":"product_tag","embeddable":true,"href":"https:\/\/mouldking.store\/hu\/wp-json\/wp\/v2\/product_tag?post=13615"}],"curies":[{"name":"wp","href":"https:\/\/api.w.org\/{rel}","templated":true}]}}