{"id":13674,"date":"2021-09-28T02:56:53","date_gmt":"2021-09-28T02:56:53","guid":{"rendered":"https:\/\/mouldking.store\/product\/18k-k89-drogon-dragon-game-of-thrones-by-martin-ot-5853407"},"modified":"2021-12-23T09:54:35","modified_gmt":"2021-12-23T09:54:35","slug":"18k-k89-drogon-dragon-game-of-thrones-by-martin-ot","status":"publish","type":"product","link":"https:\/\/mouldking.store\/hu\/shop\/18k-k89-drogon-dragon-game-of-thrones-by-martin-ot\/","title":{"rendered":"18K K89 Drogon Dragon &#8211; Game of Thrones by Martin Ot"},"content":{"rendered":"<p><strong>TERM\u00c9K LE\u00cdR\u00c1S<\/strong><\/p>\n<p>18K Drogon Dragon GOT by Martin Ot is based\u00a0 on a design of Martin Ot, Drogon in Game of Thrones Film series. \u00a0An awesome Brick set 18K Drogon Dragon GOT by Martin Ot <img fetchpriority=\"high\" decoding=\"async\" class=\"alignnone size-full wp-image-185699\" src=\"https:\/\/pay.lpwstore.com\/wp-content\/uploads\/2020\/03\/9d17c11cb83f398d636e4b6dfd8e98e6.jpg\" alt=\"-\" width=\"800\" height=\"450\" title=\"-\"><\/p>\n<ul>\n<li>+20000 pieces made from high-quality 100% ABS plastic bricks, safe for children, long time to play, 100% compatible with other brick brands<\/li>\n<li><span style=\"font-size: 14.4px;\">Easy-to-build with manual instruction of 18K Drogon Dragon GOT by Martin Ot <\/span><span style=\"font-size: 14.4px; color: #555555;\">t\u00e9gl\u00e1r\u00f3l t\u00e9gl\u00e1ra \u00fatmutat\u00f3val \u00e9s kiv\u00e1l\u00f3 min\u0151s\u00e9g\u0171 k\u00e9pekkel<\/span><\/li>\n<li><span style=\"font-size: 14.4px;\">Full dimensions of 18K Drogon Dragon GOT by Martin Ot:\u00a0<\/span><\/li>\n<\/ul>\n<figure id=\"attachment_185697\" aria-describedby=\"caption-attachment-185697\" style=\"width: 800px\" class=\"wp-caption alignnone\"><img decoding=\"async\" class=\"size-full wp-image-185697\" src=\"https:\/\/pay.lpwstore.com\/wp-content\/uploads\/2020\/03\/18K-Drogon-Dragon-GOT-by-Martin-Ot-4.jpg\" alt=\"-\" width=\"800\" height=\"660\" title=\"-\"><figcaption id=\"caption-attachment-185697\" class=\"wp-caption-text\">18K Drogon Dragon GOT by Martin Ot<\/figcaption><\/figure>\n<h4><strong>SZ\u00c1LL\u00cdT\u00c1S \u00c9S VISSZAT\u00c9R\u00c9S<\/strong><\/h4>\n<p>We guarantee for 18K K89 Drogon Dragon GOT by Martin Ot<\/p>\n<ul>\n<li>Teljes visszat\u00e9r\u00edt\u00e9s, ha nem kapja meg megrendel\u00e9s\u00e9t<\/li>\n<li>Ingyenes gondoskodni a hi\u00e1nyz\u00f3 darabok vagy k\u00e9zik\u00f6nyv k\u00f6nyv<\/li>\n<li>Az \u00dcgyf\u00e9l nem fizet t\u00f6bb ad\u00f3t \u00e9s v\u00e1md\u00edjat. (Ha fizetni kell, visszafizetj\u00fck)<\/li>\n<li>A nemzetk\u00f6zi sz\u00e1ll\u00edt\u00e1s meglehet\u0151sen bonyolult, igyeksz\u00fcnk minden probl\u00e9m\u00e1j\u00e1t feldolgozni. Ha azonban rendel\u00e9se probl\u00e9m\u00e1ba \u00fctk\u00f6zik, k\u00e9rj\u00fck, vegye fel vel\u00fcnk a kapcsolatot e-mailben<\/li>\n<li><span data-text-color=\"alert\"><strong>Megrendel\u00e9s t\u00f6rl\u00e9se:<\/strong><\/span> Ha le kell mondania a rendel\u00e9st, a lehet\u0151 leghamarabb vegye fel vel\u00fcnk a kapcsolatot a contact@pay.lpwstore.com e-mail c\u00edmen. A megrendel\u00e9st 48 \u00f3r\u00e1ig nem \u00e1ll m\u00f3dunkban le\u00e1ll\u00edtani<\/li>\n<\/ul>\n<h4><strong>HI\u00c1NYZ\u00d3 R\u00c9SZEK<\/strong><\/h4>\n<p>All parts of 18K Drogon Dragon GOT by Martin Ot are quality checked before shipping, so if you find some missing or damaged parts, don&#8217;t worry.\u00a0 Please contact us and we will send them to you without any fees, or we will offer a small refund for you to buy in other places.<\/p>\n<figure id=\"attachment_180966\" class=\"wp-caption alignnone\" style=\"width: 605px;\" aria-describedby=\"caption-attachment-180966\"><\/figure>\n<div id=\"gtx-anchor\" style=\"position: absolute; visibility: hidden; left: 10px; top: 51.7813px; width: 522px; height: 16px;\"><\/div>\n<div class=\"jfk-bubble gtx-bubble\" style=\"visibility: visible; left: -54px; top: 78px; opacity: 1;\" role=\"alertdialog\" aria-describedby=\"bubble-2\">\n<div id=\"bubble-2\" class=\"jfk-bubble-content-id\">\n<div id=\"gtx-host\" style=\"min-width: 200px; max-width: 400px;\">\n<figure id=\"attachment_185694\" aria-describedby=\"caption-attachment-185694\" style=\"width: 800px\" class=\"wp-caption alignnone\"><img decoding=\"async\" class=\"size-full wp-image-185694\" src=\"https:\/\/pay.lpwstore.com\/wp-content\/uploads\/2020\/03\/18K-Drogon-Dragon-GOT-by-Martin-Ot-1.jpg\" alt=\"-\" width=\"800\" height=\"540\" title=\"-\"><figcaption id=\"caption-attachment-185694\" class=\"wp-caption-text\">18K Drogon Dragon GOT by Martin Ot<\/figcaption><\/figure>\n<figure id=\"attachment_185695\" aria-describedby=\"caption-attachment-185695\" style=\"width: 800px\" class=\"wp-caption alignnone\"><img loading=\"lazy\" decoding=\"async\" class=\"size-full wp-image-185695\" src=\"https:\/\/pay.lpwstore.com\/wp-content\/uploads\/2020\/03\/18K-Drogon-Dragon-GOT-by-Martin-Ot-2.jpg\" alt=\"-\" width=\"800\" height=\"540\" title=\"-\"><figcaption id=\"caption-attachment-185695\" class=\"wp-caption-text\">18K Drogon Dragon GOT by Martin Ot<\/figcaption><\/figure>\n<figure id=\"attachment_185696\" aria-describedby=\"caption-attachment-185696\" style=\"width: 800px\" class=\"wp-caption alignnone\"><img loading=\"lazy\" decoding=\"async\" class=\"size-full wp-image-185696\" src=\"https:\/\/pay.lpwstore.com\/wp-content\/uploads\/2020\/03\/18K-Drogon-Dragon-GOT-by-Martin-Ot-3.jpg\" alt=\"-\" width=\"800\" height=\"600\" title=\"-\"><figcaption id=\"caption-attachment-185696\" class=\"wp-caption-text\">18K Drogon Dragon GOT by Martin Ot<\/figcaption><\/figure>\n<\/div>\n<\/div>\n<div class=\"jfk-bubble-closebtn-id jfk-bubble-closebtn\" tabindex=\"0\" role=\"button\" aria-label=\"Bez\u00e1r\u00e1s\"><\/div>\n<div class=\"jfk-bubble-arrow-id jfk-bubble-arrow jfk-bubble-arrowup\" style=\"left: 261px;\">\n<div class=\"jfk-bubble-arrowimplbefore\"><\/div>\n<div class=\"jfk-bubble-arrowimplafter\"><\/div>\n<\/div>\n<\/div>","protected":false},"excerpt":{"rendered":"<h3><strong>18K Drogon Dragon GOT by Martin Ot<\/strong><\/h3>\n<h3><span data-text-color=\"alert\"><strong>Available in May 2020<\/strong><\/span><\/h3>\n<ul>\n<li>T\u00e9gla mennyis\u00e9ge: <strong>2000+ <\/strong>db<\/li>\n<li>Szolg\u00e1ltat\u00e1s: Ingyenes cserealkatr\u00e9szek<\/li>\n<li>Megjegyz\u00e9s: Nincs eredeti doboz, haszn\u00e1ljon bubor\u00e9kzacsk\u00f3t vagy \u00fcres kartondobozt.<\/li>\n<\/ul>","protected":false},"featured_media":13675,"comment_status":"open","ping_status":"closed","template":"","meta":{"_acf_changed":false},"product_cat":[],"product_tag":[],"class_list":["product","first","instock","shipping-taxable","purchasable","product-type-simple"],"acf":[],"_links":{"self":[{"href":"https:\/\/mouldking.store\/hu\/wp-json\/wp\/v2\/product\/13674","targetHints":{"allow":["GET"]}}],"collection":[{"href":"https:\/\/mouldking.store\/hu\/wp-json\/wp\/v2\/product"}],"about":[{"href":"https:\/\/mouldking.store\/hu\/wp-json\/wp\/v2\/types\/product"}],"replies":[{"embeddable":true,"href":"https:\/\/mouldking.store\/hu\/wp-json\/wp\/v2\/comments?post=13674"}],"wp:featuredmedia":[{"embeddable":true,"href":"https:\/\/mouldking.store\/hu\/wp-json\/wp\/v2\/media\/13675"}],"wp:attachment":[{"href":"https:\/\/mouldking.store\/hu\/wp-json\/wp\/v2\/media?parent=13674"}],"wp:term":[{"taxonomy":"product_cat","embeddable":true,"href":"https:\/\/mouldking.store\/hu\/wp-json\/wp\/v2\/product_cat?post=13674"},{"taxonomy":"product_tag","embeddable":true,"href":"https:\/\/mouldking.store\/hu\/wp-json\/wp\/v2\/product_tag?post=13674"}],"curies":[{"name":"wp","href":"https:\/\/api.w.org\/{rel}","templated":true}]}}