{"id":13749,"date":"2021-09-28T02:57:29","date_gmt":"2021-09-28T02:57:29","guid":{"rendered":"https:\/\/mouldking.store\/product\/qizhile-23021-ford-gt40-mk-i-1967-moc-33807-by-geyserbricks-3127980"},"modified":"2025-12-25T09:28:05","modified_gmt":"2025-12-25T02:28:05","slug":"qizhile-23021-ford-gt40-mk-i-1967-moc-33807-by-geyserbricks","status":"publish","type":"product","link":"https:\/\/mouldking.store\/hu\/shop\/qizhile-23021-ford-gt40-mk-i-1967-moc-33807-by-geyserbricks\/","title":{"rendered":"QIZHILE 23021 Ford GT40 MK I 1967 MOC 33807 by GeyserBricks"},"content":{"rendered":"<p><strong>TERM\u00c9K LE\u00cdR\u00c1S<\/strong><\/p>\n<p>QIZHILE 23021 Ford GT40 MK I 1967 MOC 33807 by GeyserBricks is based\u00a0 on a design of GeyserBricks. \u00a0An awesome Brick set QIZHILE 23021 Ford GT40 MK I 1967 MOC 33807 by GeyserBricks<\/p>\n<p>The Ford GT40 famously holds the distinction of being Dearborn\u2019s first and most important purpose-built sports-racing model, undergoing fervent development during the mid-1960s and delivering four consecutive wins at the 24 Hours of Le Mans. But success was not instantaneous. After the early retirement of all three of the Ford-entered GT40s at Le Mans in 1965, there was a considerable focus on transforming the mid-engine racer into an endurance winner.<\/p>\n<p>The following year, the GT40 ran nearly unchallenged at Le Mans, with Carroll Shelby\u2019s seven-liter GT40 Mk II examples finishing first and second, and a Holman-Moody Mk II entry finishing third. While the Mk II model received all the glory in 1966, the engineering of another GT40 iteration was quietly underway.<\/p>\n<figure id=\"attachment_185754\" aria-describedby=\"caption-attachment-185754\" style=\"width: 700px\" class=\"wp-caption alignnone\"><img fetchpriority=\"high\" decoding=\"async\" class=\"size-full wp-image-185754\" src=\"https:\/\/pay.lpwstore.com\/wp-content\/uploads\/2020\/03\/Ford_GT40_MKI_1967_001.jpg\" alt=\"-\" width=\"700\" height=\"431\" title=\"-\"><figcaption id=\"caption-attachment-185754\" class=\"wp-caption-text\">Ford GT40 MK I 1967<\/figcaption><\/figure>\n<blockquote><p>MOC Number: 33807<br \/>\nName: Ford GT40 MK I 1967<br \/>\nDesigned by: GeyserBricks<br \/>\nDesigned Year 2019<br \/>\nInventory: 2258 parts<br \/>\nTheme Technic &gt; Model &gt; Race<br \/>\nModification of: 42096-1 Porsche 911 RSR<\/p><\/blockquote>\n<ul>\n<li>+2900 pieces made from high-quality 100% ABS plastic bricks, safe for children, long time to play, 100% compatible with other brick brands<\/li>\n<li><span style=\"font-size: 14.4px;\">Easy-to-build with manual instruction of QIZHILE 23021 Ford GT40 MK I 1967 MOC 33807 by GeyserBricks <\/span><span style=\"font-size: 14.4px; color: #555555;\">t\u00e9gl\u00e1r\u00f3l t\u00e9gl\u00e1ra \u00fatmutat\u00f3val \u00e9s kiv\u00e1l\u00f3 min\u0151s\u00e9g\u0171 k\u00e9pekkel<\/span><\/li>\n<li><span style=\"font-size: 14.4px;\">Full dimensions of QIZHILE 23021 Ford GT40 MK I 1967 MOC 33807 by GeyserBricks: Length 51.38 cm (20.4 inches) x Width 24.6 cm (9.7 inches) x Height 16.4 cm (6.4 inches) x Weight about 1.78 kg (3.92 lb)<\/span><\/li>\n<\/ul>\n<h4><strong>SZ\u00c1LL\u00cdT\u00c1S \u00c9S VISSZAT\u00c9R\u00c9S<\/strong><\/h4>\n<p>We guarantee for QIZHILE 23021 Ford GT40 MK I 1967 MOC 33807 by GeyserBricks<\/p>\n<ul>\n<li>Teljes visszat\u00e9r\u00edt\u00e9s, ha nem kapja meg megrendel\u00e9s\u00e9t<\/li>\n<li>Ingyenes gondoskodni a hi\u00e1nyz\u00f3 darabok vagy k\u00e9zik\u00f6nyv k\u00f6nyv<\/li>\n<li>Az \u00dcgyf\u00e9l nem fizet t\u00f6bb ad\u00f3t \u00e9s v\u00e1md\u00edjat. (Ha fizetni kell, visszafizetj\u00fck)<\/li>\n<li>A nemzetk\u00f6zi sz\u00e1ll\u00edt\u00e1s meglehet\u0151sen bonyolult, igyeksz\u00fcnk minden probl\u00e9m\u00e1j\u00e1t feldolgozni. Ha azonban rendel\u00e9se probl\u00e9m\u00e1ba \u00fctk\u00f6zik, k\u00e9rj\u00fck, vegye fel vel\u00fcnk a kapcsolatot e-mailben<\/li>\n<li><span data-text-color=\"alert\"><strong>Megrendel\u00e9s t\u00f6rl\u00e9se:<\/strong><\/span> Ha le kell mondania a rendel\u00e9st, a lehet\u0151 leghamarabb vegye fel vel\u00fcnk a kapcsolatot a contact@pay.lpwstore.com e-mail c\u00edmen. A megrendel\u00e9st 48 \u00f3r\u00e1ig nem \u00e1ll m\u00f3dunkban le\u00e1ll\u00edtani<\/li>\n<\/ul>\n<h4><strong>HI\u00c1NYZ\u00d3 R\u00c9SZEK<\/strong><\/h4>\n<p>All parts of QIZHILE 23021 Ford GT40 MK I 1967 MOC 33807 by GeyserBricks are quality checked before shipping, so if you find some missing or damaged parts, don&#8217;t worry.\u00a0 Please contact us and we will send them to you without any fees, or we will offer a small refund for you to buy in other places.<\/p>\n<figure id=\"attachment_180966\" class=\"wp-caption alignnone\" style=\"width: 605px;\" aria-describedby=\"caption-attachment-180966\"><\/figure>\n<div id=\"gtx-anchor\" style=\"position: absolute; visibility: hidden; left: 10px; top: 51.7813px; width: 522px; height: 16px;\"><\/div>\n<div class=\"jfk-bubble gtx-bubble\" style=\"visibility: visible; left: -54px; top: 78px; opacity: 1;\" role=\"alertdialog\" aria-describedby=\"bubble-2\">\n<div id=\"bubble-2\" class=\"jfk-bubble-content-id\">\n<div id=\"gtx-host\" style=\"min-width: 200px; max-width: 400px;\">\n<figure id=\"attachment_185753\" aria-describedby=\"caption-attachment-185753\" style=\"width: 501px\" class=\"wp-caption alignnone\"><img decoding=\"async\" class=\"wp-image-185753\" src=\"https:\/\/pay.lpwstore.com\/wp-content\/uploads\/2020\/03\/QIZHILE-23021-Ford-GT40-MK-I-1967-MOC-33807-by-GeyserBricks-8.jpg\" alt=\"-\" width=\"501\" height=\"501\" title=\"-\"><figcaption id=\"caption-attachment-185753\" class=\"wp-caption-text\">QIZHILE 23021 Ford GT40 MK I 1967 MOC 33807 by GeyserBricks<\/figcaption><\/figure>\n<figure id=\"attachment_185752\" aria-describedby=\"caption-attachment-185752\" style=\"width: 546px\" class=\"wp-caption alignnone\"><img decoding=\"async\" class=\"wp-image-185752\" src=\"https:\/\/pay.lpwstore.com\/wp-content\/uploads\/2020\/03\/QIZHILE-23021-Ford-GT40-MK-I-1967-MOC-33807-by-GeyserBricks-7.jpg\" alt=\"-\" width=\"546\" height=\"258\" title=\"-\"><figcaption id=\"caption-attachment-185752\" class=\"wp-caption-text\">QIZHILE 23021 Ford GT40 MK I 1967 MOC 33807 by GeyserBricks<\/figcaption><\/figure>\n<figure id=\"attachment_185751\" aria-describedby=\"caption-attachment-185751\" style=\"width: 944px\" class=\"wp-caption alignnone\"><img loading=\"lazy\" decoding=\"async\" class=\"wp-image-185751 size-full\" src=\"https:\/\/pay.lpwstore.com\/wp-content\/uploads\/2020\/03\/QIZHILE-23021-Ford-GT40-MK-I-1967-MOC-33807-by-GeyserBricks-6.jpg\" alt=\"-\" width=\"944\" height=\"347\" title=\"-\"><figcaption id=\"caption-attachment-185751\" class=\"wp-caption-text\">QIZHILE 23021 Ford GT40 MK I 1967 MOC 33807 by GeyserBricks<\/figcaption><\/figure>\n<figure id=\"attachment_185750\" aria-describedby=\"caption-attachment-185750\" style=\"width: 944px\" class=\"wp-caption alignnone\"><img loading=\"lazy\" decoding=\"async\" class=\"wp-image-185750 size-full\" src=\"https:\/\/pay.lpwstore.com\/wp-content\/uploads\/2020\/03\/QIZHILE-23021-Ford-GT40-MK-I-1967-MOC-33807-by-GeyserBricks-5.jpg\" alt=\"-\" width=\"944\" height=\"522\" title=\"-\"><figcaption id=\"caption-attachment-185750\" class=\"wp-caption-text\">QIZHILE 23021 Ford GT40 MK I 1967 MOC 33807 by GeyserBricks<\/figcaption><\/figure>\n<figure id=\"attachment_185749\" aria-describedby=\"caption-attachment-185749\" style=\"width: 944px\" class=\"wp-caption alignnone\"><img loading=\"lazy\" decoding=\"async\" class=\"wp-image-185749 size-full\" src=\"https:\/\/pay.lpwstore.com\/wp-content\/uploads\/2020\/03\/QIZHILE-23021-Ford-GT40-MK-I-1967-MOC-33807-by-GeyserBricks-4.jpg\" alt=\"-\" width=\"944\" height=\"822\" title=\"-\"><figcaption id=\"caption-attachment-185749\" class=\"wp-caption-text\">QIZHILE 23021 Ford GT40 MK I 1967 MOC 33807 by GeyserBricks<\/figcaption><\/figure>\n<figure id=\"attachment_185748\" aria-describedby=\"caption-attachment-185748\" style=\"width: 756px\" class=\"wp-caption alignnone\"><img loading=\"lazy\" decoding=\"async\" class=\"wp-image-185748 size-large\" src=\"https:\/\/pay.lpwstore.com\/wp-content\/uploads\/2020\/03\/QIZHILE-23021-Ford-GT40-MK-I-1967-MOC-33807-by-GeyserBricks-3-756x1024.jpg\" alt=\"-\" width=\"756\" height=\"1024\" title=\"-\"><figcaption id=\"caption-attachment-185748\" class=\"wp-caption-text\">QIZHILE 23021 Ford GT40 MK I 1967 MOC 33807 by GeyserBricks<\/figcaption><\/figure>\n<figure id=\"attachment_185747\" aria-describedby=\"caption-attachment-185747\" style=\"width: 944px\" class=\"wp-caption alignnone\"><img loading=\"lazy\" decoding=\"async\" class=\"wp-image-185747 size-full\" src=\"https:\/\/pay.lpwstore.com\/wp-content\/uploads\/2020\/03\/QIZHILE-23021-Ford-GT40-MK-I-1967-MOC-33807-by-GeyserBricks-2.jpg\" alt=\"-\" width=\"944\" height=\"930\" title=\"-\"><figcaption id=\"caption-attachment-185747\" class=\"wp-caption-text\">QIZHILE 23021 Ford GT40 MK I 1967 MOC 33807 by GeyserBricks<\/figcaption><\/figure>\n<figure id=\"attachment_185746\" aria-describedby=\"caption-attachment-185746\" style=\"width: 944px\" class=\"wp-caption alignnone\"><img loading=\"lazy\" decoding=\"async\" class=\"wp-image-185746 size-full\" src=\"https:\/\/pay.lpwstore.com\/wp-content\/uploads\/2020\/03\/QIZHILE-23021-Ford-GT40-MK-I-1967-MOC-33807-by-GeyserBricks-1.jpg\" alt=\"-\" width=\"944\" height=\"649\" title=\"-\"><figcaption id=\"caption-attachment-185746\" class=\"wp-caption-text\">QIZHILE 23021 Ford GT40 MK I 1967 MOC 33807 by GeyserBricks<\/figcaption><\/figure>\n<\/div>\n<\/div>\n<div class=\"jfk-bubble-closebtn-id jfk-bubble-closebtn\" tabindex=\"0\" role=\"button\" aria-label=\"Bez\u00e1r\u00e1s\"><\/div>\n<div class=\"jfk-bubble-arrow-id jfk-bubble-arrow jfk-bubble-arrowup\" style=\"left: 261px;\">\n<div class=\"jfk-bubble-arrowimplbefore\"><\/div>\n<div class=\"jfk-bubble-arrowimplafter\"><\/div>\n<\/div>\n<\/div>","protected":false},"excerpt":{"rendered":"<h3><strong>QIZHILE 23021 Ford GT40 MK I 1967 MOC 33807 by GeyserBricks<\/strong><\/h3>\n<h3><span data-text-color=\"alert\"><strong>Available in May 2020 <\/strong><\/span><\/h3>\n<h3><span data-text-color=\"alert\"><strong>NO Motor version (Motor cost 30$)<\/strong><\/span><\/h3>\n<ul>\n<li>T\u00e9gla mennyis\u00e9ge: <strong>+2900 <\/strong>db<\/li>\n<li>Szolg\u00e1ltat\u00e1s: Ingyenes cserealkatr\u00e9szek<\/li>\n<li>Megjegyz\u00e9s: Nincs eredeti doboz, haszn\u00e1ljon bubor\u00e9kzacsk\u00f3t vagy \u00fcres kartondobozt.<\/li>\n<\/ul>\n<div class=\"jfk-bubble gtx-bubble\" style=\"visibility: visible; left: 61px; top: 56px; opacity: 1;\" role=\"alertdialog\" aria-describedby=\"bubble-2\">\n<div id=\"bubble-2\" class=\"jfk-bubble-content-id\">\n<div id=\"gtx-host\" style=\"min-width: 200px; max-width: 400px;\">\u00a0<\/div>\n<\/div>\n<div class=\"jfk-bubble-closebtn-id jfk-bubble-closebtn\" tabindex=\"0\" role=\"button\" aria-label=\"Bez\u00e1r\u00e1s\">\u00a0<\/div>\n<div class=\"jfk-bubble-arrow-id jfk-bubble-arrow jfk-bubble-arrowup\" style=\"left: 65.5px;\">\n<div class=\"jfk-bubble-arrowimplbefore\">\u00a0<\/div>\n<div class=\"jfk-bubble-arrowimplafter\">\u00a0<\/div>\n<\/div>\n<\/div>","protected":false},"featured_media":13750,"comment_status":"open","ping_status":"closed","template":"","meta":{"_acf_changed":false},"product_cat":[],"product_tag":[],"class_list":["product","first","outofstock","shipping-taxable","purchasable","product-type-simple"],"acf":[],"_links":{"self":[{"href":"https:\/\/mouldking.store\/hu\/wp-json\/wp\/v2\/product\/13749","targetHints":{"allow":["GET"]}}],"collection":[{"href":"https:\/\/mouldking.store\/hu\/wp-json\/wp\/v2\/product"}],"about":[{"href":"https:\/\/mouldking.store\/hu\/wp-json\/wp\/v2\/types\/product"}],"replies":[{"embeddable":true,"href":"https:\/\/mouldking.store\/hu\/wp-json\/wp\/v2\/comments?post=13749"}],"wp:featuredmedia":[{"embeddable":true,"href":"https:\/\/mouldking.store\/hu\/wp-json\/wp\/v2\/media\/13750"}],"wp:attachment":[{"href":"https:\/\/mouldking.store\/hu\/wp-json\/wp\/v2\/media?parent=13749"}],"wp:term":[{"taxonomy":"product_cat","embeddable":true,"href":"https:\/\/mouldking.store\/hu\/wp-json\/wp\/v2\/product_cat?post=13749"},{"taxonomy":"product_tag","embeddable":true,"href":"https:\/\/mouldking.store\/hu\/wp-json\/wp\/v2\/product_tag?post=13749"}],"curies":[{"name":"wp","href":"https:\/\/api.w.org\/{rel}","templated":true}]}}