{"id":13760,"date":"2021-09-28T02:57:40","date_gmt":"2021-09-28T02:57:40","guid":{"rendered":"https:\/\/mouldking.store\/product\/qizhile-23025-wing-body-truck-moc-1389-23008-black-wing-truck-4210099"},"modified":"2025-12-25T09:28:05","modified_gmt":"2025-12-25T02:28:05","slug":"qizhile-23025-wing-body-truck-moc-1389-23008-black-wing-truck","status":"publish","type":"product","link":"https:\/\/mouldking.store\/hu\/shop\/qizhile-23025-wing-body-truck-moc-1389-23008-black-wing-truck\/","title":{"rendered":"QIZHILE 23025 Sz\u00e1rnyas Teheraut\u00f3 MOC 1389 23008 Fekete Sz\u00e1rnyas Teheraut\u00f3"},"content":{"rendered":"<p><strong>TERM\u00c9K LE\u00cdR\u00c1S<\/strong> A QIZHILE 23025 Sz\u00e1rnyas Teheraut\u00f3 MOC 1389 23008 Fekete Sz\u00e1rnyas Teheraut\u00f3 a Sz\u00e1rnyas Teheraut\u00f3 MOC 1389 alapj\u00e1n k\u00e9sz\u00fclt. Ez egy fantasztikus QIZHILE 23025 Sz\u00e1rnyas Teheraut\u00f3 MOC 1389 Lepin 23008 Fekete Sz\u00e1rnyas Teheraut\u00f3 kockak\u00e9szlet. <img fetchpriority=\"high\" decoding=\"async\" class=\"alignnone size-full wp-image-184951\" src=\"https:\/\/pay.lpwstore.com\/wp-content\/uploads\/2020\/02\/unnamed.jpg\" alt=\"-\" width=\"512\" height=\"384\" title=\"-\"><\/p>\n<ul>\n<li>+ 4128 darab kiv\u00e1l\u00f3 min\u0151s\u00e9g\u0171 100% ABS m\u0171anyag kock\u00e1kb\u00f3l, biztons\u00e1gos gyermekek sz\u00e1m\u00e1ra, sok\u00e1ig j\u00e1tszhat\u00f3, a 100% kompatibilis m\u00e1s kock\u00e1k m\u00e1rk\u00e1ival<\/li>\n<li><span style=\"font-size: 14.4px;\">K\u00f6nnyen \u00f6sszeszerelhet\u0151 a QIZHILE 23025 Sz\u00e1rnyas Teheraut\u00f3 MOC 1389 23008 Fekete Sz\u00e1rnyas Teheraut\u00f3 k\u00e9zik\u00f6nyv\u00e9vel \u00e9s \u00fatmutat\u00f3j\u00e1val <\/span><span style=\"font-size: 14.4px; color: #555555;\">t\u00e9gl\u00e1r\u00f3l t\u00e9gl\u00e1ra \u00fatmutat\u00f3val \u00e9s kiv\u00e1l\u00f3 min\u0151s\u00e9g\u0171 k\u00e9pekkel<\/span><\/li>\n<li><span style=\"font-size: 14.4px;\">A QIZHILE 23025 sz\u00e1rnyas teheraut\u00f3 MOC 1389 23008 fekete sz\u00e1rnyas teheraut\u00f3 teljes m\u00e9retei:<\/span><\/li>\n<\/ul>\n<blockquote>\n<h4>MOC-sz\u00e1m: 1389<\/h4>\n<h4>N\u00e9v: Sz\u00e1rnyas karossz\u00e9ri\u00e1s teheraut\u00f3<\/h4>\n<h4>Tervezte: Madoca1977<\/h4>\n<h4>Tervez\u00e9si \u00e9v: 2014<\/h4>\n<h4>T\u00e9matechnika<\/h4>\n<\/blockquote>\n<h4><strong>SZ\u00c1LL\u00cdT\u00c1S \u00c9S VISSZAT\u00c9R\u00c9S<\/strong><\/h4>\n<p>Garanci\u00e1t v\u00e1llalunk a QIZHILE 23025 sz\u00e1rnyas teheraut\u00f3ra \u00e9s a MOC 1389 23008 fekete sz\u00e1rnyas teheraut\u00f3ra.<\/p>\n<ul>\n<li>Teljes visszat\u00e9r\u00edt\u00e9s, ha nem kapja meg megrendel\u00e9s\u00e9t<\/li>\n<li>Ingyenes gondoskodni a hi\u00e1nyz\u00f3 darabok vagy k\u00e9zik\u00f6nyv k\u00f6nyv<\/li>\n<li>Az \u00dcgyf\u00e9l nem fizet t\u00f6bb ad\u00f3t \u00e9s v\u00e1md\u00edjat. (Ha fizetni kell, visszafizetj\u00fck)<\/li>\n<li>A nemzetk\u00f6zi sz\u00e1ll\u00edt\u00e1s meglehet\u0151sen bonyolult, igyeksz\u00fcnk minden probl\u00e9m\u00e1j\u00e1t feldolgozni. Ha azonban rendel\u00e9se probl\u00e9m\u00e1ba \u00fctk\u00f6zik, k\u00e9rj\u00fck, vegye fel vel\u00fcnk a kapcsolatot e-mailben<\/li>\n<li><span data-text-color=\"alert\"><strong>Megrendel\u00e9s t\u00f6rl\u00e9se:<\/strong><\/span> Ha le kell mondania a rendel\u00e9st, a lehet\u0151 leghamarabb vegye fel vel\u00fcnk a kapcsolatot a contact@pay.lpwstore.com e-mail c\u00edmen. A megrendel\u00e9st 48 \u00f3r\u00e1ig nem \u00e1ll m\u00f3dunkban le\u00e1ll\u00edtani<\/li>\n<\/ul>\n<h4><strong>HI\u00c1NYZ\u00d3 R\u00c9SZEK<\/strong><\/h4>\n<p>A QIZHILE 23025 Wing Body Truck MOC 1389 23008 Black Wing Truck minden alkatr\u00e9sz\u00e9t min\u0151s\u00e9gellen\u0151rz\u00e9snek vetj\u00fck al\u00e1 a sz\u00e1ll\u00edt\u00e1s el\u0151tt, \u00edgy ha hi\u00e1nyz\u00f3 vagy s\u00e9r\u00fclt alkatr\u00e9szeket tal\u00e1l, ne agg\u00f3djon. K\u00e9rj\u00fck, vegye fel vel\u00fcnk a kapcsolatot, \u00e9s mi d\u00edjmentesen elk\u00fcldj\u00fck \u00d6nnek, vagy kis visszat\u00e9r\u00edt\u00e9st k\u00edn\u00e1lunk, hogy m\u00e1shol v\u00e1s\u00e1rolhasson.<\/p>\n<p><figure id=\"attachment_185775\" aria-describedby=\"caption-attachment-185775\" style=\"width: 944px\" class=\"wp-caption alignnone\"><img decoding=\"async\" class=\"size-full wp-image-185775\" src=\"https:\/\/pay.lpwstore.com\/wp-content\/uploads\/2020\/03\/QIZHILE-23025-Wing-Body-Truck-MOC-1389-Lepin-23008-Black-Wing-Truck-1.jpg\" alt=\"-\" width=\"944\" height=\"936\" title=\"-\"><figcaption id=\"caption-attachment-185775\" class=\"wp-caption-text\">QIZHILE 23025 Sz\u00e1rnyas Teheraut\u00f3 MOC 1389 23008 Fekete Sz\u00e1rnyas Teheraut\u00f3<\/figcaption><\/figure><figure id=\"attachment_185776\" aria-describedby=\"caption-attachment-185776\" style=\"width: 929px\" class=\"wp-caption alignnone\"><img decoding=\"async\" class=\"size-large wp-image-185776\" src=\"https:\/\/pay.lpwstore.com\/wp-content\/uploads\/2020\/03\/QIZHILE-23025-Wing-Body-Truck-MOC-1389-Lepin-23008-Black-Wing-Truck-2-929x1024.jpg\" alt=\"-\" width=\"929\" height=\"1024\" title=\"-\"><figcaption id=\"caption-attachment-185776\" class=\"wp-caption-text\">QIZHILE 23025 Sz\u00e1rnyas Teheraut\u00f3 MOC 1389 23008 Fekete Sz\u00e1rnyas Teheraut\u00f3<\/figcaption><\/figure><figure id=\"attachment_185777\" aria-describedby=\"caption-attachment-185777\" style=\"width: 944px\" class=\"wp-caption alignnone\"><img loading=\"lazy\" decoding=\"async\" class=\"size-large wp-image-185777\" src=\"https:\/\/pay.lpwstore.com\/wp-content\/uploads\/2020\/03\/QIZHILE-23025-Wing-Body-Truck-MOC-1389-Lepin-23008-Black-Wing-Truck-3.jpg\" alt=\"-\" width=\"944\" height=\"720\" title=\"-\"><figcaption id=\"caption-attachment-185777\" class=\"wp-caption-text\">QIZHILE 23025 Sz\u00e1rnyas Teheraut\u00f3 MOC 1389 23008 Fekete Sz\u00e1rnyas Teheraut\u00f3<\/figcaption><\/figure><figure id=\"attachment_185778\" aria-describedby=\"caption-attachment-185778\" style=\"width: 944px\" class=\"wp-caption alignnone\"><img loading=\"lazy\" decoding=\"async\" class=\"size-large wp-image-185778\" src=\"https:\/\/pay.lpwstore.com\/wp-content\/uploads\/2020\/03\/QIZHILE-23025-Wing-Body-Truck-MOC-1389-Lepin-23008-Black-Wing-Truck-4.jpg\" alt=\"-\" width=\"944\" height=\"840\" title=\"-\"><figcaption id=\"caption-attachment-185778\" class=\"wp-caption-text\">QIZHILE 23025 Sz\u00e1rnyas Teheraut\u00f3 MOC 1389 23008 Fekete Sz\u00e1rnyas Teheraut\u00f3<\/figcaption><\/figure><figure id=\"attachment_185779\" aria-describedby=\"caption-attachment-185779\" style=\"width: 944px\" class=\"wp-caption alignnone\"><img loading=\"lazy\" decoding=\"async\" class=\"size-full wp-image-185779\" src=\"https:\/\/pay.lpwstore.com\/wp-content\/uploads\/2020\/03\/QIZHILE-23025-Wing-Body-Truck-MOC-1389-Lepin-23008-Black-Wing-Truck-5.jpg\" alt=\"-\" width=\"944\" height=\"744\" title=\"-\"><figcaption id=\"caption-attachment-185779\" class=\"wp-caption-text\">QIZHILE 23025 Sz\u00e1rnyas Teheraut\u00f3 MOC 1389 23008 Fekete Sz\u00e1rnyas Teheraut\u00f3<\/figcaption><\/figure><\/p>\n<div id=\"gtx-trans\" style=\"position: absolute; left: 557px; top: 996.219px;\">\n<div class=\"gtx-trans-icon\">\u00a0<\/div>\n<\/div>","protected":false},"excerpt":{"rendered":"<h3><strong>QIZHILE 23025 Sz\u00e1rnyas Teheraut\u00f3 MOC 1389 23008 Fekete Sz\u00e1rnyas Teheraut\u00f3<\/strong><\/h3>\n<h3><span data-text-color=\"alert\"><strong>NINCS motoros v\u00e1ltozat (Motork\u00f6lts\u00e9g 40$)<\/strong><\/span><\/h3>\n<ul>\n<li>T\u00e9gla mennyis\u00e9ge: <strong>4128+ <\/strong>db<\/li>\n<li>Szolg\u00e1ltat\u00e1s: Ingyenes cserealkatr\u00e9szek<\/li>\n<li>Megjegyz\u00e9s: Nincs eredeti doboz, haszn\u00e1ljon bubor\u00e9kzacsk\u00f3t vagy \u00fcres kartondobozt.<\/li>\n<\/ul>","protected":false},"featured_media":13761,"comment_status":"open","ping_status":"closed","template":"","meta":{"_acf_changed":false},"product_cat":[],"product_tag":[],"class_list":["product","first","instock","shipping-taxable","purchasable","product-type-simple"],"acf":[],"_links":{"self":[{"href":"https:\/\/mouldking.store\/hu\/wp-json\/wp\/v2\/product\/13760","targetHints":{"allow":["GET"]}}],"collection":[{"href":"https:\/\/mouldking.store\/hu\/wp-json\/wp\/v2\/product"}],"about":[{"href":"https:\/\/mouldking.store\/hu\/wp-json\/wp\/v2\/types\/product"}],"replies":[{"embeddable":true,"href":"https:\/\/mouldking.store\/hu\/wp-json\/wp\/v2\/comments?post=13760"}],"wp:featuredmedia":[{"embeddable":true,"href":"https:\/\/mouldking.store\/hu\/wp-json\/wp\/v2\/media\/13761"}],"wp:attachment":[{"href":"https:\/\/mouldking.store\/hu\/wp-json\/wp\/v2\/media?parent=13760"}],"wp:term":[{"taxonomy":"product_cat","embeddable":true,"href":"https:\/\/mouldking.store\/hu\/wp-json\/wp\/v2\/product_cat?post=13760"},{"taxonomy":"product_tag","embeddable":true,"href":"https:\/\/mouldking.store\/hu\/wp-json\/wp\/v2\/product_tag?post=13760"}],"curies":[{"name":"wp","href":"https:\/\/api.w.org\/{rel}","templated":true}]}}