{"id":13767,"date":"2021-09-28T02:58:04","date_gmt":"2021-09-27T19:58:04","guid":{"rendered":"https:\/\/mouldking.store\/product\/sy-6297-going-merry-straw-hat-ship-1363125"},"modified":"2023-10-24T09:50:31","modified_gmt":"2023-10-24T02:50:31","slug":"sy-6297-going-merry-straw-hat-ship","status":"publish","type":"product","link":"https:\/\/mouldking.store\/hu\/shop\/sy-6297-going-merry-straw-hat-ship\/","title":{"rendered":"SY 6297 Going Merry Straw Hat Ship"},"content":{"rendered":"<p><strong>TERM\u00c9K LE\u00cdR\u00c1S<\/strong> SY 6297 Going Merry Straw Hat Ship is based\u00a0 on Going Merry Straw Hat Ship in One Piece manga &amp; Anime .\u00a0 It&#8217;s an awesome Brick set SY 6297 Going Merry Straw Hat Ship<\/p>\n<figure id=\"attachment_185948\" aria-describedby=\"caption-attachment-185948\" style=\"width: 740px\" class=\"wp-caption alignnone\"><img fetchpriority=\"high\" decoding=\"async\" class=\"size-full wp-image-185948\" src=\"https:\/\/pay.lpwstore.com\/wp-content\/uploads\/2020\/03\/The-Going-Merry-One-Piece.jpg\" alt=\"-\" width=\"740\" height=\"370\" title=\"-\"><figcaption id=\"caption-attachment-185948\" class=\"wp-caption-text\">SY 6297 Going Merry Straw Hat Ship<\/figcaption><\/figure>\n<ul>\n<li>+ 1048\u00a0 pieces made from high-quality 100% ABS plastic bricks, safe for children, long time to play, 100% compatible with other brick brands<\/li>\n<li><span style=\"font-size: 14.4px;\">K\u00f6nnyen meg\u00e9p\u00edthet\u0151 az xxx k\u00e9zi utas\u00edt\u00e1s\u00e1val <\/span><span style=\"font-size: 14.4px; color: #555555;\">t\u00e9gl\u00e1r\u00f3l t\u00e9gl\u00e1ra \u00fatmutat\u00f3val \u00e9s kiv\u00e1l\u00f3 min\u0151s\u00e9g\u0171 k\u00e9pekkel<\/span><\/li>\n<li><span style=\"font-size: 14.4px;\">Full dimensions of SY 6297 Going Merry Straw Hat Ship:<\/span><\/li>\n<\/ul>\n<h4><strong>SZ\u00c1LL\u00cdT\u00c1S \u00c9S VISSZAT\u00c9R\u00c9S<\/strong><\/h4>\n<p>We guarantee for SY 6297 Going Merry Straw Hat Ship:<\/p>\n<ul>\n<li>Teljes visszat\u00e9r\u00edt\u00e9s, ha nem kapja meg megrendel\u00e9s\u00e9t<\/li>\n<li>Ingyenes gondoskodni a hi\u00e1nyz\u00f3 darabok vagy k\u00e9zik\u00f6nyv k\u00f6nyv<\/li>\n<li>Az \u00dcgyf\u00e9l nem fizet t\u00f6bb ad\u00f3t \u00e9s v\u00e1md\u00edjat. (Ha fizetni kell, visszafizetj\u00fck)<\/li>\n<li>A nemzetk\u00f6zi sz\u00e1ll\u00edt\u00e1s meglehet\u0151sen bonyolult, igyeksz\u00fcnk minden probl\u00e9m\u00e1j\u00e1t feldolgozni. Ha azonban rendel\u00e9se probl\u00e9m\u00e1ba \u00fctk\u00f6zik, k\u00e9rj\u00fck, vegye fel vel\u00fcnk a kapcsolatot e-mailben<\/li>\n<li><span data-text-color=\"alert\"><strong>Megrendel\u00e9s t\u00f6rl\u00e9se:<\/strong><\/span> Ha le kell mondania a rendel\u00e9st, a lehet\u0151 leghamarabb vegye fel vel\u00fcnk a kapcsolatot a contact@pay.lpwstore.com e-mail c\u00edmen. A megrendel\u00e9st 48 \u00f3r\u00e1ig nem \u00e1ll m\u00f3dunkban le\u00e1ll\u00edtani<\/li>\n<\/ul>\n<h4><strong>HI\u00c1NYZ\u00d3 R\u00c9SZEK<\/strong><\/h4>\n<p>All parts of SY 6297 Going Merry Straw Hat Ship \u00a0are quality checked before shipping, so if you find some missing or damaged parts, don&#8217;t worry. Please contact us and we will send them to you without any fees, or we will offer a small refund for you to buy in other places.<\/p>\n<p><figure id=\"attachment_185945\" aria-describedby=\"caption-attachment-185945\" style=\"width: 1020px\" class=\"wp-caption alignnone\"><img decoding=\"async\" class=\"size-large wp-image-185945\" src=\"https:\/\/pay.lpwstore.com\/wp-content\/uploads\/2020\/03\/SY-6297-Going-Merry-Straw-Hat-Ship-1-1024x1024.jpg\" alt=\"-\" width=\"1020\" height=\"1020\" title=\"-\"><figcaption id=\"caption-attachment-185945\" class=\"wp-caption-text\">SY 6297 Going Merry Straw Hat Ship<\/figcaption><\/figure><figure id=\"attachment_185946\" aria-describedby=\"caption-attachment-185946\" style=\"width: 800px\" class=\"wp-caption alignnone\"><img decoding=\"async\" class=\"size-full wp-image-185946\" src=\"https:\/\/pay.lpwstore.com\/wp-content\/uploads\/2020\/03\/SY-6297-Going-Merry-Straw-Hat-Ship-1.png\" alt=\"-\" width=\"800\" height=\"800\" title=\"-\"><figcaption id=\"caption-attachment-185946\" class=\"wp-caption-text\">SY 6297 Going Merry Straw Hat Ship<\/figcaption><\/figure><figure id=\"attachment_185947\" aria-describedby=\"caption-attachment-185947\" style=\"width: 800px\" class=\"wp-caption alignnone\"><img loading=\"lazy\" decoding=\"async\" class=\"size-full wp-image-185947\" src=\"https:\/\/pay.lpwstore.com\/wp-content\/uploads\/2020\/03\/SY-6297-Going-Merry-Straw-Hat-Ship-2.jpg\" alt=\"-\" width=\"800\" height=\"800\" title=\"-\"><figcaption id=\"caption-attachment-185947\" class=\"wp-caption-text\">SY 6297 Going Merry Straw Hat Ship<\/figcaption><\/figure><figure id=\"attachment_186441\" aria-describedby=\"caption-attachment-186441\" style=\"width: 800px\" class=\"wp-caption alignnone\"><img loading=\"lazy\" decoding=\"async\" class=\"size-full wp-image-186441\" src=\"https:\/\/pay.lpwstore.com\/wp-content\/uploads\/2020\/03\/t\u1ea3i-xu\u1ed1ng-5.png\" alt=\"-\" width=\"800\" height=\"800\" title=\"-\"><figcaption id=\"caption-attachment-186441\" class=\"wp-caption-text\">SY 6297 Going Merry Straw Hat Ship<\/figcaption><\/figure><figure id=\"attachment_186442\" aria-describedby=\"caption-attachment-186442\" style=\"width: 800px\" class=\"wp-caption alignnone\"><img loading=\"lazy\" decoding=\"async\" class=\"size-large wp-image-186442\" src=\"https:\/\/pay.lpwstore.com\/wp-content\/uploads\/2020\/03\/t\u1ea3i-xu\u1ed1ng-6.png\" alt=\"-\" width=\"800\" height=\"800\" title=\"-\"><figcaption id=\"caption-attachment-186442\" class=\"wp-caption-text\">SY 6297 Going Merry Straw Hat Ship<\/figcaption><\/figure><figure id=\"attachment_186443\" aria-describedby=\"caption-attachment-186443\" style=\"width: 800px\" class=\"wp-caption alignnone\"><img loading=\"lazy\" decoding=\"async\" class=\"size-large wp-image-186443\" src=\"https:\/\/pay.lpwstore.com\/wp-content\/uploads\/2020\/03\/t\u1ea3i-xu\u1ed1ng-7.png\" alt=\"-\" width=\"800\" height=\"800\" title=\"-\"><figcaption id=\"caption-attachment-186443\" class=\"wp-caption-text\">SY 6297 Going Merry Straw Hat Ship<\/figcaption><\/figure><\/p>","protected":false},"excerpt":{"rendered":"<h3><strong>SY 6297 Going Merry Straw Hat Ship<\/strong><\/h3>\n<h3><span data-text-color=\"alert\"><strong>In Stock! Limited Stock!<\/strong><\/span><\/h3>\n<ul>\n<li>T\u00e9gla mennyis\u00e9ge: <strong>1048+ <\/strong>db<\/li>\n<li>Szolg\u00e1ltat\u00e1s: Ingyenes cserealkatr\u00e9szek<\/li>\n<li>Megjegyz\u00e9s: Nincs eredeti doboz, haszn\u00e1ljon bubor\u00e9kzacsk\u00f3t vagy \u00fcres kartondobozt.<\/li>\n<\/ul>\n<div id=\"gtx-trans\" style=\"position: absolute; left: 135px; top: 139.469px;\">\n<div class=\"gtx-trans-icon\"><\/div>\n<\/div>","protected":false},"featured_media":13768,"comment_status":"open","ping_status":"closed","template":"","meta":{"_acf_changed":false},"product_cat":[15],"product_tag":[],"class_list":["product","first","outofstock","shipping-taxable","purchasable","product-type-simple"],"acf":[],"_links":{"self":[{"href":"https:\/\/mouldking.store\/hu\/wp-json\/wp\/v2\/product\/13767","targetHints":{"allow":["GET"]}}],"collection":[{"href":"https:\/\/mouldking.store\/hu\/wp-json\/wp\/v2\/product"}],"about":[{"href":"https:\/\/mouldking.store\/hu\/wp-json\/wp\/v2\/types\/product"}],"replies":[{"embeddable":true,"href":"https:\/\/mouldking.store\/hu\/wp-json\/wp\/v2\/comments?post=13767"}],"wp:featuredmedia":[{"embeddable":true,"href":"https:\/\/mouldking.store\/hu\/wp-json\/wp\/v2\/media\/13768"}],"wp:attachment":[{"href":"https:\/\/mouldking.store\/hu\/wp-json\/wp\/v2\/media?parent=13767"}],"wp:term":[{"taxonomy":"product_cat","embeddable":true,"href":"https:\/\/mouldking.store\/hu\/wp-json\/wp\/v2\/product_cat?post=13767"},{"taxonomy":"product_tag","embeddable":true,"href":"https:\/\/mouldking.store\/hu\/wp-json\/wp\/v2\/product_tag?post=13767"}],"curies":[{"name":"wp","href":"https:\/\/api.w.org\/{rel}","templated":true}]}}