{"id":13810,"date":"2021-09-28T02:58:21","date_gmt":"2021-09-28T02:58:21","guid":{"rendered":"https:\/\/mouldking.store\/product\/sembo-701804-range-rover-aurora-car-5743043"},"modified":"2021-12-23T09:54:34","modified_gmt":"2021-12-23T09:54:34","slug":"sembo-701804-range-rover-aurora-car","status":"publish","type":"product","link":"https:\/\/mouldking.store\/hu\/shop\/sembo-701804-range-rover-aurora-car\/","title":{"rendered":"Sembo 701804 Range Rover Aurora aut\u00f3"},"content":{"rendered":"<div class=\"richtext_wrap\">\n<div class=\"richtext\">A Land Rover Aurora Backbike a versenysorozat \u00e9p\u00edt\u0151kocka k\u00e9szlet\u00e9hez tartozik, a teljes k\u00e9szlet 813 darab \u00e9p\u00edt\u0151elem r\u00e9szecsk\u00e9t tartalmaz. El\u0151sz\u00f6r 2020-ban indult.<\/div>\n<div>\n<figure id=\"attachment_186125\" aria-describedby=\"caption-attachment-186125\" style=\"width: 1344px\" class=\"wp-caption aligncenter\"><img fetchpriority=\"high\" decoding=\"async\" class=\"size-full wp-image-186125\" title=\"Sembo 701804 Range Rover Aurora aut\u00f3\" src=\"https:\/\/pay.lpwstore.com\/wp-content\/uploads\/2020\/04\/sembo-701804-range-rover-aurora-car-081503.jpg\" alt=\"Sembo 701804 Range Rover Aurora Car\" width=\"1344\" height=\"896\" \/><figcaption id=\"caption-attachment-186125\" class=\"wp-caption-text\">Sembo 701804 Range Rover Aurora aut\u00f3<\/figcaption><\/figure>\n<\/div>\n<\/div>","protected":false},"excerpt":{"rendered":"<ul>\n<li>Tartalmazza <strong>813<\/strong>\u00a0PCS<\/li>\n<li>K\u00e9zi utas\u00edt\u00e1s tartalmazza<\/li>\n<li>Kiv\u00e1l\u00f3 min\u0151s\u00e9g\u0171 ABS blokk<\/li>\n<\/ul>","protected":false},"featured_media":13811,"comment_status":"open","ping_status":"closed","template":"","meta":{"_acf_changed":false},"product_cat":[],"product_tag":[],"class_list":["product","first","instock","shipping-taxable","purchasable","product-type-simple"],"acf":[],"_links":{"self":[{"href":"https:\/\/mouldking.store\/hu\/wp-json\/wp\/v2\/product\/13810","targetHints":{"allow":["GET"]}}],"collection":[{"href":"https:\/\/mouldking.store\/hu\/wp-json\/wp\/v2\/product"}],"about":[{"href":"https:\/\/mouldking.store\/hu\/wp-json\/wp\/v2\/types\/product"}],"replies":[{"embeddable":true,"href":"https:\/\/mouldking.store\/hu\/wp-json\/wp\/v2\/comments?post=13810"}],"wp:featuredmedia":[{"embeddable":true,"href":"https:\/\/mouldking.store\/hu\/wp-json\/wp\/v2\/media\/13811"}],"wp:attachment":[{"href":"https:\/\/mouldking.store\/hu\/wp-json\/wp\/v2\/media?parent=13810"}],"wp:term":[{"taxonomy":"product_cat","embeddable":true,"href":"https:\/\/mouldking.store\/hu\/wp-json\/wp\/v2\/product_cat?post=13810"},{"taxonomy":"product_tag","embeddable":true,"href":"https:\/\/mouldking.store\/hu\/wp-json\/wp\/v2\/product_tag?post=13810"}],"curies":[{"name":"wp","href":"https:\/\/api.w.org\/{rel}","templated":true}]}}