{"id":13816,"date":"2021-09-28T02:58:34","date_gmt":"2021-09-28T02:58:34","guid":{"rendered":"https:\/\/mouldking.store\/product\/builo-qc007-container-truck-shineyu-1-10-9208536"},"modified":"2021-10-11T03:01:18","modified_gmt":"2021-10-11T03:01:18","slug":"builo-qc007-container-truck-shineyu-1-10","status":"publish","type":"product","link":"https:\/\/mouldking.store\/hu\/shop\/builo-qc007-container-truck-shineyu-1-10\/","title":{"rendered":"BUILO QC007 kont\u00e9nersz\u00e1ll\u00edt\u00f3 teheraut\u00f3 ShineYu 1 10"},"content":{"rendered":"<p><strong>TERM\u00c9K LE\u00cdR\u00c1S<\/strong><\/p>\n<p>A BUILO QC007 Container Truck ShineYu 1 10 a Container Truck ShineYu alapja 1:10 ar\u00e1nyban. Ez egy fantasztikus t\u00e9glak\u00e9szlet BUILO QC007 Container Truck ShineYu 1 10<\/p>\n<figure id=\"attachment_186738\" aria-describedby=\"caption-attachment-186738\" style=\"width: 1024px\" class=\"wp-caption alignnone\"><img fetchpriority=\"high\" decoding=\"async\" class=\"size-full wp-image-186738\" src=\"https:\/\/pay.lpwstore.com\/wp-content\/uploads\/2020\/04\/volvo-fh540-container-truck-w-206526_1.jpg\" alt=\"-\" width=\"1024\" height=\"576\" title=\"-\"><figcaption id=\"caption-attachment-186738\" class=\"wp-caption-text\">BUILO QC007 kont\u00e9nersz\u00e1ll\u00edt\u00f3 teheraut\u00f3 ShineYu 1 10<\/figcaption><\/figure>\n<ul>\n<li>+ 2875 darab kiv\u00e1l\u00f3 min\u0151s\u00e9g\u0171 100% ABS m\u0171anyag t\u00e9gl\u00e1b\u00f3l, gyermekek sz\u00e1m\u00e1ra biztons\u00e1gos, hossz\u00fa j\u00e1t\u00e9kid\u0151, 100% kompatibilis m\u00e1s t\u00e9glam\u00e1rk\u00e1kkal<\/li>\n<li><span style=\"font-size: 14.4px;\">K\u00f6nnyen meg\u00e9p\u00edthet\u0151 a BUILO QC007 Container Truck ShineYu 1 10 k\u00e9zi utas\u00edt\u00e1s\u00e1val <\/span><span style=\"font-size: 14.4px; color: #555555;\">t\u00e9gl\u00e1r\u00f3l t\u00e9gl\u00e1ra \u00fatmutat\u00f3val \u00e9s kiv\u00e1l\u00f3 min\u0151s\u00e9g\u0171 k\u00e9pekkel<\/span><\/li>\n<li><span style=\"font-size: 14.4px;\">A BUILO QC007 Container Truck ShineYu 1 10 teljes m\u00e9retei:<\/span><\/li>\n<\/ul>\n<h4><strong>SZ\u00c1LL\u00cdT\u00c1S \u00c9S VISSZAT\u00c9R\u00c9S<\/strong><\/h4>\n<p>Garanci\u00e1t v\u00e1llalunk a BUILO QC007 Container Truck ShineYu 1 10-re<\/p>\n<ul>\n<li>Teljes visszat\u00e9r\u00edt\u00e9s, ha nem kapja meg megrendel\u00e9s\u00e9t<\/li>\n<li>Ingyenes gondoskodni a hi\u00e1nyz\u00f3 darabok vagy k\u00e9zik\u00f6nyv k\u00f6nyv<\/li>\n<li>Az \u00dcgyf\u00e9l nem fizet t\u00f6bb ad\u00f3t \u00e9s v\u00e1md\u00edjat. (Ha fizetni kell, visszafizetj\u00fck)<\/li>\n<li>A nemzetk\u00f6zi sz\u00e1ll\u00edt\u00e1s meglehet\u0151sen bonyolult, igyeksz\u00fcnk minden probl\u00e9m\u00e1j\u00e1t feldolgozni. Ha azonban rendel\u00e9se probl\u00e9m\u00e1ba \u00fctk\u00f6zik, k\u00e9rj\u00fck, vegye fel vel\u00fcnk a kapcsolatot e-mailben<\/li>\n<li><span data-text-color=\"alert\"><strong>Megrendel\u00e9s t\u00f6rl\u00e9se:<\/strong><\/span> Ha le kell mondania a rendel\u00e9st, a lehet\u0151 leghamarabb vegye fel vel\u00fcnk a kapcsolatot a contact@pay.lpwstore.com e-mail c\u00edmen. A megrendel\u00e9st 48 \u00f3r\u00e1ig nem \u00e1ll m\u00f3dunkban le\u00e1ll\u00edtani<\/li>\n<\/ul>\n<h4><strong>HI\u00c1NYZ\u00d3 R\u00c9SZEK<\/strong><\/h4>\n<p>A BUILO QC007 Container Truck ShineYu 1 10 minden alkatr\u00e9sz\u00e9t min\u0151s\u00e9gellen\u0151rzik a sz\u00e1ll\u00edt\u00e1s el\u0151tt, \u00edgy ha hi\u00e1nyz\u00f3 vagy s\u00e9r\u00fclt alkatr\u00e9szt tal\u00e1l, ne agg\u00f3djon. K\u00e9rj\u00fck, vegye fel vel\u00fcnk a kapcsolatot, \u00e9s mi d\u00edjmentesen elk\u00fcldj\u00fck \u00d6nnek, vagy kis visszat\u00e9r\u00edt\u00e9st aj\u00e1nlunk, ha m\u00e1shol v\u00e1s\u00e1rolhat.<\/p>\n<p>BUILO QC007 kont\u00e9nersz\u00e1ll\u00edt\u00f3 teheraut\u00f3 ShineYu 1 10<img decoding=\"async\" class=\"alignnone size-full wp-image-197209\" src=\"https:\/\/pay.lpwstore.com\/wp-content\/uploads\/2020\/04\/BUILO-QC007-Container-Truck-ShineYu-1-10.jpg\" alt=\"BUILO-QC007-Container-Truck-ShineYu-1-10\" width=\"800\" height=\"800\" title=\"-\"> <img decoding=\"async\" class=\"alignnone size-full wp-image-197210\" src=\"https:\/\/pay.lpwstore.com\/wp-content\/uploads\/2020\/04\/BUILO-QC007-Container-Truck-ShineYu-1-10-v2.jpg\" alt=\"-\" width=\"800\" height=\"800\" title=\"-\"> <img loading=\"lazy\" decoding=\"async\" class=\"alignnone size-full wp-image-197211\" src=\"https:\/\/pay.lpwstore.com\/wp-content\/uploads\/2020\/04\/BUILO-QC007-Container-Truck-ShineYu-1-10-v3.jpg\" alt=\"BUILO-QC007-Container-Truck-ShineYu-1-10-v3\" width=\"800\" height=\"800\" title=\"-\"> <img loading=\"lazy\" decoding=\"async\" class=\"alignnone size-full wp-image-197212\" src=\"https:\/\/pay.lpwstore.com\/wp-content\/uploads\/2020\/04\/BUILO-QC007-Container-Truck-ShineYu-1-10-v4.jpg\" alt=\"-\" width=\"800\" height=\"800\" title=\"-\"> <img loading=\"lazy\" decoding=\"async\" class=\"alignnone size-full wp-image-197213\" src=\"https:\/\/pay.lpwstore.com\/wp-content\/uploads\/2020\/04\/BUILO-QC007-Container-Truck-ShineYu-1-10-v5.jpg\" alt=\"-\" width=\"800\" height=\"800\" title=\"-\"><\/p>","protected":false},"excerpt":{"rendered":"<h3><strong>BUILO QC007 kont\u00e9nersz\u00e1ll\u00edt\u00f3 teheraut\u00f3 ShineYu 1 10<\/strong><\/h3>\n<ul>\n<li>T\u00e9gla mennyis\u00e9ge: <strong>2949+ <\/strong>db<\/li>\n<li>Szolg\u00e1ltat\u00e1s: Ingyenes cserealkatr\u00e9szek<\/li>\n<li>\u00c9rtes\u00edt\u00e9s: <span style=\"text-decoration: underline;\" data-text-color=\"alert\"><strong>Eredeti doboz nincs<\/strong><\/span>,Haszn\u00e1ljon bubor\u00e9kzacsk\u00f3t vagy \u00fcres kartondobozt.<\/li>\n<\/ul>\n<div id=\"gtx-anchor\" style=\"position: absolute; visibility: hidden; left: 10px; top: 72.2917px; width: 207.542px; height: 22.6667px;\"><\/div>\n<div class=\"jfk-bubble gtx-bubble\" style=\"visibility: visible; left: 99px; top: 105px; opacity: 1;\" role=\"alertdialog\" aria-describedby=\"bubble-2\">\n<div id=\"bubble-2\" class=\"jfk-bubble-content-id\">\n<div id=\"gtx-host\" style=\"min-width: 200px; max-width: 400px;\"><\/div>\n<\/div>\n<div class=\"jfk-bubble-closebtn-id jfk-bubble-closebtn\" tabindex=\"0\" role=\"button\" aria-label=\"Bez\u00e1r\u00e1s\"><\/div>\n<div class=\"jfk-bubble-arrow-id jfk-bubble-arrow jfk-bubble-arrowup\" style=\"left: 103.5px;\">\n<div class=\"jfk-bubble-arrowimplbefore\"><\/div>\n<div class=\"jfk-bubble-arrowimplafter\"><\/div>\n<\/div>\n<\/div>","protected":false},"featured_media":13817,"comment_status":"open","ping_status":"closed","template":"","meta":{"_acf_changed":false},"product_cat":[],"product_tag":[],"class_list":["product","first","outofstock","shipping-taxable","purchasable","product-type-variable","has-default-attributes"],"acf":[],"_links":{"self":[{"href":"https:\/\/mouldking.store\/hu\/wp-json\/wp\/v2\/product\/13816","targetHints":{"allow":["GET"]}}],"collection":[{"href":"https:\/\/mouldking.store\/hu\/wp-json\/wp\/v2\/product"}],"about":[{"href":"https:\/\/mouldking.store\/hu\/wp-json\/wp\/v2\/types\/product"}],"replies":[{"embeddable":true,"href":"https:\/\/mouldking.store\/hu\/wp-json\/wp\/v2\/comments?post=13816"}],"wp:featuredmedia":[{"embeddable":true,"href":"https:\/\/mouldking.store\/hu\/wp-json\/wp\/v2\/media\/13817"}],"wp:attachment":[{"href":"https:\/\/mouldking.store\/hu\/wp-json\/wp\/v2\/media?parent=13816"}],"wp:term":[{"taxonomy":"product_cat","embeddable":true,"href":"https:\/\/mouldking.store\/hu\/wp-json\/wp\/v2\/product_cat?post=13816"},{"taxonomy":"product_tag","embeddable":true,"href":"https:\/\/mouldking.store\/hu\/wp-json\/wp\/v2\/product_tag?post=13816"}],"curies":[{"name":"wp","href":"https:\/\/api.w.org\/{rel}","templated":true}]}}