{"id":13844,"date":"2021-09-28T02:59:04","date_gmt":"2021-09-28T02:59:04","guid":{"rendered":"https:\/\/mouldking.store\/product\/sembo-701023-audi-r8-sport-white-1-10-5570055"},"modified":"2021-10-11T03:01:18","modified_gmt":"2021-10-11T03:01:18","slug":"sembo-701023-audi-r8-sport-white-1-10","status":"publish","type":"product","link":"https:\/\/mouldking.store\/hu\/shop\/sembo-701023-audi-r8-sport-white-1-10\/","title":{"rendered":"SEMBO 701023 Audi R8 Sport White 1 10"},"content":{"rendered":"<p><strong>TERM\u00c9K LE\u00cdR\u00c1S<\/strong><\/p>\n<p>SEMBO 701023 Audi R8 Sport White 1 10 is based\u00a0 on Audi R8 Sport Car with ratio 1:10 .\u00a0 It&#8217;s an awesome Brick set Sembo 701023 Audi R8 Sport White 1 10<\/p>\n<ul>\n<li>+ 2768\u00a0 pieces made from high-quality 100% ABS plastic bricks, safe for children, long time to play, 100% compatible with other brick brands<\/li>\n<li><span style=\"font-size: 14.4px;\">Easy-to-build with manual instruction of Sembo 701023 Audi R8 Sport White 1 10 <\/span><span style=\"font-size: 14.4px; color: #555555;\">t\u00e9gl\u00e1r\u00f3l t\u00e9gl\u00e1ra \u00fatmutat\u00f3val \u00e9s kiv\u00e1l\u00f3 min\u0151s\u00e9g\u0171 k\u00e9pekkel<\/span><\/li>\n<li>Motor, Remote Control and Light are sell in separately, adding more $40<\/li>\n<li><span style=\"font-size: 14.4px;\">Full dimensions of Sembo 701023 Audi R8 Sport White 1 10:<\/span><\/li>\n<\/ul>\n<figure id=\"attachment_186705\" aria-describedby=\"caption-attachment-186705\" style=\"width: 1020px\" class=\"wp-caption alignnone\"><img fetchpriority=\"high\" decoding=\"async\" class=\"wp-image-186705 size-large\" src=\"https:\/\/pay.lpwstore.com\/wp-content\/uploads\/2020\/04\/S-701023-Audi-R8-Sport-White-1-10-10-1024x283.jpg\" alt=\"-\" width=\"1020\" height=\"282\" title=\"-\"><figcaption id=\"caption-attachment-186705\" class=\"wp-caption-text\">SEMBO 701023 Audi R8 Sport White 1 10<\/figcaption><\/figure>\n<h4><strong>SZ\u00c1LL\u00cdT\u00c1S \u00c9S VISSZAT\u00c9R\u00c9S<\/strong><\/h4>\n<p>We guarantee for Sembo 701023 Audi R8 Sport White 1 10<\/p>\n<ul>\n<li>Teljes visszat\u00e9r\u00edt\u00e9s, ha nem kapja meg megrendel\u00e9s\u00e9t<\/li>\n<li>Ingyenes gondoskodni a hi\u00e1nyz\u00f3 darabok vagy k\u00e9zik\u00f6nyv k\u00f6nyv<\/li>\n<li>Az \u00dcgyf\u00e9l nem fizet t\u00f6bb ad\u00f3t \u00e9s v\u00e1md\u00edjat. (Ha fizetni kell, visszafizetj\u00fck)<\/li>\n<li>A nemzetk\u00f6zi sz\u00e1ll\u00edt\u00e1s meglehet\u0151sen bonyolult, igyeksz\u00fcnk minden probl\u00e9m\u00e1j\u00e1t feldolgozni. Ha azonban rendel\u00e9se probl\u00e9m\u00e1ba \u00fctk\u00f6zik, k\u00e9rj\u00fck, vegye fel vel\u00fcnk a kapcsolatot e-mailben<\/li>\n<li><span data-text-color=\"alert\"><strong>Megrendel\u00e9s t\u00f6rl\u00e9se:<\/strong><\/span> Ha le kell mondania a rendel\u00e9st, a lehet\u0151 leghamarabb vegye fel vel\u00fcnk a kapcsolatot a contact@pay.lpwstore.com e-mail c\u00edmen. A megrendel\u00e9st 48 \u00f3r\u00e1ig nem \u00e1ll m\u00f3dunkban le\u00e1ll\u00edtani<\/li>\n<\/ul>\n<h4><strong>HI\u00c1NYZ\u00d3 R\u00c9SZEK<\/strong><\/h4>\n<p>All parts of Sembo 701023 Audi R8 Sport White 1 10 \u00a0are quality checked before shipping, so if you find some missing or damaged parts, don&#8217;t worry. Please contact us and we will send them to you without any fees, or we will offer a small refund for you to buy in other places.<\/p>\n<figure id=\"attachment_186696\" aria-describedby=\"caption-attachment-186696\" style=\"width: 1020px\" class=\"wp-caption alignnone\"><img decoding=\"async\" class=\"wp-image-186696 size-large\" src=\"https:\/\/pay.lpwstore.com\/wp-content\/uploads\/2020\/04\/S-701023-Audi-R8-Sport-White-1-10-1-1024x583.jpg\" alt=\"-\" width=\"1020\" height=\"581\" title=\"-\"><figcaption id=\"caption-attachment-186696\" class=\"wp-caption-text\">SEMBO 701023 Audi R8 Sport White 1 10<\/figcaption><\/figure>\n<figure id=\"attachment_186697\" aria-describedby=\"caption-attachment-186697\" style=\"width: 1020px\" class=\"wp-caption alignnone\"><img decoding=\"async\" class=\"wp-image-186697 size-large\" src=\"https:\/\/pay.lpwstore.com\/wp-content\/uploads\/2020\/04\/S-701023-Audi-R8-Sport-White-1-10-2-1024x606.jpg\" alt=\"-\" width=\"1020\" height=\"604\" title=\"-\"><figcaption id=\"caption-attachment-186697\" class=\"wp-caption-text\">SEMBO 701023 Audi R8 Sport White 1 10<\/figcaption><\/figure>\n<figure id=\"attachment_186698\" aria-describedby=\"caption-attachment-186698\" style=\"width: 1020px\" class=\"wp-caption alignnone\"><img loading=\"lazy\" decoding=\"async\" class=\"wp-image-186698 size-large\" src=\"https:\/\/pay.lpwstore.com\/wp-content\/uploads\/2020\/04\/S-701023-Audi-R8-Sport-White-1-10-3-1024x571.jpg\" alt=\"-\" width=\"1020\" height=\"569\" title=\"-\"><figcaption id=\"caption-attachment-186698\" class=\"wp-caption-text\">SEMBO 701023 Audi R8 Sport White 1 10<\/figcaption><\/figure>\n<figure id=\"attachment_186699\" aria-describedby=\"caption-attachment-186699\" style=\"width: 1020px\" class=\"wp-caption alignnone\"><img loading=\"lazy\" decoding=\"async\" class=\"wp-image-186699 size-large\" src=\"https:\/\/pay.lpwstore.com\/wp-content\/uploads\/2020\/04\/S-701023-Audi-R8-Sport-White-1-10-4-1024x576.jpg\" alt=\"-\" width=\"1020\" height=\"574\" title=\"-\"><figcaption id=\"caption-attachment-186699\" class=\"wp-caption-text\">SEMBO 701023 Audi R8 Sport White 1 10<\/figcaption><\/figure>\n<figure id=\"attachment_186700\" aria-describedby=\"caption-attachment-186700\" style=\"width: 1020px\" class=\"wp-caption alignnone\"><img loading=\"lazy\" decoding=\"async\" class=\"wp-image-186700 size-large\" src=\"https:\/\/pay.lpwstore.com\/wp-content\/uploads\/2020\/04\/S-701023-Audi-R8-Sport-White-1-10-5-1024x662.jpg\" alt=\"-\" width=\"1020\" height=\"659\" title=\"-\"><figcaption id=\"caption-attachment-186700\" class=\"wp-caption-text\">SEMBO 701023 Audi R8 Sport White 1 10<\/figcaption><\/figure>\n<figure id=\"attachment_186701\" aria-describedby=\"caption-attachment-186701\" style=\"width: 1020px\" class=\"wp-caption alignnone\"><img loading=\"lazy\" decoding=\"async\" class=\"wp-image-186701 size-large\" src=\"https:\/\/pay.lpwstore.com\/wp-content\/uploads\/2020\/04\/S-701023-Audi-R8-Sport-White-1-10-6-1024x491.jpg\" alt=\"-\" width=\"1020\" height=\"489\" title=\"-\"><figcaption id=\"caption-attachment-186701\" class=\"wp-caption-text\">SEMBO 701023 Audi R8 Sport White 1 10<\/figcaption><\/figure>\n<figure id=\"attachment_186702\" aria-describedby=\"caption-attachment-186702\" style=\"width: 1020px\" class=\"wp-caption alignnone\"><img loading=\"lazy\" decoding=\"async\" class=\"wp-image-186702 size-large\" src=\"https:\/\/pay.lpwstore.com\/wp-content\/uploads\/2020\/04\/S-701023-Audi-R8-Sport-White-1-10-7-1024x500.jpg\" alt=\"-\" width=\"1020\" height=\"498\" title=\"-\"><figcaption id=\"caption-attachment-186702\" class=\"wp-caption-text\">SEMBO 701023 Audi R8 Sport White 1 10<\/figcaption><\/figure>\n<figure id=\"attachment_186703\" aria-describedby=\"caption-attachment-186703\" style=\"width: 1020px\" class=\"wp-caption alignnone\"><img loading=\"lazy\" decoding=\"async\" class=\"wp-image-186703 size-large\" src=\"https:\/\/pay.lpwstore.com\/wp-content\/uploads\/2020\/04\/S-701023-Audi-R8-Sport-White-1-10-8-1024x500.jpg\" alt=\"-\" width=\"1020\" height=\"498\" title=\"-\"><figcaption id=\"caption-attachment-186703\" class=\"wp-caption-text\">SEMBO 701023 Audi R8 Sport White 1 10<\/figcaption><\/figure>\n<figure id=\"attachment_186704\" aria-describedby=\"caption-attachment-186704\" style=\"width: 1020px\" class=\"wp-caption alignnone\"><img loading=\"lazy\" decoding=\"async\" class=\"wp-image-186704 size-large\" src=\"https:\/\/pay.lpwstore.com\/wp-content\/uploads\/2020\/04\/S-701023-Audi-R8-Sport-White-1-10-9-1024x773.jpg\" alt=\"-\" width=\"1020\" height=\"770\" title=\"-\"><figcaption id=\"caption-attachment-186704\" class=\"wp-caption-text\">SEMBO 701023 Audi R8 Sport White 1 10<\/figcaption><\/figure>\n<figure id=\"attachment_186706\" aria-describedby=\"caption-attachment-186706\" style=\"width: 1020px\" class=\"wp-caption alignnone\"><img loading=\"lazy\" decoding=\"async\" class=\"wp-image-186706 size-large\" src=\"https:\/\/pay.lpwstore.com\/wp-content\/uploads\/2020\/04\/S-701023-Audi-R8-Sport-White-1-10-11-1024x497.jpg\" alt=\"-\" width=\"1020\" height=\"495\" title=\"-\"><figcaption id=\"caption-attachment-186706\" class=\"wp-caption-text\">SEMBO 701023 Audi R8 Sport White 1 10<\/figcaption><\/figure>\n<figure id=\"attachment_186708\" aria-describedby=\"caption-attachment-186708\" style=\"width: 1020px\" class=\"wp-caption alignnone\"><img loading=\"lazy\" decoding=\"async\" class=\"wp-image-186708 size-large\" src=\"https:\/\/pay.lpwstore.com\/wp-content\/uploads\/2020\/04\/S-701023-Audi-R8-Sport-White-1-10-13-1024x609.jpg\" alt=\"-\" width=\"1020\" height=\"607\" title=\"-\"><figcaption id=\"caption-attachment-186708\" class=\"wp-caption-text\">SEMBO 701023 Audi R8 Sport White 1 10<\/figcaption><\/figure>\n<figure id=\"attachment_186707\" aria-describedby=\"caption-attachment-186707\" style=\"width: 1020px\" class=\"wp-caption alignnone\"><img loading=\"lazy\" decoding=\"async\" class=\"wp-image-186707 size-large\" src=\"https:\/\/pay.lpwstore.com\/wp-content\/uploads\/2020\/04\/S-701023-Audi-R8-Sport-White-1-10-12-1024x991.jpg\" alt=\"-\" width=\"1020\" height=\"987\" title=\"-\"><figcaption id=\"caption-attachment-186707\" class=\"wp-caption-text\">SEMBO 701023 Audi R8 Sport White 1 10<\/figcaption><\/figure>","protected":false},"excerpt":{"rendered":"<h3><strong>SEMBO 701023 Audi R8 Sport White 1 10<\/strong><\/h3>\n<h3><span data-text-color=\"alert\"><strong>Available in May 2020<\/strong><\/span><\/h3>\n<h3><span data-text-color=\"alert\"><strong>NO (Motor &amp; Light version) (Motor &amp; Light cost 40$)<\/strong><\/span><\/h3>\n<ul>\n<li>T\u00e9gla mennyis\u00e9ge: <strong>2768+ <\/strong>db<\/li>\n<li>Szolg\u00e1ltat\u00e1s: Ingyenes cserealkatr\u00e9szek<\/li>\n<li>\u00c9rtes\u00edt\u00e9s: <span style=\"text-decoration: underline;\" data-text-color=\"alert\"><strong>Eredeti doboz nincs<\/strong><\/span>,Haszn\u00e1ljon bubor\u00e9kzacsk\u00f3t vagy \u00fcres kartondobozt.<\/li>\n<\/ul>\n<div id=\"gtx-trans\" style=\"position: absolute; left: 138px; top: 145.125px;\">\n<div class=\"gtx-trans-icon\"><\/div>\n<\/div>","protected":false},"featured_media":13845,"comment_status":"open","ping_status":"closed","template":"","meta":{"_acf_changed":false},"product_cat":[],"product_tag":[],"class_list":["product","first","outofstock","shipping-taxable","purchasable","product-type-variable","has-default-attributes"],"acf":[],"_links":{"self":[{"href":"https:\/\/mouldking.store\/hu\/wp-json\/wp\/v2\/product\/13844","targetHints":{"allow":["GET"]}}],"collection":[{"href":"https:\/\/mouldking.store\/hu\/wp-json\/wp\/v2\/product"}],"about":[{"href":"https:\/\/mouldking.store\/hu\/wp-json\/wp\/v2\/types\/product"}],"replies":[{"embeddable":true,"href":"https:\/\/mouldking.store\/hu\/wp-json\/wp\/v2\/comments?post=13844"}],"wp:featuredmedia":[{"embeddable":true,"href":"https:\/\/mouldking.store\/hu\/wp-json\/wp\/v2\/media\/13845"}],"wp:attachment":[{"href":"https:\/\/mouldking.store\/hu\/wp-json\/wp\/v2\/media?parent=13844"}],"wp:term":[{"taxonomy":"product_cat","embeddable":true,"href":"https:\/\/mouldking.store\/hu\/wp-json\/wp\/v2\/product_cat?post=13844"},{"taxonomy":"product_tag","embeddable":true,"href":"https:\/\/mouldking.store\/hu\/wp-json\/wp\/v2\/product_tag?post=13844"}],"curies":[{"name":"wp","href":"https:\/\/api.w.org\/{rel}","templated":true}]}}