{"id":13861,"date":"2021-09-28T02:59:13","date_gmt":"2021-09-28T02:59:13","guid":{"rendered":"https:\/\/mouldking.store\/product\/sy-6296-boa-hancock-kuja-pirate-ship-9650132"},"modified":"2021-12-23T09:54:33","modified_gmt":"2021-12-23T09:54:33","slug":"sy-6296-boa-hancock-kuja-pirate-ship","status":"publish","type":"product","link":"https:\/\/mouldking.store\/hu\/shop\/sy-6296-boa-hancock-kuja-pirate-ship\/","title":{"rendered":"SY 6296 Boa Hancock Kuja Pirate Ship"},"content":{"rendered":"<p><strong>TERM\u00c9K LE\u00cdR\u00c1S<\/strong><\/p>\n<p>SY 6296 Boa Hancock Kuja Pirate Ship is based\u00a0 on Boa Hancock Kuja Pirate Ship in One Piece manga &amp; Anime .\u00a0 It&#8217;s an awesome Brick set SY 6296 Boa Hancock Kuja Pirate Ship <img fetchpriority=\"high\" decoding=\"async\" class=\"alignnone size-full wp-image-186451\" src=\"https:\/\/pay.lpwstore.com\/wp-content\/uploads\/2020\/04\/kuja-pirates-ship.jpg\" alt=\"-\" width=\"454\" height=\"389\" title=\"-\"><\/p>\n<ul>\n<li>+ 1099\u00a0 pieces made from high-quality 100% ABS plastic bricks, safe for children, long time to play, 100% compatible with other brick brands<\/li>\n<li><span style=\"font-size: 14.4px;\">Easy-to-build with manual instruction of SY 6296 Boa Hancock Kuja Pirate Ship <\/span><span style=\"font-size: 14.4px; color: #555555;\">t\u00e9gl\u00e1r\u00f3l t\u00e9gl\u00e1ra \u00fatmutat\u00f3val \u00e9s kiv\u00e1l\u00f3 min\u0151s\u00e9g\u0171 k\u00e9pekkel<\/span><\/li>\n<li><span style=\"font-size: 14.4px;\">Full dimensions of SY 6296 Boa Hancock Kuja Pirate Ship:<\/span><\/li>\n<\/ul>\n<h4><strong>SZ\u00c1LL\u00cdT\u00c1S \u00c9S VISSZAT\u00c9R\u00c9S<\/strong><\/h4>\n<p>We guarantee for SY 6296 Boa Hancock Kuja Pirate Ship:<\/p>\n<ul>\n<li>Teljes visszat\u00e9r\u00edt\u00e9s, ha nem kapja meg megrendel\u00e9s\u00e9t<\/li>\n<li>Ingyenes gondoskodni a hi\u00e1nyz\u00f3 darabok vagy k\u00e9zik\u00f6nyv k\u00f6nyv<\/li>\n<li>Az \u00dcgyf\u00e9l nem fizet t\u00f6bb ad\u00f3t \u00e9s v\u00e1md\u00edjat. (Ha fizetni kell, visszafizetj\u00fck)<\/li>\n<li>A nemzetk\u00f6zi sz\u00e1ll\u00edt\u00e1s meglehet\u0151sen bonyolult, igyeksz\u00fcnk minden probl\u00e9m\u00e1j\u00e1t feldolgozni. Ha azonban rendel\u00e9se probl\u00e9m\u00e1ba \u00fctk\u00f6zik, k\u00e9rj\u00fck, vegye fel vel\u00fcnk a kapcsolatot e-mailben<\/li>\n<li><span data-text-color=\"alert\"><strong>Megrendel\u00e9s t\u00f6rl\u00e9se:<\/strong><\/span> Ha le kell mondania a rendel\u00e9st, a lehet\u0151 leghamarabb vegye fel vel\u00fcnk a kapcsolatot a contact@pay.lpwstore.com e-mail c\u00edmen. A megrendel\u00e9st 48 \u00f3r\u00e1ig nem \u00e1ll m\u00f3dunkban le\u00e1ll\u00edtani<\/li>\n<\/ul>\n<h4><strong>HI\u00c1NYZ\u00d3 R\u00c9SZEK<\/strong><\/h4>\n<p>All parts of SY 6296 Boa Hancock Kuja Pirate Ship \u00a0are quality checked before shipping, so if you find some missing or damaged parts, don&#8217;t worry. Please contact us and we will send them to you without any fees, or we will offer a small refund for you to buy in other places.<\/p>\n<p><figure id=\"attachment_186445\" aria-describedby=\"caption-attachment-186445\" style=\"width: 1009px\" class=\"wp-caption alignnone\"><img decoding=\"async\" class=\"size-large wp-image-186445\" src=\"https:\/\/pay.lpwstore.com\/wp-content\/uploads\/2020\/04\/SY-6296-Boa-Hancock-Kuja-Pirate-Ship-1-1009x1024.jpg\" alt=\"-\" width=\"1009\" height=\"1024\" title=\"-\"><figcaption id=\"caption-attachment-186445\" class=\"wp-caption-text\">SY 6296 Boa Hancock Kuja Pirate Ship<\/figcaption><\/figure><figure id=\"attachment_186446\" aria-describedby=\"caption-attachment-186446\" style=\"width: 800px\" class=\"wp-caption alignnone\"><img decoding=\"async\" class=\"size-large wp-image-186446\" src=\"https:\/\/pay.lpwstore.com\/wp-content\/uploads\/2020\/04\/SY-6296-Boa-Hancock-Kuja-Pirate-Ship-1.png\" alt=\"-\" width=\"800\" height=\"800\" title=\"-\"><figcaption id=\"caption-attachment-186446\" class=\"wp-caption-text\">SY 6296 Boa Hancock Kuja Pirate Ship<\/figcaption><\/figure><figure id=\"attachment_186447\" aria-describedby=\"caption-attachment-186447\" style=\"width: 800px\" class=\"wp-caption alignnone\"><img loading=\"lazy\" decoding=\"async\" class=\"size-large wp-image-186447\" src=\"https:\/\/pay.lpwstore.com\/wp-content\/uploads\/2020\/04\/SY-6296-Boa-Hancock-Kuja-Pirate-Ship-2.png\" alt=\"-\" width=\"800\" height=\"800\" title=\"-\"><figcaption id=\"caption-attachment-186447\" class=\"wp-caption-text\">SY 6296 Boa Hancock Kuja Pirate Ship<\/figcaption><\/figure><figure id=\"attachment_186448\" aria-describedby=\"caption-attachment-186448\" style=\"width: 800px\" class=\"wp-caption alignnone\"><img loading=\"lazy\" decoding=\"async\" class=\"size-large wp-image-186448\" src=\"https:\/\/pay.lpwstore.com\/wp-content\/uploads\/2020\/04\/SY-6296-Boa-Hancock-Kuja-Pirate-Ship-3.png\" alt=\"-\" width=\"800\" height=\"800\" title=\"-\"><figcaption id=\"caption-attachment-186448\" class=\"wp-caption-text\">SY 6296 Boa Hancock Kuja Pirate Ship<\/figcaption><\/figure><figure id=\"attachment_186449\" aria-describedby=\"caption-attachment-186449\" style=\"width: 800px\" class=\"wp-caption alignnone\"><img loading=\"lazy\" decoding=\"async\" class=\"size-large wp-image-186449\" src=\"https:\/\/pay.lpwstore.com\/wp-content\/uploads\/2020\/04\/SY-6296-Boa-Hancock-Kuja-Pirate-Ship-4.png\" alt=\"-\" width=\"800\" height=\"800\" title=\"-\"><figcaption id=\"caption-attachment-186449\" class=\"wp-caption-text\">SY 6296 Boa Hancock Kuja Pirate Ship<\/figcaption><\/figure><figure id=\"attachment_186450\" aria-describedby=\"caption-attachment-186450\" style=\"width: 640px\" class=\"wp-caption alignnone\"><img loading=\"lazy\" decoding=\"async\" class=\"size-large wp-image-186450\" src=\"https:\/\/pay.lpwstore.com\/wp-content\/uploads\/2020\/04\/SY-6296-Boa-Hancock-Kuja-Pirate-Ship-5.png\" alt=\"-\" width=\"640\" height=\"640\" title=\"-\"><figcaption id=\"caption-attachment-186450\" class=\"wp-caption-text\">SY 6296 Boa Hancock Kuja Pirate Ship<\/figcaption><\/figure><\/p>\n<div class=\"mceTemp\">\u00a0<\/div>","protected":false},"excerpt":{"rendered":"<h3><strong>SY 6296 Boa Hancock Kuja Pirate Ship<\/strong><\/h3>\n<h3><span data-text-color=\"alert\"><strong>In Stock! Limited Stock!<\/strong><\/span><\/h3>\n<ul>\n<li>T\u00e9gla mennyis\u00e9ge: <strong>1099+ <\/strong>db<\/li>\n<li>Szolg\u00e1ltat\u00e1s: Ingyenes cserealkatr\u00e9szek<\/li>\n<li>Megjegyz\u00e9s: Nincs eredeti doboz, haszn\u00e1ljon bubor\u00e9kzacsk\u00f3t vagy \u00fcres kartondobozt.<\/li>\n<\/ul>","protected":false},"featured_media":13862,"comment_status":"open","ping_status":"closed","template":"","meta":{"_acf_changed":false},"product_cat":[],"product_tag":[],"class_list":["product","first","instock","shipping-taxable","purchasable","product-type-simple"],"acf":[],"_links":{"self":[{"href":"https:\/\/mouldking.store\/hu\/wp-json\/wp\/v2\/product\/13861","targetHints":{"allow":["GET"]}}],"collection":[{"href":"https:\/\/mouldking.store\/hu\/wp-json\/wp\/v2\/product"}],"about":[{"href":"https:\/\/mouldking.store\/hu\/wp-json\/wp\/v2\/types\/product"}],"replies":[{"embeddable":true,"href":"https:\/\/mouldking.store\/hu\/wp-json\/wp\/v2\/comments?post=13861"}],"wp:featuredmedia":[{"embeddable":true,"href":"https:\/\/mouldking.store\/hu\/wp-json\/wp\/v2\/media\/13862"}],"wp:attachment":[{"href":"https:\/\/mouldking.store\/hu\/wp-json\/wp\/v2\/media?parent=13861"}],"wp:term":[{"taxonomy":"product_cat","embeddable":true,"href":"https:\/\/mouldking.store\/hu\/wp-json\/wp\/v2\/product_cat?post=13861"},{"taxonomy":"product_tag","embeddable":true,"href":"https:\/\/mouldking.store\/hu\/wp-json\/wp\/v2\/product_tag?post=13861"}],"curies":[{"name":"wp","href":"https:\/\/api.w.org\/{rel}","templated":true}]}}