{"id":13875,"date":"2021-09-28T02:59:29","date_gmt":"2021-09-28T02:59:29","guid":{"rendered":"https:\/\/mouldking.store\/product\/zhegao-ql0959-castle-in-the-sky-6512430"},"modified":"2021-12-23T09:54:33","modified_gmt":"2021-12-23T09:54:33","slug":"zhegao-ql0959-castle-in-the-sky","status":"publish","type":"product","link":"https:\/\/mouldking.store\/hu\/shop\/zhegao-ql0959-castle-in-the-sky\/","title":{"rendered":"ZHEGAO QL0959 Kast\u00e9ly az \u00e9gen"},"content":{"rendered":"<p><strong>TERM\u00c9K LE\u00cdR\u00c1S<\/strong><\/p>\n<p>ZHEGAO QL0959 Castle In The Sky is based\u00a0 on Castle In The Sky .\u00a0 It&#8217;s an awesome Brick set ZHEGAO QL0959 Castle In The Sky<\/p>\n<ul>\n<li>+ 3206\u00a0 pieces made from high-quality 100% ABS plastic bricks, safe for children, long time to play, 100% compatible with other brick brands<\/li>\n<li><span style=\"font-size: 14.4px;\">Easy-to-build with manual instruction of ZHEGAO QL0959 Castle In The Sky <\/span><span style=\"font-size: 14.4px; color: #555555;\">t\u00e9gl\u00e1r\u00f3l t\u00e9gl\u00e1ra \u00fatmutat\u00f3val \u00e9s kiv\u00e1l\u00f3 min\u0151s\u00e9g\u0171 k\u00e9pekkel<\/span><\/li>\n<li><span style=\"font-size: 14.4px;\">Full dimensions of ZHEGAO QL0959 Castle In The Sky:<\/span><\/li>\n<\/ul>\n<figure id=\"attachment_187779\" aria-describedby=\"caption-attachment-187779\" style=\"width: 468px\" class=\"wp-caption alignnone\"><img fetchpriority=\"high\" decoding=\"async\" class=\"size-full wp-image-187779\" src=\"https:\/\/pay.lpwstore.com\/wp-content\/uploads\/2020\/04\/ZHEGAO-QL0959-Castle-In-The-Sky-3.jpg\" alt=\"-\" width=\"468\" height=\"787\" title=\"-\"><figcaption id=\"caption-attachment-187779\" class=\"wp-caption-text\">ZHEGAO QL0959 Kast\u00e9ly az \u00e9gen<\/figcaption><\/figure>\n<h4><strong>SZ\u00c1LL\u00cdT\u00c1S \u00c9S VISSZAT\u00c9R\u00c9S<\/strong><\/h4>\n<p>We guarantee for ZHEGAO QL0959 Castle In The Sky<\/p>\n<ul>\n<li>Teljes visszat\u00e9r\u00edt\u00e9s, ha nem kapja meg megrendel\u00e9s\u00e9t<\/li>\n<li>Ingyenes gondoskodni a hi\u00e1nyz\u00f3 darabok vagy k\u00e9zik\u00f6nyv k\u00f6nyv<\/li>\n<li>Az \u00dcgyf\u00e9l nem fizet t\u00f6bb ad\u00f3t \u00e9s v\u00e1md\u00edjat. (Ha fizetni kell, visszafizetj\u00fck)<\/li>\n<li>A nemzetk\u00f6zi sz\u00e1ll\u00edt\u00e1s meglehet\u0151sen bonyolult, igyeksz\u00fcnk minden probl\u00e9m\u00e1j\u00e1t feldolgozni. Ha azonban rendel\u00e9se probl\u00e9m\u00e1ba \u00fctk\u00f6zik, k\u00e9rj\u00fck, vegye fel vel\u00fcnk a kapcsolatot e-mailben<\/li>\n<li><span data-text-color=\"alert\"><strong>Megrendel\u00e9s t\u00f6rl\u00e9se:<\/strong><\/span> Ha le kell mondania a rendel\u00e9st, a lehet\u0151 leghamarabb vegye fel vel\u00fcnk a kapcsolatot a contact@pay.lpwstore.com e-mail c\u00edmen. A megrendel\u00e9st 48 \u00f3r\u00e1ig nem \u00e1ll m\u00f3dunkban le\u00e1ll\u00edtani<\/li>\n<\/ul>\n<h4><strong>HI\u00c1NYZ\u00d3 R\u00c9SZEK<\/strong><\/h4>\n<p>All parts of ZHEGAO QL0959 Castle In The Sky \u00a0are quality checked before shipping, so if you find some missing or damaged parts, don&#8217;t worry. Please contact us and we will send them to you without any fees, or we will offer a small refund for you to buy in other places.<\/p>\n<figure id=\"attachment_187780\" aria-describedby=\"caption-attachment-187780\" style=\"width: 466px\" class=\"wp-caption alignnone\"><img decoding=\"async\" class=\"size-full wp-image-187780\" src=\"https:\/\/pay.lpwstore.com\/wp-content\/uploads\/2020\/04\/ZHEGAO-QL0959-Castle-In-The-Sky-4.jpg\" alt=\"-\" width=\"466\" height=\"391\" title=\"-\"><figcaption id=\"caption-attachment-187780\" class=\"wp-caption-text\">ZHEGAO QL0959 Kast\u00e9ly az \u00e9gen<\/figcaption><\/figure>\n<figure id=\"attachment_187781\" aria-describedby=\"caption-attachment-187781\" style=\"width: 474px\" class=\"wp-caption alignnone\"><img decoding=\"async\" class=\"size-full wp-image-187781\" src=\"https:\/\/pay.lpwstore.com\/wp-content\/uploads\/2020\/04\/ZHEGAO-QL0959-Castle-In-The-Sky-5.jpg\" alt=\"-\" width=\"474\" height=\"391\" title=\"-\"><figcaption id=\"caption-attachment-187781\" class=\"wp-caption-text\">ZHEGAO QL0959 Kast\u00e9ly az \u00e9gen<\/figcaption><\/figure>\n<figure id=\"attachment_187783\" aria-describedby=\"caption-attachment-187783\" style=\"width: 981px\" class=\"wp-caption alignnone\"><img loading=\"lazy\" decoding=\"async\" class=\"size-large wp-image-187783\" src=\"https:\/\/pay.lpwstore.com\/wp-content\/uploads\/2020\/04\/ZHEGAO-QL0959-Castle-In-The-Sky-7-981x1024.jpg\" alt=\"-\" width=\"981\" height=\"1024\" title=\"-\"><figcaption id=\"caption-attachment-187783\" class=\"wp-caption-text\">ZHEGAO QL0959 Kast\u00e9ly az \u00e9gen<\/figcaption><\/figure>\n<figure id=\"attachment_187778\" aria-describedby=\"caption-attachment-187778\" style=\"width: 669px\" class=\"wp-caption alignnone\"><img loading=\"lazy\" decoding=\"async\" class=\"wp-image-187778\" src=\"https:\/\/pay.lpwstore.com\/wp-content\/uploads\/2020\/04\/ZHEGAO-QL0959-Castle-In-The-Sky-2.jpg\" alt=\"-\" width=\"669\" height=\"557\" title=\"-\"><figcaption id=\"caption-attachment-187778\" class=\"wp-caption-text\">ZHEGAO QL0959 Kast\u00e9ly az \u00e9gen<\/figcaption><\/figure>\n<figure id=\"attachment_187777\" aria-describedby=\"caption-attachment-187777\" style=\"width: 669px\" class=\"wp-caption alignnone\"><img loading=\"lazy\" decoding=\"async\" class=\"wp-image-187777\" src=\"https:\/\/pay.lpwstore.com\/wp-content\/uploads\/2020\/04\/ZHEGAO-QL0959-Castle-In-The-Sky-1.jpg\" alt=\"-\" width=\"669\" height=\"575\" title=\"-\"><figcaption id=\"caption-attachment-187777\" class=\"wp-caption-text\">ZHEGAO QL0959 Kast\u00e9ly az \u00e9gen<\/figcaption><\/figure>\n<figure id=\"attachment_187782\" aria-describedby=\"caption-attachment-187782\" style=\"width: 1020px\" class=\"wp-caption alignnone\"><img loading=\"lazy\" decoding=\"async\" class=\"size-large wp-image-187782\" src=\"https:\/\/pay.lpwstore.com\/wp-content\/uploads\/2020\/04\/ZHEGAO-QL0959-Castle-In-The-Sky-6-1024x764.jpg\" alt=\"-\" width=\"1020\" height=\"761\" title=\"-\"><figcaption id=\"caption-attachment-187782\" class=\"wp-caption-text\">ZHEGAO QL0959 Kast\u00e9ly az \u00e9gen<\/figcaption><\/figure>","protected":false},"excerpt":{"rendered":"<h3><strong>ZHEGAO QL0959 Kast\u00e9ly az \u00e9gen<\/strong><\/h3>\n<ul>\n<li>T\u00e9gla mennyis\u00e9ge: <strong>3206+ <\/strong>db<\/li>\n<li>Szolg\u00e1ltat\u00e1s: Ingyenes cserealkatr\u00e9szek<\/li>\n<li>\u00c9rtes\u00edt\u00e9s: <span style=\"text-decoration: underline;\" data-text-color=\"alert\"><strong>Eredeti doboz nincs<\/strong><\/span>,Haszn\u00e1ljon bubor\u00e9kzacsk\u00f3t vagy \u00fcres kartondobozt.<\/li>\n<\/ul>\n<div id=\"gtx-trans\" style=\"position: absolute; left: 567px; top: 231.625px;\">\n<div class=\"gtx-trans-icon\"><\/div>\n<\/div>","protected":false},"featured_media":13876,"comment_status":"open","ping_status":"closed","template":"","meta":{"_acf_changed":false},"product_cat":[],"product_tag":[],"class_list":["product","first","instock","shipping-taxable","purchasable","product-type-simple"],"acf":[],"_links":{"self":[{"href":"https:\/\/mouldking.store\/hu\/wp-json\/wp\/v2\/product\/13875","targetHints":{"allow":["GET"]}}],"collection":[{"href":"https:\/\/mouldking.store\/hu\/wp-json\/wp\/v2\/product"}],"about":[{"href":"https:\/\/mouldking.store\/hu\/wp-json\/wp\/v2\/types\/product"}],"replies":[{"embeddable":true,"href":"https:\/\/mouldking.store\/hu\/wp-json\/wp\/v2\/comments?post=13875"}],"wp:featuredmedia":[{"embeddable":true,"href":"https:\/\/mouldking.store\/hu\/wp-json\/wp\/v2\/media\/13876"}],"wp:attachment":[{"href":"https:\/\/mouldking.store\/hu\/wp-json\/wp\/v2\/media?parent=13875"}],"wp:term":[{"taxonomy":"product_cat","embeddable":true,"href":"https:\/\/mouldking.store\/hu\/wp-json\/wp\/v2\/product_cat?post=13875"},{"taxonomy":"product_tag","embeddable":true,"href":"https:\/\/mouldking.store\/hu\/wp-json\/wp\/v2\/product_tag?post=13875"}],"curies":[{"name":"wp","href":"https:\/\/api.w.org\/{rel}","templated":true}]}}