{"id":13893,"date":"2021-09-28T02:59:56","date_gmt":"2021-09-27T19:59:56","guid":{"rendered":"https:\/\/mouldking.store\/product\/zhegao-ql1803-the-black-eternal-pirate-ship-pirates-of-the-caribbean-5773987"},"modified":"2024-07-31T10:52:27","modified_gmt":"2024-07-31T03:52:27","slug":"zhegao-ql1803-the-black-eternal-pirate-ship-pirates-of-the-caribbean","status":"publish","type":"product","link":"https:\/\/mouldking.store\/hu\/shop\/zhegao-ql1803-the-black-eternal-pirate-ship-pirates-of-the-caribbean\/","title":{"rendered":"ZHEGAO QL1803 A fekete \u00f6r\u00f6k kal\u00f3zhaj\u00f3 \u2013 A Karib-tenger kal\u00f3zai"},"content":{"rendered":"","protected":false},"excerpt":{"rendered":"<ul>\n<li>Tartalmazza <strong>1334+<\/strong> Db<\/li>\n<li>K\u00e9zi utas\u00edt\u00e1s tartalmazza<\/li>\n<li>Kiv\u00e1l\u00f3 min\u0151s\u00e9g\u0171 blokk<\/li>\n<\/ul>","protected":false},"featured_media":13894,"comment_status":"open","ping_status":"closed","template":"","meta":{"_acf_changed":false},"product_cat":[15],"product_tag":[],"class_list":["product","first","instock","shipping-taxable","purchasable","product-type-simple"],"acf":[],"_links":{"self":[{"href":"https:\/\/mouldking.store\/hu\/wp-json\/wp\/v2\/product\/13893","targetHints":{"allow":["GET"]}}],"collection":[{"href":"https:\/\/mouldking.store\/hu\/wp-json\/wp\/v2\/product"}],"about":[{"href":"https:\/\/mouldking.store\/hu\/wp-json\/wp\/v2\/types\/product"}],"replies":[{"embeddable":true,"href":"https:\/\/mouldking.store\/hu\/wp-json\/wp\/v2\/comments?post=13893"}],"wp:featuredmedia":[{"embeddable":true,"href":"https:\/\/mouldking.store\/hu\/wp-json\/wp\/v2\/media\/13894"}],"wp:attachment":[{"href":"https:\/\/mouldking.store\/hu\/wp-json\/wp\/v2\/media?parent=13893"}],"wp:term":[{"taxonomy":"product_cat","embeddable":true,"href":"https:\/\/mouldking.store\/hu\/wp-json\/wp\/v2\/product_cat?post=13893"},{"taxonomy":"product_tag","embeddable":true,"href":"https:\/\/mouldking.store\/hu\/wp-json\/wp\/v2\/product_tag?post=13893"}],"curies":[{"name":"wp","href":"https:\/\/api.w.org\/{rel}","templated":true}]}}