{"id":13975,"date":"2021-09-28T03:01:33","date_gmt":"2021-09-27T20:01:33","guid":{"rendered":"https:\/\/mouldking.store\/product\/urge-10189-moc-34463-central-perk-big-bang-theory-building-by-brickpolis-5829179"},"modified":"2025-12-25T09:28:05","modified_gmt":"2025-12-25T02:28:05","slug":"urge-10189-moc-34463-central-perk-big-bang-theory-building-by-brickpolis","status":"publish","type":"product","link":"https:\/\/mouldking.store\/hu\/shop\/urge-10189-moc-34463-central-perk-big-bang-theory-building-by-brickpolis\/","title":{"rendered":"URGE 10189 MOC 34463 Central Perk Big Bang Theory Building by BrickPolis"},"content":{"rendered":"<p><strong>TERM\u00c9K LE\u00cdR\u00c1S<\/strong><\/p>\n<p>URGE 10189 MOC 34463 Central Perk Big Bang Theory Building is based\u00a0 on\u00a0 MOC 34463 Central Perk Big Bang Theory Building by Berthil on Rebrickable and Series Sitcoms .\u00a0 It&#8217;s an awesome Brick set URGE 10189 MOC 34463 Central Perk Big Bang Theory Building<\/p>\n<figure id=\"attachment_188741\" aria-describedby=\"caption-attachment-188741\" style=\"width: 1020px\" class=\"wp-caption alignnone\"><img fetchpriority=\"high\" decoding=\"async\" class=\"wp-image-188741 size-large\" src=\"https:\/\/pay.lpwstore.com\/wp-content\/uploads\/2020\/05\/91u9JiUqBEL._RI_-1024x768.jpg\" alt=\"-\" width=\"1020\" height=\"765\" title=\"-\"><figcaption id=\"caption-attachment-188741\" class=\"wp-caption-text\">Big Bang Theory Series Film<\/figcaption><\/figure>\n<ul>\n<li>+ 4638\u00a0 pieces made from high-quality 100% ABS plastic bricks, safe for children, long time to play, 100% compatible with other brick brands<\/li>\n<li><span style=\"font-size: 14.4px\">K\u00f6nnyen meg\u00e9p\u00edthet\u0151 az xxx k\u00e9zi utas\u00edt\u00e1s\u00e1val <\/span><span style=\"font-size: 14.4px;color: #555555\">t\u00e9gl\u00e1r\u00f3l t\u00e9gl\u00e1ra \u00fatmutat\u00f3val \u00e9s kiv\u00e1l\u00f3 min\u0151s\u00e9g\u0171 k\u00e9pekkel<\/span><\/li>\n<li><span style=\"font-size: 14.4px\">Full dimensions of URGE 10189 MOC 34463 Central Perk Big Bang Theory Building:<\/span><\/li>\n<\/ul>\n<h4><strong>SZ\u00c1LL\u00cdT\u00c1S \u00c9S VISSZAT\u00c9R\u00c9S<\/strong><\/h4>\n<p>We guarantee for URGE 10189 MOC 34463 Central Perk Big Bang Theory Building<\/p>\n<ul>\n<li>Teljes visszat\u00e9r\u00edt\u00e9s, ha nem kapja meg megrendel\u00e9s\u00e9t<\/li>\n<li>Ingyenes gondoskodni a hi\u00e1nyz\u00f3 darabok vagy k\u00e9zik\u00f6nyv k\u00f6nyv<\/li>\n<li>Az \u00dcgyf\u00e9l nem fizet t\u00f6bb ad\u00f3t \u00e9s v\u00e1md\u00edjat. (Ha fizetni kell, visszafizetj\u00fck)<\/li>\n<li>A nemzetk\u00f6zi sz\u00e1ll\u00edt\u00e1s meglehet\u0151sen bonyolult, igyeksz\u00fcnk minden probl\u00e9m\u00e1j\u00e1t feldolgozni. Ha azonban rendel\u00e9se probl\u00e9m\u00e1ba \u00fctk\u00f6zik, k\u00e9rj\u00fck, vegye fel vel\u00fcnk a kapcsolatot e-mailben<\/li>\n<li><span data-text-color=\"alert\"><strong>Megrendel\u00e9s t\u00f6rl\u00e9se:<\/strong><\/span> Ha le kell mondania a rendel\u00e9st, a lehet\u0151 leghamarabb vegye fel vel\u00fcnk a kapcsolatot a contact@pay.lpwstore.com e-mail c\u00edmen. A megrendel\u00e9st 48 \u00f3r\u00e1ig nem \u00e1ll m\u00f3dunkban le\u00e1ll\u00edtani<\/li>\n<\/ul>\n<h4><strong>HI\u00c1NYZ\u00d3 R\u00c9SZEK<\/strong><\/h4>\n<p>All parts of URGE 10189 MOC 34463 Central Perk Big Bang Theory Building \u00a0are quality checked before shipping, so if you find some missing or damaged parts, don&#8217;t worry. Please contact us and we will send them to you without any fees, or we will offer a small refund for you to buy in other places.<\/p>\n<h4><strong>PACKAGE<\/strong><\/h4>\n<p>URGE 10189 MOC 34463 Central Perk Big Bang Theory Building new in sealed Bag with Bubble Safty Packing (No original box, original box is too big and easy to be broken during shipping, and this will save cost for you. We promise to pack the blocks well.<\/p>\n<figure id=\"attachment_188740\" aria-describedby=\"caption-attachment-188740\" style=\"width: 832px\" class=\"wp-caption alignnone\"><img decoding=\"async\" class=\"size-full wp-image-188740\" src=\"https:\/\/pay.lpwstore.com\/wp-content\/uploads\/2020\/05\/WeChat-Image_20200517210813.jpg\" alt=\"-\" width=\"832\" height=\"832\" title=\"-\"><figcaption id=\"caption-attachment-188740\" class=\"wp-caption-text\">URGE 10189 MOC 34463 Central Perk Big Bang Theory Building<\/figcaption><\/figure>\n<figure id=\"attachment_188742\" aria-describedby=\"caption-attachment-188742\" style=\"width: 1020px\" class=\"wp-caption alignnone\"><img decoding=\"async\" class=\"size-large wp-image-188742\" src=\"https:\/\/pay.lpwstore.com\/wp-content\/uploads\/2020\/05\/URGE-10189-MOC-34463-Central-Perk-Big-Bang-Theory-Building-2-1024x634.jpg\" alt=\"-\" width=\"1020\" height=\"632\" title=\"-\"><figcaption id=\"caption-attachment-188742\" class=\"wp-caption-text\">URGE 10189 MOC 34463 Central Perk Big Bang Theory Building<\/figcaption><\/figure>\n<figure id=\"attachment_188743\" aria-describedby=\"caption-attachment-188743\" style=\"width: 1020px\" class=\"wp-caption alignnone\"><img loading=\"lazy\" decoding=\"async\" class=\"size-large wp-image-188743\" src=\"https:\/\/pay.lpwstore.com\/wp-content\/uploads\/2020\/05\/URGE-10189-MOC-34463-Central-Perk-Big-Bang-Theory-Building-3-1024x768.jpg\" alt=\"-\" width=\"1020\" height=\"765\" title=\"-\"><figcaption id=\"caption-attachment-188743\" class=\"wp-caption-text\">URGE 10189 MOC 34463 Central Perk Big Bang Theory Building<\/figcaption><\/figure>\n<figure id=\"attachment_188744\" aria-describedby=\"caption-attachment-188744\" style=\"width: 768px\" class=\"wp-caption alignnone\"><img loading=\"lazy\" decoding=\"async\" class=\"size-large wp-image-188744\" src=\"https:\/\/pay.lpwstore.com\/wp-content\/uploads\/2020\/05\/URGE-10189-MOC-34463-Central-Perk-Big-Bang-Theory-Building-4-768x1024.jpg\" alt=\"-\" width=\"768\" height=\"1024\" title=\"-\"><figcaption id=\"caption-attachment-188744\" class=\"wp-caption-text\">URGE 10189 MOC 34463 Central Perk Big Bang Theory Building<\/figcaption><\/figure>\n<figure id=\"attachment_188745\" aria-describedby=\"caption-attachment-188745\" style=\"width: 835px\" class=\"wp-caption alignnone\"><img loading=\"lazy\" decoding=\"async\" class=\"size-large wp-image-188745\" src=\"https:\/\/pay.lpwstore.com\/wp-content\/uploads\/2020\/05\/URGE-10189-MOC-34463-Central-Perk-Big-Bang-Theory-Building-5-835x1024.jpg\" alt=\"-\" width=\"835\" height=\"1024\" title=\"-\"><figcaption id=\"caption-attachment-188745\" class=\"wp-caption-text\">URGE 10189 MOC 34463 Central Perk Big Bang Theory Building<\/figcaption><\/figure>\n<figure id=\"attachment_188746\" aria-describedby=\"caption-attachment-188746\" style=\"width: 1020px\" class=\"wp-caption alignnone\"><img loading=\"lazy\" decoding=\"async\" class=\"size-large wp-image-188746\" src=\"https:\/\/pay.lpwstore.com\/wp-content\/uploads\/2020\/05\/URGE-10189-MOC-34463-Central-Perk-Big-Bang-Theory-Building-6-1024x683.jpg\" alt=\"-\" width=\"1020\" height=\"680\" title=\"-\"><figcaption id=\"caption-attachment-188746\" class=\"wp-caption-text\">URGE 10189 MOC 34463 Central Perk Big Bang Theory Building<\/figcaption><\/figure>\n<figure id=\"attachment_188747\" aria-describedby=\"caption-attachment-188747\" style=\"width: 1020px\" class=\"wp-caption alignnone\"><img loading=\"lazy\" decoding=\"async\" class=\"size-large wp-image-188747\" src=\"https:\/\/pay.lpwstore.com\/wp-content\/uploads\/2020\/05\/URGE-10189-MOC-34463-Central-Perk-Big-Bang-Theory-Building-7-1024x683.jpg\" alt=\"-\" width=\"1020\" height=\"680\" title=\"-\"><figcaption id=\"caption-attachment-188747\" class=\"wp-caption-text\">URGE 10189 MOC 34463 Central Perk Big Bang Theory Building<\/figcaption><\/figure>","protected":false},"excerpt":{"rendered":"<h3><strong>URGE 10189 MOC 34463 Central Perk Big Bang Theory Building<\/strong><\/h3>\n<ul>\n<li>T\u00e9gla mennyis\u00e9ge: <strong>4638+ <\/strong>db<\/li>\n<li>Szolg\u00e1ltat\u00e1s: Ingyenes cserealkatr\u00e9szek<\/li>\n<li>\u00c9rtes\u00edt\u00e9s: <span style=\"text-decoration: underline\" data-text-color=\"alert\"><strong>Eredeti doboz nincs<\/strong><\/span>,Haszn\u00e1ljon bubor\u00e9kzacsk\u00f3t vagy \u00fcres kartondobozt.<\/li>\n<\/ul>","protected":false},"featured_media":13976,"comment_status":"open","ping_status":"closed","template":"","meta":{"_acf_changed":false},"product_cat":[15],"product_tag":[4448],"class_list":["product","first","instock","shipping-taxable","purchasable","product-type-simple"],"acf":[],"_links":{"self":[{"href":"https:\/\/mouldking.store\/hu\/wp-json\/wp\/v2\/product\/13975","targetHints":{"allow":["GET"]}}],"collection":[{"href":"https:\/\/mouldking.store\/hu\/wp-json\/wp\/v2\/product"}],"about":[{"href":"https:\/\/mouldking.store\/hu\/wp-json\/wp\/v2\/types\/product"}],"replies":[{"embeddable":true,"href":"https:\/\/mouldking.store\/hu\/wp-json\/wp\/v2\/comments?post=13975"}],"wp:featuredmedia":[{"embeddable":true,"href":"https:\/\/mouldking.store\/hu\/wp-json\/wp\/v2\/media\/13976"}],"wp:attachment":[{"href":"https:\/\/mouldking.store\/hu\/wp-json\/wp\/v2\/media?parent=13975"}],"wp:term":[{"taxonomy":"product_cat","embeddable":true,"href":"https:\/\/mouldking.store\/hu\/wp-json\/wp\/v2\/product_cat?post=13975"},{"taxonomy":"product_tag","embeddable":true,"href":"https:\/\/mouldking.store\/hu\/wp-json\/wp\/v2\/product_tag?post=13975"}],"curies":[{"name":"wp","href":"https:\/\/api.w.org\/{rel}","templated":true}]}}