{"id":14078,"date":"2021-09-28T03:03:37","date_gmt":"2021-09-28T03:03:37","guid":{"rendered":"https:\/\/mouldking.store\/product\/dk-2102-moc-39933-lamborghini-centenario-black-hypercar-1-8-3415505"},"modified":"2025-12-25T09:28:05","modified_gmt":"2025-12-25T02:28:05","slug":"dk-2102-moc-39933-lamborghini-centenario-black-hypercar-1-8","status":"publish","type":"product","link":"https:\/\/mouldking.store\/hu\/shop\/dk-2102-moc-39933-lamborghini-centenario-black-hypercar-1-8\/","title":{"rendered":"DK 2102 MOC 39933 Lamborghini Centenario Black Hypercar 1 8"},"content":{"rendered":"<p><strong>TERM\u00c9K LE\u00cdR\u00c1S<\/strong><\/p>\n<p>MOC 39933 Lamborghini Centenario Black Hypercar 1 8 is based\u00a0 on \u00a0Lamborghini Centenario Black Hypercar and a design of Tlego .\u00a0 It&#8217;s an awesome Brick set MOC 39933 Lamborghini Centenario Black Hypercar 1 8<\/p>\n<figure id=\"attachment_187333\" aria-describedby=\"caption-attachment-187333\" style=\"width: 1020px\" class=\"wp-caption alignnone\"><img fetchpriority=\"high\" decoding=\"async\" class=\"wp-image-187333 size-large\" src=\"https:\/\/pay.lpwstore.com\/wp-content\/uploads\/2020\/04\/Screenshot_1-1024x558.png\" alt=\"-\" width=\"1020\" height=\"556\" title=\"-\"><figcaption id=\"caption-attachment-187333\" class=\"wp-caption-text\">Lamborghini Centenario Black Hypercar<\/figcaption><\/figure>\n<p>The new Lamborghini Centenario represents a new, extremely precious piece in Lamborghini&#8217;s Limited Series strategy. It is a perfect example of the innovative design and the engineering skills of the bull-branded manufacturer. The best tribute to the 100th anniversary of the birth of Mr. Ferruccio Lamborghini, a man who managed to create a world-class brand, and who always believed that nothing is impossible, thus producing legendary and extraordinary vehicles that made history for super sports cars. The Centenario is an homage to this visionary man and to the future he believed so much in. And we at Lamborghini still believe in that future. Find out more: from the performance to the dimensions to the unique characteristics to the detailed technical specifications of the Lamborghini Centenario.<\/p>\n<figure id=\"attachment_187319\" aria-describedby=\"caption-attachment-187319\" style=\"width: 1020px\" class=\"wp-caption alignnone\"><img decoding=\"async\" class=\"wp-image-187319 size-large\" src=\"https:\/\/pay.lpwstore.com\/wp-content\/uploads\/2020\/04\/MOC-39933-Lamborghini-Centenario-Black-Hypercar-1-8-2-1024x667.jpg\" alt=\"-\" width=\"1020\" height=\"664\" title=\"-\"><figcaption id=\"caption-attachment-187319\" class=\"wp-caption-text\">MOC 39933 Lamborghini Centenario Black Hypercar 1 8<\/figcaption><\/figure>\n<ul>\n<li>+ 3700\u00a0 pieces made from high-quality 100% ABS plastic bricks, safe for children, long time to play, 100% compatible with other brick brands<\/li>\n<li><span style=\"font-size: 14.4px;\">Easy-to-build with manual instruction of MOC 39933 Lamborghini Centenario Light Blue Cepheus Hypercar 1 8 <\/span><span style=\"font-size: 14.4px; color: #555555;\">t\u00e9gl\u00e1r\u00f3l t\u00e9gl\u00e1ra \u00fatmutat\u00f3val \u00e9s kiv\u00e1l\u00f3 min\u0151s\u00e9g\u0171 k\u00e9pekkel<\/span><\/li>\n<li><span style=\"font-size: 14.4px;\">Full dimensions of MOC 39933 Lamborghini Centenario Light Blue Cepheus Hypercar 1 8: The same with Bule Version<\/span><\/li>\n<\/ul>\n<figure id=\"attachment_187013\" aria-describedby=\"caption-attachment-187013\" style=\"width: 1020px\" class=\"wp-caption alignnone\"><img decoding=\"async\" class=\"wp-image-187013 size-large\" src=\"https:\/\/pay.lpwstore.com\/wp-content\/uploads\/2020\/04\/MOC-39933-Lamborghini-Centenario-Light-Blue-Cepheus-Hypercar-1-8-5-Copy-1024x519.png\" alt=\"-\" width=\"1020\" height=\"517\" title=\"-\"><figcaption id=\"caption-attachment-187013\" class=\"wp-caption-text\">MOC 39933 Lamborghini Centenario Light Blue Cepheus Hypercar 1 8 Size (Black version the same)<\/figcaption><\/figure>\n<blockquote><p>MOC Number: 39933<\/p><\/blockquote>\n<blockquote><p>Name: MOC 39933 Lamborghini Centenario Black Hypercar 1 8<\/p><\/blockquote>\n<blockquote><p>Designed by: T-Lego<\/p><\/blockquote>\n<blockquote><p>Designed year: 2020<\/p><\/blockquote>\n<blockquote><p>Number of part: 3789 parts<\/p><\/blockquote>\n<blockquote><p>Theme Technic &gt; Model<\/p><\/blockquote>\n<h4><strong>SZ\u00c1LL\u00cdT\u00c1S \u00c9S VISSZAT\u00c9R\u00c9S<\/strong><\/h4>\n<p>We guarantee for MOC 39933 Lamborghini Centenario Black Hypercar 1 8<\/p>\n<ul>\n<li>Teljes visszat\u00e9r\u00edt\u00e9s, ha nem kapja meg megrendel\u00e9s\u00e9t<\/li>\n<li>Ingyenes gondoskodni a hi\u00e1nyz\u00f3 darabok vagy k\u00e9zik\u00f6nyv k\u00f6nyv<\/li>\n<li>Az \u00dcgyf\u00e9l nem fizet t\u00f6bb ad\u00f3t \u00e9s v\u00e1md\u00edjat. (Ha fizetni kell, visszafizetj\u00fck)<\/li>\n<li>A nemzetk\u00f6zi sz\u00e1ll\u00edt\u00e1s meglehet\u0151sen bonyolult, igyeksz\u00fcnk minden probl\u00e9m\u00e1j\u00e1t feldolgozni. Ha azonban rendel\u00e9se probl\u00e9m\u00e1ba \u00fctk\u00f6zik, k\u00e9rj\u00fck, vegye fel vel\u00fcnk a kapcsolatot e-mailben<\/li>\n<li><span data-text-color=\"alert\"><strong>Megrendel\u00e9s t\u00f6rl\u00e9se:<\/strong><\/span> Ha le kell mondania a rendel\u00e9st, a lehet\u0151 leghamarabb vegye fel vel\u00fcnk a kapcsolatot a contact@pay.lpwstore.com e-mail c\u00edmen. A megrendel\u00e9st 48 \u00f3r\u00e1ig nem \u00e1ll m\u00f3dunkban le\u00e1ll\u00edtani<\/li>\n<\/ul>\n<h4><strong>HI\u00c1NYZ\u00d3 R\u00c9SZEK<\/strong><\/h4>\n<p>All parts of MOC 39933 Lamborghini Centenario Black Hypercar 1 8 \u00a0are quality checked before shipping, so if you find some missing or damaged parts, don&#8217;t worry. Please contact us and we will send them to you without any fees, or we will offer a small refund for you to buy in other places.<\/p>\n<figure id=\"attachment_187317\" aria-describedby=\"caption-attachment-187317\" style=\"width: 1020px\" class=\"wp-caption alignnone\"><img loading=\"lazy\" decoding=\"async\" class=\"size-large wp-image-187317\" src=\"https:\/\/pay.lpwstore.com\/wp-content\/uploads\/2020\/04\/MOC-39933-Lamborghini-Centenario-Black-Hypercar-1-8-1-1024x636.jpg\" alt=\"-\" width=\"1020\" height=\"634\" title=\"-\"><figcaption id=\"caption-attachment-187317\" class=\"wp-caption-text\">MOC 39933 Lamborghini Centenario Black Hypercar 1 8<\/figcaption><\/figure>\n<div class=\"mceTemp\"><\/div>\n<figure id=\"attachment_187321\" aria-describedby=\"caption-attachment-187321\" style=\"width: 1020px\" class=\"wp-caption alignnone\"><img loading=\"lazy\" decoding=\"async\" class=\"size-large wp-image-187321\" src=\"https:\/\/pay.lpwstore.com\/wp-content\/uploads\/2020\/04\/MOC-39933-Lamborghini-Centenario-Black-Hypercar-1-8-3-1024x693.jpg\" alt=\"-\" width=\"1020\" height=\"690\" title=\"-\"><figcaption id=\"caption-attachment-187321\" class=\"wp-caption-text\">MOC 39933 Lamborghini Centenario Black Hypercar 1 8<\/figcaption><\/figure>\n<figure id=\"attachment_187322\" aria-describedby=\"caption-attachment-187322\" style=\"width: 1020px\" class=\"wp-caption alignnone\"><img loading=\"lazy\" decoding=\"async\" class=\"size-large wp-image-187322\" src=\"https:\/\/pay.lpwstore.com\/wp-content\/uploads\/2020\/04\/MOC-39933-Lamborghini-Centenario-Black-Hypercar-1-8-4-1024x768.jpg\" alt=\"-\" width=\"1020\" height=\"765\" title=\"-\"><figcaption id=\"caption-attachment-187322\" class=\"wp-caption-text\">MOC 39933 Lamborghini Centenario Black Hypercar 1 8<\/figcaption><\/figure>\n<figure id=\"attachment_187323\" aria-describedby=\"caption-attachment-187323\" style=\"width: 1020px\" class=\"wp-caption alignnone\"><img loading=\"lazy\" decoding=\"async\" class=\"size-large wp-image-187323\" src=\"https:\/\/pay.lpwstore.com\/wp-content\/uploads\/2020\/04\/MOC-39933-Lamborghini-Centenario-Black-Hypercar-1-8-5-1024x768.jpg\" alt=\"-\" width=\"1020\" height=\"765\" title=\"-\"><figcaption id=\"caption-attachment-187323\" class=\"wp-caption-text\">MOC 39933 Lamborghini Centenario Black Hypercar 1 8<\/figcaption><\/figure>\n<figure id=\"attachment_187324\" aria-describedby=\"caption-attachment-187324\" style=\"width: 1020px\" class=\"wp-caption alignnone\"><img loading=\"lazy\" decoding=\"async\" class=\"size-large wp-image-187324\" src=\"https:\/\/pay.lpwstore.com\/wp-content\/uploads\/2020\/04\/MOC-39933-Lamborghini-Centenario-Black-Hypercar-1-8-6-1024x1024.jpg\" alt=\"-\" width=\"1020\" height=\"1020\" title=\"-\"><figcaption id=\"caption-attachment-187324\" class=\"wp-caption-text\">MOC 39933 Lamborghini Centenario Black Hypercar 1 8<\/figcaption><\/figure>\n<figure id=\"attachment_187327\" aria-describedby=\"caption-attachment-187327\" style=\"width: 1020px\" class=\"wp-caption alignnone\"><img loading=\"lazy\" decoding=\"async\" class=\"size-large wp-image-187327\" src=\"https:\/\/pay.lpwstore.com\/wp-content\/uploads\/2020\/04\/MOC-39933-Lamborghini-Centenario-Black-Hypercar-1-8-9-1024x768.jpg\" alt=\"-\" width=\"1020\" height=\"765\" title=\"-\"><figcaption id=\"caption-attachment-187327\" class=\"wp-caption-text\">MOC 39933 Lamborghini Centenario Black Hypercar 1 8<\/figcaption><\/figure>\n<figure id=\"attachment_187328\" aria-describedby=\"caption-attachment-187328\" style=\"width: 1020px\" class=\"wp-caption alignnone\"><img loading=\"lazy\" decoding=\"async\" class=\"size-large wp-image-187328\" src=\"https:\/\/pay.lpwstore.com\/wp-content\/uploads\/2020\/04\/MOC-39933-Lamborghini-Centenario-Black-Hypercar-1-8-10-1024x768.jpg\" alt=\"-\" width=\"1020\" height=\"765\" title=\"-\"><figcaption id=\"caption-attachment-187328\" class=\"wp-caption-text\">MOC 39933 Lamborghini Centenario Black Hypercar 1 8<\/figcaption><\/figure>\n<figure id=\"attachment_187329\" aria-describedby=\"caption-attachment-187329\" style=\"width: 1020px\" class=\"wp-caption alignnone\"><img loading=\"lazy\" decoding=\"async\" class=\"size-large wp-image-187329\" src=\"https:\/\/pay.lpwstore.com\/wp-content\/uploads\/2020\/04\/MOC-39933-Lamborghini-Centenario-Black-Hypercar-1-8-11-1024x636.jpg\" alt=\"-\" width=\"1020\" height=\"634\" title=\"-\"><figcaption id=\"caption-attachment-187329\" class=\"wp-caption-text\">MOC 39933 Lamborghini Centenario Black Hypercar 1 8<\/figcaption><\/figure>\n<figure id=\"attachment_187330\" aria-describedby=\"caption-attachment-187330\" style=\"width: 800px\" class=\"wp-caption alignnone\"><img loading=\"lazy\" decoding=\"async\" class=\"size-full wp-image-187330\" src=\"https:\/\/pay.lpwstore.com\/wp-content\/uploads\/2020\/04\/MOC-39933-Lamborghini-Centenario-Light-Blue-Cepheus-Hypercar-1-8-1-1.png\" alt=\"-\" width=\"800\" height=\"600\" title=\"-\"><figcaption id=\"caption-attachment-187330\" class=\"wp-caption-text\">MOC 39933 Lamborghini Centenario Black Hypercar 1 8<\/figcaption><\/figure>\n<figure id=\"attachment_187331\" aria-describedby=\"caption-attachment-187331\" style=\"width: 800px\" class=\"wp-caption alignnone\"><img loading=\"lazy\" decoding=\"async\" class=\"size-full wp-image-187331\" src=\"https:\/\/pay.lpwstore.com\/wp-content\/uploads\/2020\/04\/MOC-39933-Lamborghini-Centenario-Light-Blue-Cepheus-Hypercar-1-8-2-1.png\" alt=\"-\" width=\"800\" height=\"600\" title=\"-\"><figcaption id=\"caption-attachment-187331\" class=\"wp-caption-text\">MOC 39933 Lamborghini Centenario Black Hypercar 1 8<\/figcaption><\/figure>","protected":false},"excerpt":{"rendered":"<h3><strong>MOC 39933 Lamborghini Centenario Black Hypercar 1 8<\/strong><\/h3>\n<h3><span data-text-color=\"alert\"><strong>PRE-ORDER \/ Available in June 2020<\/strong><\/span><\/h3>\n<h3><span data-text-color=\"alert\"><strong>NO Motor version (Motor cost 35$)<\/strong><\/span><\/h3>\n<ul>\n<li>T\u00e9gla mennyis\u00e9ge: <strong>3700+ <\/strong>db<\/li>\n<li>Szolg\u00e1ltat\u00e1s: Ingyenes cserealkatr\u00e9szek<\/li>\n<li>\u00c9rtes\u00edt\u00e9s: <span style=\"text-decoration: underline;\" data-text-color=\"alert\"><strong>Eredeti doboz nincs<\/strong><\/span>,Haszn\u00e1ljon bubor\u00e9kzacsk\u00f3t vagy \u00fcres kartondobozt.<\/li>\n<\/ul>","protected":false},"featured_media":14079,"comment_status":"open","ping_status":"closed","template":"","meta":{"_acf_changed":false},"product_cat":[],"product_tag":[],"class_list":["product","first","instock","shipping-taxable","purchasable","product-type-simple"],"acf":[],"_links":{"self":[{"href":"https:\/\/mouldking.store\/hu\/wp-json\/wp\/v2\/product\/14078","targetHints":{"allow":["GET"]}}],"collection":[{"href":"https:\/\/mouldking.store\/hu\/wp-json\/wp\/v2\/product"}],"about":[{"href":"https:\/\/mouldking.store\/hu\/wp-json\/wp\/v2\/types\/product"}],"replies":[{"embeddable":true,"href":"https:\/\/mouldking.store\/hu\/wp-json\/wp\/v2\/comments?post=14078"}],"wp:featuredmedia":[{"embeddable":true,"href":"https:\/\/mouldking.store\/hu\/wp-json\/wp\/v2\/media\/14079"}],"wp:attachment":[{"href":"https:\/\/mouldking.store\/hu\/wp-json\/wp\/v2\/media?parent=14078"}],"wp:term":[{"taxonomy":"product_cat","embeddable":true,"href":"https:\/\/mouldking.store\/hu\/wp-json\/wp\/v2\/product_cat?post=14078"},{"taxonomy":"product_tag","embeddable":true,"href":"https:\/\/mouldking.store\/hu\/wp-json\/wp\/v2\/product_tag?post=14078"}],"curies":[{"name":"wp","href":"https:\/\/api.w.org\/{rel}","templated":true}]}}