{"id":14244,"date":"2021-09-28T03:05:48","date_gmt":"2021-09-28T03:05:48","guid":{"rendered":"https:\/\/mouldking.store\/product\/sembo-101213-101216-empires-of-steel-8337177"},"modified":"2021-12-23T09:54:32","modified_gmt":"2021-12-23T09:54:32","slug":"sembo-101213-101216-empires-of-steel","status":"publish","type":"product","link":"https:\/\/mouldking.store\/hu\/shop\/sembo-101213-101216-empires-of-steel\/","title":{"rendered":"SEMBO 101213 \u2013 101216 Ac\u00e9lbirodalmak"},"content":{"rendered":"<p><span>Iron Empire: 4 elef\u00e1nt tankrombol\u00f3, tigris neh\u00e9z tankok, tigrisvad\u00e1sz neh\u00e9z tankrombol\u00f3k \u00e9s a Tigers neh\u00e9ztank (Empires of Steel) az \u00e9p\u00edt\u0151elem-k\u00e9szletek katonai sorozat\u00e1ba tartoznak. A teljes k\u00e9szlet 957 \u00e9p\u00edt\u0151elem r\u00e9szecsk\u00e9t tartalmaz.\u00a0<\/span><span>El\u0151sz\u00f6r 2018-ban ind\u00edtott\u00e1k el.<\/span><\/p>\n<p><img fetchpriority=\"high\" decoding=\"async\" class=\"size-full wp-image-190882 aligncenter\" src=\"https:\/\/pay.lpwstore.com\/wp-content\/uploads\/2020\/06\/SEMBO-101213-101216-Empires-of-Steel.jpg\" alt=\"SEMBO-101213---101216-Empires-of-Steel\" width=\"800\" height=\"800\" title=\"-\"> <img decoding=\"async\" class=\"size-full wp-image-190885 aligncenter\" src=\"https:\/\/pay.lpwstore.com\/wp-content\/uploads\/2020\/06\/SEMBO-101213-101216-Empires-of-Steel-4.jpg\" alt=\"-\" width=\"800\" height=\"800\" title=\"-\"> <img decoding=\"async\" class=\"size-full wp-image-190884 aligncenter\" src=\"https:\/\/pay.lpwstore.com\/wp-content\/uploads\/2020\/06\/SEMBO-101213-101216-Empires-of-Steel-3.jpg\" alt=\"-\" width=\"800\" height=\"800\" title=\"-\"> <img loading=\"lazy\" decoding=\"async\" class=\"size-full wp-image-190886 aligncenter\" src=\"https:\/\/pay.lpwstore.com\/wp-content\/uploads\/2020\/06\/SEMBO-101213-101216-Empires-of-Steel-5.jpg\" alt=\"-\" width=\"790\" height=\"1092\" title=\"-\"> <img loading=\"lazy\" decoding=\"async\" class=\"size-full wp-image-190887 aligncenter\" src=\"https:\/\/pay.lpwstore.com\/wp-content\/uploads\/2020\/06\/SEMBO-101213-101216-Empires-of-Steel-6.jpg\" alt=\"-\" width=\"790\" height=\"1092\" title=\"-\"> <img loading=\"lazy\" decoding=\"async\" class=\"size-full wp-image-190888 aligncenter\" src=\"https:\/\/pay.lpwstore.com\/wp-content\/uploads\/2020\/06\/SEMBO-101213-101216-Empires-of-Steel-7.jpg\" alt=\"-\" width=\"790\" height=\"1092\" title=\"-\"> <img loading=\"lazy\" decoding=\"async\" class=\"size-full wp-image-190889 aligncenter\" src=\"https:\/\/pay.lpwstore.com\/wp-content\/uploads\/2020\/06\/SEMBO-101213-101216-Empires-of-Steel-8.jpg\" alt=\"-\" width=\"790\" height=\"1092\" title=\"-\"><\/p>","protected":false},"excerpt":{"rendered":"<ul>\n<li>Tartalmazza <strong>957+<\/strong> db<\/li>\n<li>K\u00e9zi haszn\u00e1lati \u00fatmutat\u00f3<\/li>\n<li>Kiv\u00e1l\u00f3 min\u0151s\u00e9g\u0171 ABS blokk<\/li>\n<\/ul>","protected":false},"featured_media":14245,"comment_status":"open","ping_status":"closed","template":"","meta":{"_acf_changed":false},"product_cat":[],"product_tag":[],"class_list":["product","first","instock","shipping-taxable","purchasable","product-type-simple"],"acf":[],"_links":{"self":[{"href":"https:\/\/mouldking.store\/hu\/wp-json\/wp\/v2\/product\/14244","targetHints":{"allow":["GET"]}}],"collection":[{"href":"https:\/\/mouldking.store\/hu\/wp-json\/wp\/v2\/product"}],"about":[{"href":"https:\/\/mouldking.store\/hu\/wp-json\/wp\/v2\/types\/product"}],"replies":[{"embeddable":true,"href":"https:\/\/mouldking.store\/hu\/wp-json\/wp\/v2\/comments?post=14244"}],"wp:featuredmedia":[{"embeddable":true,"href":"https:\/\/mouldking.store\/hu\/wp-json\/wp\/v2\/media\/14245"}],"wp:attachment":[{"href":"https:\/\/mouldking.store\/hu\/wp-json\/wp\/v2\/media?parent=14244"}],"wp:term":[{"taxonomy":"product_cat","embeddable":true,"href":"https:\/\/mouldking.store\/hu\/wp-json\/wp\/v2\/product_cat?post=14244"},{"taxonomy":"product_tag","embeddable":true,"href":"https:\/\/mouldking.store\/hu\/wp-json\/wp\/v2\/product_tag?post=14244"}],"curies":[{"name":"wp","href":"https:\/\/api.w.org\/{rel}","templated":true}]}}