{"id":14469,"date":"2021-09-28T03:06:59","date_gmt":"2021-09-28T03:06:59","guid":{"rendered":"https:\/\/mouldking.store\/product\/builo-qc006-land-rover-defender-pick-up-6-wheels-flying-huntsman-kahn-design-8054778"},"modified":"2021-12-23T09:54:28","modified_gmt":"2021-12-23T09:54:28","slug":"builo-qc006-land-rover-defender-pick-up-6-wheels-flying-huntsman-kahn-design","status":"publish","type":"product","link":"https:\/\/mouldking.store\/hu\/shop\/builo-qc006-land-rover-defender-pick-up-6-wheels-flying-huntsman-kahn-design\/","title":{"rendered":"BUILO QC006 Land Rover Defender Pick Up 6 kerek\u0171 rep\u00fcl\u0151 Huntsman Kahn Design"},"content":{"rendered":"<p><strong>TERM\u00c9K LE\u00cdR\u00c1S<\/strong><\/p>\n<p>BUILO QC006 Land Rover Defender Pick Up 6 Wheels Flying Huntsman Kahn Design base on Land Rover Defender Pick Up 6 Wheels Flying Huntsman of Kahn Design.\u00a0 It&#8217;s an awesome Brick set MOC, produced by Lepinworld.<\/p>\n<p>the Mercedes-AMG G63 6&#215;6 for this. That\u2019s not to say the extraordinary factory-built off-roader started the 6&#215;6 trend, but it certainly gave tough truck enthusiasts an extra push to build a six-wheelers out of just about everything. The latest mega-monster is this highly custom 2017 Land Rover Defender \u2013 a machine already well-suited for tackling the road less traveled. Built as a pickup truck by Chelsea Truck Company, this Flying Huntsman 6&#215;6 is actually for sale and can be yours for the modest price of \u00a3279,999. That\u2019s roughly $348,230 in U.S. currency, which is about as modest as, well, this truck.<\/p>\n<figure id=\"attachment_191448\" aria-describedby=\"caption-attachment-191448\" style=\"width: 1020px\" class=\"wp-caption alignnone\"><img fetchpriority=\"high\" decoding=\"async\" class=\"size-large wp-image-191448\" src=\"https:\/\/pay.lpwstore.com\/wp-content\/uploads\/2020\/06\/BUILO-QC006-Land-Rover-Defender-Pick-Up-6-Wheels-Flying-Huntsman-Kahn-Design-3-1024x995.png\" alt=\"-\" width=\"1020\" height=\"991\" title=\"-\"><figcaption id=\"caption-attachment-191448\" class=\"wp-caption-text\">BUILO QC006 Land Rover Defender Pick Up 6 kerek\u0171 rep\u00fcl\u0151 Huntsman Kahn Design<\/figcaption><\/figure>\n<figure id=\"attachment_191447\" aria-describedby=\"caption-attachment-191447\" style=\"width: 1020px\" class=\"wp-caption alignnone\"><img decoding=\"async\" class=\"size-large wp-image-191447\" src=\"https:\/\/pay.lpwstore.com\/wp-content\/uploads\/2020\/06\/BUILO-QC006-Land-Rover-Defender-Pick-Up-6-Wheels-Flying-Huntsman-Kahn-Design-2-1024x491.png\" alt=\"-\" width=\"1020\" height=\"489\" title=\"-\"><figcaption id=\"caption-attachment-191447\" class=\"wp-caption-text\">BUILO QC006 Land Rover Defender Pick Up 6 kerek\u0171 rep\u00fcl\u0151 Huntsman Kahn Design<\/figcaption><\/figure>\n<figure id=\"attachment_191449\" aria-describedby=\"caption-attachment-191449\" style=\"width: 1020px\" class=\"wp-caption alignnone\"><img decoding=\"async\" class=\"size-large wp-image-191449\" src=\"https:\/\/pay.lpwstore.com\/wp-content\/uploads\/2020\/06\/BUILO-QC006-Land-Rover-Defender-Pick-Up-6-Wheels-Flying-Huntsman-Kahn-Design-4-1024x791.png\" alt=\"-\" width=\"1020\" height=\"788\" title=\"-\"><figcaption id=\"caption-attachment-191449\" class=\"wp-caption-text\">BUILO QC006 Land Rover Defender Pick Up 6 kerek\u0171 rep\u00fcl\u0151 Huntsman Kahn Design<\/figcaption><\/figure>\n<ul>\n<li>+ 2911\u00a0 pieces made from high-quality 100% ABS plastic bricks, safe for children, long time to play, 100% compatible with other brick brands<\/li>\n<li>Inlcude some Chome parts, with changing coloer from Green to Grey Titan<\/li>\n<li><span style=\"font-size: 14.4px;\">Easy-to-build with manual instruction of IMV 42010 Land Rover Defender Half-Track by Prinoth <\/span><span style=\"font-size: 14.4px; color: #555555;\">t\u00e9gl\u00e1r\u00f3l t\u00e9gl\u00e1ra \u00fatmutat\u00f3val \u00e9s kiv\u00e1l\u00f3 min\u0151s\u00e9g\u0171 k\u00e9pekkel<\/span><\/li>\n<li><span style=\"font-size: 14.4px;\">Full dimensions of BUILO QC006 Land Rover Defender Pick Up 6 Wheels Flying Huntsman Kahn Design: 25cm high x 51cm long<\/span><\/li>\n<\/ul>\n<h4><strong>SZ\u00c1LL\u00cdT\u00c1S \u00c9S VISSZAT\u00c9R\u00c9S<\/strong><\/h4>\n<p>We guarantee for BUILO QC006 Land Rover Defender Pick Up 6 Wheels Flying Huntsman Kahn Design<\/p>\n<ul>\n<li>Teljes visszat\u00e9r\u00edt\u00e9s, ha nem kapja meg megrendel\u00e9s\u00e9t<\/li>\n<li>Ingyenes gondoskodni a hi\u00e1nyz\u00f3 darabok vagy k\u00e9zik\u00f6nyv k\u00f6nyv<\/li>\n<li>Az \u00dcgyf\u00e9l nem fizet t\u00f6bb ad\u00f3t \u00e9s v\u00e1md\u00edjat. (Ha fizetni kell, visszafizetj\u00fck)<\/li>\n<li>A nemzetk\u00f6zi sz\u00e1ll\u00edt\u00e1s meglehet\u0151sen bonyolult, igyeksz\u00fcnk minden probl\u00e9m\u00e1j\u00e1t feldolgozni. Ha azonban rendel\u00e9se probl\u00e9m\u00e1ba \u00fctk\u00f6zik, k\u00e9rj\u00fck, vegye fel vel\u00fcnk a kapcsolatot e-mailben<\/li>\n<li><span data-text-color=\"alert\"><strong>Megrendel\u00e9s t\u00f6rl\u00e9se:<\/strong><\/span> Ha le kell mondania a rendel\u00e9st, a lehet\u0151 leghamarabb vegye fel vel\u00fcnk a kapcsolatot a contact@pay.lpwstore.com e-mail c\u00edmen. A megrendel\u00e9st 48 \u00f3r\u00e1ig nem \u00e1ll m\u00f3dunkban le\u00e1ll\u00edtani<\/li>\n<\/ul>\n<h4><strong>HI\u00c1NYZ\u00d3 R\u00c9SZEK<\/strong><\/h4>\n<p>All parts of BUILO QC006 Land Rover Defender Pick Up 6 Wheels Flying Huntsman Kahn Design \u00a0are quality checked before shipping, so if you find some missing or damaged parts, don&#8217;t worry. Please contact us and we will send them to you without any fees, or we will offer a small refund for you to buy in other places.<\/p>\n<figure id=\"attachment_191446\" aria-describedby=\"caption-attachment-191446\" style=\"width: 1020px\" class=\"wp-caption alignnone\"><img loading=\"lazy\" decoding=\"async\" class=\"size-large wp-image-191446\" src=\"https:\/\/pay.lpwstore.com\/wp-content\/uploads\/2020\/06\/BUILO-QC006-Land-Rover-Defender-Pick-Up-6-Wheels-Flying-Huntsman-Kahn-Design-1-1024x984.png\" alt=\"-\" width=\"1020\" height=\"980\" title=\"-\"><figcaption id=\"caption-attachment-191446\" class=\"wp-caption-text\">BUILO QC006 Land Rover Defender Pick Up 6 kerek\u0171 rep\u00fcl\u0151 Huntsman Kahn Design<\/figcaption><\/figure>\n<div id=\"gtx-trans\" style=\"position: absolute; left: 549px; top: 34.5195px;\">\n<div class=\"gtx-trans-icon\"><\/div>\n<\/div>","protected":false},"excerpt":{"rendered":"<h3><span data-text-color=\"alert\"><strong>AVAILABLE IN AUGUST 2020 &#8211; NO MOTOR VERSION<\/strong><\/span><\/h3>\n<ul>\n<li>T\u00e9gla mennyis\u00e9ge:<strong> +2911 <\/strong>db<\/li>\n<li>Szolg\u00e1ltat\u00e1s: Ingyenes cserealkatr\u00e9szek<\/li>\n<li>Megjegyz\u00e9s: Nincs eredeti doboz, haszn\u00e1ljon bubor\u00e9kzacsk\u00f3t vagy \u00fcres kartondobozt.<\/li>\n<\/ul>","protected":false},"featured_media":14470,"comment_status":"open","ping_status":"closed","template":"","meta":{"_acf_changed":false},"product_cat":[],"product_tag":[],"class_list":["product","first","instock","shipping-taxable","purchasable","product-type-simple"],"acf":[],"_links":{"self":[{"href":"https:\/\/mouldking.store\/hu\/wp-json\/wp\/v2\/product\/14469","targetHints":{"allow":["GET"]}}],"collection":[{"href":"https:\/\/mouldking.store\/hu\/wp-json\/wp\/v2\/product"}],"about":[{"href":"https:\/\/mouldking.store\/hu\/wp-json\/wp\/v2\/types\/product"}],"replies":[{"embeddable":true,"href":"https:\/\/mouldking.store\/hu\/wp-json\/wp\/v2\/comments?post=14469"}],"wp:featuredmedia":[{"embeddable":true,"href":"https:\/\/mouldking.store\/hu\/wp-json\/wp\/v2\/media\/14470"}],"wp:attachment":[{"href":"https:\/\/mouldking.store\/hu\/wp-json\/wp\/v2\/media?parent=14469"}],"wp:term":[{"taxonomy":"product_cat","embeddable":true,"href":"https:\/\/mouldking.store\/hu\/wp-json\/wp\/v2\/product_cat?post=14469"},{"taxonomy":"product_tag","embeddable":true,"href":"https:\/\/mouldking.store\/hu\/wp-json\/wp\/v2\/product_tag?post=14469"}],"curies":[{"name":"wp","href":"https:\/\/api.w.org\/{rel}","templated":true}]}}