{"id":14589,"date":"2021-09-28T03:08:53","date_gmt":"2021-09-28T03:08:53","guid":{"rendered":"https:\/\/mouldking.store\/product\/sembo-105768-hq-9-anti-aircraft-long-range-missiles-military-system-8158794"},"modified":"2021-12-23T09:54:27","modified_gmt":"2021-12-23T09:54:27","slug":"sembo-105768-hq-9-anti-aircraft-long-range-missiles-military-system","status":"publish","type":"product","link":"https:\/\/mouldking.store\/hu\/shop\/sembo-105768-hq-9-anti-aircraft-long-range-missiles-military-system\/","title":{"rendered":"SEMBO 105768 HQ-9 l\u00e9gv\u00e9delmi nagy hat\u00f3t\u00e1vols\u00e1g\u00fa rak\u00e9t\u00e1k katonai rendszere"},"content":{"rendered":"<p><span>HQ-9 Anti-Aircraft Missiles System (HQ-9 Anti-Aircraft Missiles System) belongs to the military series of building block sets, the entire set contains 1048 building block particles.\u00a0<\/span><span>2020-ban ker\u00fcl forgalomba.<\/span><\/p>\n<p><img fetchpriority=\"high\" decoding=\"async\" class=\"size-full wp-image-191907 aligncenter\" src=\"https:\/\/pay.lpwstore.com\/wp-content\/uploads\/2020\/06\/SEMBO-105768-HQ-9-Anti-Aircraft-Long-Range-Missiles-Military-System-2.jpg\" alt=\"SEMBO-105768-HQ-9-Anti-Aircraft-Long-Range-Missiles-Military-System-2\" width=\"800\" height=\"800\" title=\"-\"> <img decoding=\"async\" class=\"size-full wp-image-191908 aligncenter\" src=\"https:\/\/pay.lpwstore.com\/wp-content\/uploads\/2020\/06\/SEMBO-105768-HQ-9-Anti-Aircraft-Long-Range-Missiles-Military-System-3.jpg\" alt=\"-\" width=\"800\" height=\"800\" title=\"-\"> <img decoding=\"async\" class=\"size-full wp-image-191906 aligncenter\" src=\"https:\/\/pay.lpwstore.com\/wp-content\/uploads\/2020\/06\/SEMBO-105768-HQ-9-Anti-Aircraft-Long-Range-Missiles-Military-System.jpg\" alt=\"-\" width=\"800\" height=\"800\" title=\"-\"><\/p>","protected":false},"excerpt":{"rendered":"<p><strong><span style=\"font-size: 150%; color: #ff0000;\">PRESELL. AVAILABLE IN JULY 2020<\/span><\/strong><\/p>\n<ul>\n<li>Tartalmazza <strong>1048+<\/strong> db<\/li>\n<li>K\u00e9zi haszn\u00e1lati \u00fatmutat\u00f3<\/li>\n<li>Kiv\u00e1l\u00f3 min\u0151s\u00e9g\u0171 ABS blokk<\/li>\n<\/ul>","protected":false},"featured_media":14590,"comment_status":"open","ping_status":"closed","template":"","meta":{"_acf_changed":false},"product_cat":[372],"product_tag":[],"class_list":["product","first","instock","shipping-taxable","purchasable","product-type-simple"],"acf":[],"_links":{"self":[{"href":"https:\/\/mouldking.store\/hu\/wp-json\/wp\/v2\/product\/14589","targetHints":{"allow":["GET"]}}],"collection":[{"href":"https:\/\/mouldking.store\/hu\/wp-json\/wp\/v2\/product"}],"about":[{"href":"https:\/\/mouldking.store\/hu\/wp-json\/wp\/v2\/types\/product"}],"replies":[{"embeddable":true,"href":"https:\/\/mouldking.store\/hu\/wp-json\/wp\/v2\/comments?post=14589"}],"wp:featuredmedia":[{"embeddable":true,"href":"https:\/\/mouldking.store\/hu\/wp-json\/wp\/v2\/media\/14590"}],"wp:attachment":[{"href":"https:\/\/mouldking.store\/hu\/wp-json\/wp\/v2\/media?parent=14589"}],"wp:term":[{"taxonomy":"product_cat","embeddable":true,"href":"https:\/\/mouldking.store\/hu\/wp-json\/wp\/v2\/product_cat?post=14589"},{"taxonomy":"product_tag","embeddable":true,"href":"https:\/\/mouldking.store\/hu\/wp-json\/wp\/v2\/product_tag?post=14589"}],"curies":[{"name":"wp","href":"https:\/\/api.w.org\/{rel}","templated":true}]}}