{"id":14699,"date":"2021-09-28T03:10:01","date_gmt":"2021-09-28T03:10:01","guid":{"rendered":"https:\/\/mouldking.store\/product\/sembo-203308-aerospace-remote-control-manned-spacecraft-launch-base-space-flight-8347576"},"modified":"2021-12-23T09:53:44","modified_gmt":"2021-12-23T09:53:44","slug":"sembo-203308-aerospace-remote-control-manned-spacecraft-launch-base-space-flight","status":"publish","type":"product","link":"https:\/\/mouldking.store\/hu\/shop\/sembo-203308-aerospace-remote-control-manned-spacecraft-launch-base-space-flight\/","title":{"rendered":"SEMBO 203308 Aerospace remote control manned spacecraft launch base &#8211; Space Flight"},"content":{"rendered":"<p>Space Culture and Creation: The remote control manned spacecraft launch base (Space Flight) belongs to the theme series series of building block sets. The entire set contains 2221 building block particles.\u00a0It will be launched in 2020.<\/p>\n<p><img fetchpriority=\"high\" decoding=\"async\" class=\"size-full wp-image-192278 aligncenter\" src=\"https:\/\/pay.lpwstore.com\/wp-content\/uploads\/2020\/06\/SEMBO-203308-Aerospace-remote-control-manned-spacecraft-launch-base-Space-Flight-2.jpg\" alt=\"SEMBO-203308-Aerospace-remote-control-manned-spacecraft-launch-base---Space-Flight-2\" width=\"800\" height=\"800\" title=\"-\"> <img decoding=\"async\" class=\"size-full wp-image-192277 aligncenter\" src=\"https:\/\/pay.lpwstore.com\/wp-content\/uploads\/2020\/06\/SEMBO-203308-Aerospace-remote-control-manned-spacecraft-launch-base-Space-Flight.jpg\" alt=\"-\" width=\"800\" height=\"800\" title=\"-\"> <img decoding=\"async\" class=\"size-full wp-image-192279 aligncenter\" src=\"https:\/\/pay.lpwstore.com\/wp-content\/uploads\/2020\/06\/SEMBO-203308-Aerospace-remote-control-manned-spacecraft-launch-base-Space-Flight-3.jpg\" alt=\"-\" width=\"800\" height=\"800\" title=\"-\"><\/p>\n<p><img loading=\"lazy\" decoding=\"async\" class=\"size-full wp-image-192280 aligncenter\" src=\"https:\/\/pay.lpwstore.com\/wp-content\/uploads\/2020\/06\/SEMBO-203308-Aerospace-remote-control-manned-spacecraft-launch-base-Space-Flight-4.jpg\" alt=\"SEMBO-203308-Aerospace-remote-control-manned-spacecraft-launch-base---Space-Flight-4\" width=\"800\" height=\"416\" title=\"-\"><\/p>","protected":false},"excerpt":{"rendered":"<ul>\n<li>Tartalmazza <strong>2221+<\/strong> db<\/li>\n<li>K\u00e9zi haszn\u00e1lati \u00fatmutat\u00f3<\/li>\n<li>Kiv\u00e1l\u00f3 min\u0151s\u00e9g\u0171 ABS blokk<\/li>\n<\/ul>","protected":false},"featured_media":14700,"comment_status":"open","ping_status":"closed","template":"","meta":{"_acf_changed":false},"product_cat":[],"product_tag":[],"class_list":["product","first","instock","shipping-taxable","purchasable","product-type-simple"],"acf":[],"_links":{"self":[{"href":"https:\/\/mouldking.store\/hu\/wp-json\/wp\/v2\/product\/14699","targetHints":{"allow":["GET"]}}],"collection":[{"href":"https:\/\/mouldking.store\/hu\/wp-json\/wp\/v2\/product"}],"about":[{"href":"https:\/\/mouldking.store\/hu\/wp-json\/wp\/v2\/types\/product"}],"replies":[{"embeddable":true,"href":"https:\/\/mouldking.store\/hu\/wp-json\/wp\/v2\/comments?post=14699"}],"wp:featuredmedia":[{"embeddable":true,"href":"https:\/\/mouldking.store\/hu\/wp-json\/wp\/v2\/media\/14700"}],"wp:attachment":[{"href":"https:\/\/mouldking.store\/hu\/wp-json\/wp\/v2\/media?parent=14699"}],"wp:term":[{"taxonomy":"product_cat","embeddable":true,"href":"https:\/\/mouldking.store\/hu\/wp-json\/wp\/v2\/product_cat?post=14699"},{"taxonomy":"product_tag","embeddable":true,"href":"https:\/\/mouldking.store\/hu\/wp-json\/wp\/v2\/product_tag?post=14699"}],"curies":[{"name":"wp","href":"https:\/\/api.w.org\/{rel}","templated":true}]}}