{"id":14703,"date":"2021-09-28T03:10:04","date_gmt":"2021-09-27T20:10:04","guid":{"rendered":"https:\/\/mouldking.store\/product\/sembo-203307-aerospace-cryogenic-liquid-bundling-carrier-rocket-space-flight-7256823"},"modified":"2023-06-12T10:05:15","modified_gmt":"2023-06-12T03:05:15","slug":"sembo-203307-aerospace-cryogenic-liquid-bundling-carrier-rocket-space-flight","status":"publish","type":"product","link":"https:\/\/mouldking.store\/hu\/shop\/sembo-203307-aerospace-cryogenic-liquid-bundling-carrier-rocket-space-flight\/","title":{"rendered":"SEMBO 203307 Aerospace kriog\u00e9n folyad\u00e9k k\u00f6tegel\u0151 sz\u00e1ll\u00edt\u00f3 rak\u00e9ta \u2013 \u0171rrep\u00fcl\u00e9s"},"content":{"rendered":"<p>Aerospace kultur\u00e1lis \u00e9s kreat\u00edv: a kriog\u00e9n folyad\u00e9k k\u00f6tegelt hordoz\u00f3rak\u00e9ta (Space Flight) az \u00e9p\u00edt\u0151elem-k\u00e9szletek t\u00e9masorozat\u00e1hoz tartozik, a teljes k\u00e9szlet 1202 \u00e9p\u00edt\u0151elem r\u00e9szecsk\u00e9t tartalmaz. 2020-ban ker\u00fcl forgalomba.<\/p>\n<p><img fetchpriority=\"high\" decoding=\"async\" class=\"size-full wp-image-192282 aligncenter\" src=\"https:\/\/pay.lpwstore.com\/wp-content\/uploads\/2020\/06\/SEMBO-203307-Aerospace-cryogenic-liquid-bundling-Carrier-Rocket-Space-Flight.jpg\" alt=\"SEMBO-203307-Aerospace-cryogenic-liquid-bundling-Carrier-Rocket---Space-Flight\" width=\"800\" height=\"800\" title=\"-\"> <img decoding=\"async\" class=\"size-full wp-image-192284 aligncenter\" src=\"https:\/\/pay.lpwstore.com\/wp-content\/uploads\/2020\/06\/SEMBO-203307-Aerospace-cryogenic-liquid-bundling-Carrier-Rocket-Space-Flight-3.jpg\" alt=\"-\" width=\"800\" height=\"800\" title=\"-\"> <img decoding=\"async\" class=\"size-full wp-image-192283 aligncenter\" src=\"https:\/\/pay.lpwstore.com\/wp-content\/uploads\/2020\/06\/SEMBO-203307-Aerospace-cryogenic-liquid-bundling-Carrier-Rocket-Space-Flight-2.jpg\" alt=\"-\" width=\"800\" height=\"800\" title=\"-\"><\/p>","protected":false},"excerpt":{"rendered":"<ul>\n<li>Tartalmazza <strong>1202+<\/strong> db<\/li>\n<li>K\u00e9zi haszn\u00e1lati \u00fatmutat\u00f3<\/li>\n<li>Kiv\u00e1l\u00f3 min\u0151s\u00e9g\u0171 ABS blokk<\/li>\n<\/ul>","protected":false},"featured_media":14704,"comment_status":"open","ping_status":"closed","template":"","meta":{"_acf_changed":false},"product_cat":[15],"product_tag":[],"class_list":["product","first","instock","sale","shipping-taxable","purchasable","product-type-simple"],"acf":[],"_links":{"self":[{"href":"https:\/\/mouldking.store\/hu\/wp-json\/wp\/v2\/product\/14703","targetHints":{"allow":["GET"]}}],"collection":[{"href":"https:\/\/mouldking.store\/hu\/wp-json\/wp\/v2\/product"}],"about":[{"href":"https:\/\/mouldking.store\/hu\/wp-json\/wp\/v2\/types\/product"}],"replies":[{"embeddable":true,"href":"https:\/\/mouldking.store\/hu\/wp-json\/wp\/v2\/comments?post=14703"}],"wp:featuredmedia":[{"embeddable":true,"href":"https:\/\/mouldking.store\/hu\/wp-json\/wp\/v2\/media\/14704"}],"wp:attachment":[{"href":"https:\/\/mouldking.store\/hu\/wp-json\/wp\/v2\/media?parent=14703"}],"wp:term":[{"taxonomy":"product_cat","embeddable":true,"href":"https:\/\/mouldking.store\/hu\/wp-json\/wp\/v2\/product_cat?post=14703"},{"taxonomy":"product_tag","embeddable":true,"href":"https:\/\/mouldking.store\/hu\/wp-json\/wp\/v2\/product_tag?post=14703"}],"curies":[{"name":"wp","href":"https:\/\/api.w.org\/{rel}","templated":true}]}}