{"id":14729,"date":"2021-09-28T03:10:42","date_gmt":"2021-09-27T20:10:42","guid":{"rendered":"https:\/\/mouldking.store\/product\/panlos-670001-awm-sniper-rifle-5550297"},"modified":"2023-08-29T17:08:47","modified_gmt":"2023-08-29T10:08:47","slug":"panlos-670001-awm-sniper-rifle","status":"publish","type":"product","link":"https:\/\/mouldking.store\/hu\/shop\/panlos-670001-awm-sniper-rifle\/","title":{"rendered":"PANLOS 670001 AWM mesterl\u00f6v\u00e9sz puska"},"content":{"rendered":"<p><span>Az AWM Sniper Rifle (AWM Sniper Rifle) az \u00e9p\u00edt\u0151elem k\u00e9szletek katonai sorozat\u00e1ba tartozik, a teljes k\u00e9szlet 1315 \u00e9p\u00edt\u0151elem r\u00e9szecsk\u00e9t tartalmaz.\u00a0<\/span><span>2020-ban ker\u00fcl forgalomba.<\/span><\/p>\n<p><img fetchpriority=\"high\" decoding=\"async\" class=\"size-full wp-image-192442 aligncenter\" src=\"https:\/\/pay.lpwstore.com\/wp-content\/uploads\/2020\/06\/PANLOS-670001-AWM-Sniper-Rifle.jpg\" alt=\"PANLOS-670001-AWM-Sniper-Rifle\" width=\"800\" height=\"800\" title=\"-\"> <img decoding=\"async\" class=\"size-full wp-image-192443 aligncenter\" src=\"https:\/\/pay.lpwstore.com\/wp-content\/uploads\/2020\/06\/PANLOS-670001-AWM-Sniper-Rifle-2.jpg\" alt=\"-\" width=\"800\" height=\"800\" title=\"-\"> <img decoding=\"async\" class=\"size-full wp-image-192444 aligncenter\" src=\"https:\/\/pay.lpwstore.com\/wp-content\/uploads\/2020\/06\/PANLOS-670001-AWM-Sniper-Rifle-3.jpg\" alt=\"-\" width=\"800\" height=\"800\" title=\"-\"> <img loading=\"lazy\" decoding=\"async\" class=\"size-full wp-image-192445 aligncenter\" src=\"https:\/\/pay.lpwstore.com\/wp-content\/uploads\/2020\/06\/PANLOS-670001-AWM-Sniper-Rifle-4.jpg\" alt=\"-\" width=\"800\" height=\"800\" title=\"-\"><\/p>","protected":false},"excerpt":{"rendered":"<ul>\n<li>Tartalmazza <strong>1315+<\/strong> db<\/li>\n<li>K\u00e9zi haszn\u00e1lati \u00fatmutat\u00f3<\/li>\n<li>Kiv\u00e1l\u00f3 min\u0151s\u00e9g\u0171 ABS blokk<\/li>\n<\/ul>","protected":false},"featured_media":14730,"comment_status":"open","ping_status":"closed","template":"","meta":{"_acf_changed":false},"product_cat":[372],"product_tag":[],"class_list":["product","first","instock","shipping-taxable","purchasable","product-type-simple"],"acf":[],"_links":{"self":[{"href":"https:\/\/mouldking.store\/hu\/wp-json\/wp\/v2\/product\/14729","targetHints":{"allow":["GET"]}}],"collection":[{"href":"https:\/\/mouldking.store\/hu\/wp-json\/wp\/v2\/product"}],"about":[{"href":"https:\/\/mouldking.store\/hu\/wp-json\/wp\/v2\/types\/product"}],"replies":[{"embeddable":true,"href":"https:\/\/mouldking.store\/hu\/wp-json\/wp\/v2\/comments?post=14729"}],"wp:featuredmedia":[{"embeddable":true,"href":"https:\/\/mouldking.store\/hu\/wp-json\/wp\/v2\/media\/14730"}],"wp:attachment":[{"href":"https:\/\/mouldking.store\/hu\/wp-json\/wp\/v2\/media?parent=14729"}],"wp:term":[{"taxonomy":"product_cat","embeddable":true,"href":"https:\/\/mouldking.store\/hu\/wp-json\/wp\/v2\/product_cat?post=14729"},{"taxonomy":"product_tag","embeddable":true,"href":"https:\/\/mouldking.store\/hu\/wp-json\/wp\/v2\/product_tag?post=14729"}],"curies":[{"name":"wp","href":"https:\/\/api.w.org\/{rel}","templated":true}]}}