{"id":14789,"date":"2021-09-28T03:11:18","date_gmt":"2021-09-28T03:11:18","guid":{"rendered":"https:\/\/mouldking.store\/product\/xingbao-xb-07401-red-giga-btonc-truck-t14-kraz-255b-6x6-8437081"},"modified":"2021-12-23T09:53:42","modified_gmt":"2021-12-23T09:53:42","slug":"xingbao-xb-07401-red-giga-btonc-truck-t14-kraz-255b-6x6","status":"publish","type":"product","link":"https:\/\/mouldking.store\/hu\/shop\/xingbao-xb-07401-red-giga-btonc-truck-t14-kraz-255b-6x6\/","title":{"rendered":"XINGBAO XB-07401 Red Giga BTONC Truck T14 KrAZ 255B 6&#215;6"},"content":{"rendered":"<p>GIGA BTONC Future Big Rigs T14 (Truck T14 KrAZ 255B 6&#215;6 (Red)) belongs to the mechanical group series of building block sets, the entire set contains 2054 building block particles.\u00a0It was first launched in 2017.<\/p>\n<p><img fetchpriority=\"high\" decoding=\"async\" class=\"size-full wp-image-192531 aligncenter\" src=\"https:\/\/pay.lpwstore.com\/wp-content\/uploads\/2020\/06\/XINGBAO-XB-07401-Red-Giga-BTONC-Truck-T14-KrAZ-255B-6x6-1.jpg\" alt=\"XINGBAO-XB-07401-Red-Giga-BTONC-Truck-T14-KrAZ-255B-6x6\" width=\"800\" height=\"800\" title=\"-\"> <img decoding=\"async\" class=\"size-full wp-image-192532 aligncenter\" src=\"https:\/\/pay.lpwstore.com\/wp-content\/uploads\/2020\/06\/XINGBAO-XB-07401-Red-Giga-BTONC-Truck-T14-KrAZ-255B-6x6-2.jpg\" alt=\"-\" width=\"800\" height=\"800\" title=\"-\"> <img decoding=\"async\" class=\"size-full wp-image-192533 aligncenter\" src=\"https:\/\/pay.lpwstore.com\/wp-content\/uploads\/2020\/06\/XINGBAO-XB-07401-Red-Giga-BTONC-Truck-T14-KrAZ-255B-6x6-3.jpg\" alt=\"-\" width=\"800\" height=\"800\" title=\"-\"> <img loading=\"lazy\" decoding=\"async\" class=\"size-full wp-image-192534 aligncenter\" src=\"https:\/\/pay.lpwstore.com\/wp-content\/uploads\/2020\/06\/XINGBAO-XB-07401-Red-Giga-BTONC-Truck-T14-KrAZ-255B-6x6-4.jpg\" alt=\"-\" width=\"800\" height=\"800\" title=\"-\"> <img loading=\"lazy\" decoding=\"async\" class=\"size-full wp-image-192535 aligncenter\" src=\"https:\/\/pay.lpwstore.com\/wp-content\/uploads\/2020\/06\/XINGBAO-XB-07401-Red-Giga-BTONC-Truck-T14-KrAZ-255B-6x6-5.jpg\" alt=\"-\" width=\"800\" height=\"800\" title=\"-\"><\/p>","protected":false},"excerpt":{"rendered":"<ul>\n<li>Tartalmazza <strong>2054+<\/strong> db<\/li>\n<li>K\u00e9zi haszn\u00e1lati \u00fatmutat\u00f3<\/li>\n<li>Kiv\u00e1l\u00f3 min\u0151s\u00e9g\u0171 ABS blokk<\/li>\n<\/ul>","protected":false},"featured_media":14790,"comment_status":"open","ping_status":"closed","template":"","meta":{"_acf_changed":false},"product_cat":[],"product_tag":[],"class_list":["product","first","outofstock","shipping-taxable","purchasable","product-type-simple"],"acf":[],"_links":{"self":[{"href":"https:\/\/mouldking.store\/hu\/wp-json\/wp\/v2\/product\/14789","targetHints":{"allow":["GET"]}}],"collection":[{"href":"https:\/\/mouldking.store\/hu\/wp-json\/wp\/v2\/product"}],"about":[{"href":"https:\/\/mouldking.store\/hu\/wp-json\/wp\/v2\/types\/product"}],"replies":[{"embeddable":true,"href":"https:\/\/mouldking.store\/hu\/wp-json\/wp\/v2\/comments?post=14789"}],"wp:featuredmedia":[{"embeddable":true,"href":"https:\/\/mouldking.store\/hu\/wp-json\/wp\/v2\/media\/14790"}],"wp:attachment":[{"href":"https:\/\/mouldking.store\/hu\/wp-json\/wp\/v2\/media?parent=14789"}],"wp:term":[{"taxonomy":"product_cat","embeddable":true,"href":"https:\/\/mouldking.store\/hu\/wp-json\/wp\/v2\/product_cat?post=14789"},{"taxonomy":"product_tag","embeddable":true,"href":"https:\/\/mouldking.store\/hu\/wp-json\/wp\/v2\/product_tag?post=14789"}],"curies":[{"name":"wp","href":"https:\/\/api.w.org\/{rel}","templated":true}]}}