{"id":14851,"date":"2021-09-28T03:12:08","date_gmt":"2021-09-27T20:12:08","guid":{"rendered":"https:\/\/mouldking.store\/product\/kazi-ky10001-stryker-mgs-m1128-mgs-armored-vehicle-1796271"},"modified":"2023-08-07T16:44:16","modified_gmt":"2023-08-07T09:44:16","slug":"kazi-ky10001-stryker-mgs-m1128-mgs-armored-vehicle","status":"publish","type":"product","link":"https:\/\/mouldking.store\/hu\/shop\/kazi-ky10001-stryker-mgs-m1128-mgs-armored-vehicle\/","title":{"rendered":"KAZI KY10001 STRYKER MGS-M1128 MGS Armored Vehicle"},"content":{"rendered":"<p><span>Stryker wheeled mobile artillery 1:21 (STRYKER MGS-M1128 MGS armored vehicle) belongs to the advanced model series of building block sets. The entire set contains 1672 building block particles.\u00a0<\/span><span>El\u0151sz\u00f6r 2017-ben ind\u00edtott\u00e1k el.<\/span><\/p>\n<p><img fetchpriority=\"high\" decoding=\"async\" class=\"size-full wp-image-192662 aligncenter\" src=\"https:\/\/pay.lpwstore.com\/wp-content\/uploads\/2020\/06\/KAZI-KY10001-STRYKER-MGS-M1128-MGS-Armored-Vehicle.jpg\" alt=\"KAZI-KY10001-STRYKER-MGS-M1128-MGS-Armored-Vehicle\" width=\"800\" height=\"800\" title=\"-\"> <img decoding=\"async\" class=\"size-full wp-image-192663 aligncenter\" src=\"https:\/\/pay.lpwstore.com\/wp-content\/uploads\/2020\/06\/KAZI-KY10001-STRYKER-MGS-M1128-MGS-Armored-Vehicle-2.jpg\" alt=\"-\" width=\"800\" height=\"800\" title=\"-\"> <img decoding=\"async\" class=\"size-full wp-image-192664 aligncenter\" src=\"https:\/\/pay.lpwstore.com\/wp-content\/uploads\/2020\/06\/KAZI-KY10001-STRYKER-MGS-M1128-MGS-Armored-Vehicle-3.jpg\" alt=\"-\" width=\"800\" height=\"800\" title=\"-\"> <img loading=\"lazy\" decoding=\"async\" class=\"size-full wp-image-192665 aligncenter\" src=\"https:\/\/pay.lpwstore.com\/wp-content\/uploads\/2020\/06\/KAZI-KY10001-STRYKER-MGS-M1128-MGS-Armored-Vehicle-4.jpg\" alt=\"-\" width=\"800\" height=\"800\" title=\"-\"> <img loading=\"lazy\" decoding=\"async\" class=\"size-full wp-image-192666 aligncenter\" src=\"https:\/\/pay.lpwstore.com\/wp-content\/uploads\/2020\/06\/KAZI-KY10001-STRYKER-MGS-M1128-MGS-Armored-Vehicle-5.jpg\" alt=\"-\" width=\"800\" height=\"800\" title=\"-\"><\/p>","protected":false},"excerpt":{"rendered":"<ul>\n<li>Tartalmazza <strong>1672+<\/strong> db<\/li>\n<li>K\u00e9zi haszn\u00e1lati \u00fatmutat\u00f3<\/li>\n<li>Kiv\u00e1l\u00f3 min\u0151s\u00e9g\u0171 ABS blokk<\/li>\n<\/ul>","protected":false},"featured_media":14852,"comment_status":"open","ping_status":"closed","template":"","meta":{"_acf_changed":false},"product_cat":[15],"product_tag":[],"class_list":["product","first","outofstock","shipping-taxable","purchasable","product-type-simple"],"acf":[],"_links":{"self":[{"href":"https:\/\/mouldking.store\/hu\/wp-json\/wp\/v2\/product\/14851","targetHints":{"allow":["GET"]}}],"collection":[{"href":"https:\/\/mouldking.store\/hu\/wp-json\/wp\/v2\/product"}],"about":[{"href":"https:\/\/mouldking.store\/hu\/wp-json\/wp\/v2\/types\/product"}],"replies":[{"embeddable":true,"href":"https:\/\/mouldking.store\/hu\/wp-json\/wp\/v2\/comments?post=14851"}],"wp:featuredmedia":[{"embeddable":true,"href":"https:\/\/mouldking.store\/hu\/wp-json\/wp\/v2\/media\/14852"}],"wp:attachment":[{"href":"https:\/\/mouldking.store\/hu\/wp-json\/wp\/v2\/media?parent=14851"}],"wp:term":[{"taxonomy":"product_cat","embeddable":true,"href":"https:\/\/mouldking.store\/hu\/wp-json\/wp\/v2\/product_cat?post=14851"},{"taxonomy":"product_tag","embeddable":true,"href":"https:\/\/mouldking.store\/hu\/wp-json\/wp\/v2\/product_tag?post=14851"}],"curies":[{"name":"wp","href":"https:\/\/api.w.org\/{rel}","templated":true}]}}