{"id":14921,"date":"2021-09-28T03:13:11","date_gmt":"2021-09-27T20:13:11","guid":{"rendered":"https:\/\/mouldking.store\/product\/zhegao-ql0964-cathdrale-notre-dame-de-paris-modular-building-1710541"},"modified":"2023-10-24T15:03:38","modified_gmt":"2023-10-24T08:03:38","slug":"zhegao-ql0964-cathedrale-notre-dame-de-paris-modular-building","status":"publish","type":"product","link":"https:\/\/mouldking.store\/hu\/shop\/zhegao-ql0964-cathedrale-notre-dame-de-paris-modular-building\/","title":{"rendered":"ZHEGAO QL0964 Cath\u00e9drale Notre Dame de Paris modul\u00e1ris \u00e9p\u00fclet"},"content":{"rendered":"<p>A Notre Dame de Paris (Cath\u00e9drale Notre Dame de Paris) az \u00e9p\u00edt\u0151elem k\u00e9szletek fejlett modellsorozat\u00e1ba tartozik, a teljes k\u00e9szlet 2541 \u00e9p\u00edt\u0151elem r\u00e9szecsk\u00e9t tartalmaz. 2020-ban ker\u00fcl forgalomba.<\/p>\n<p><img fetchpriority=\"high\" decoding=\"async\" class=\"size-full wp-image-192819 aligncenter\" src=\"https:\/\/pay.lpwstore.com\/wp-content\/uploads\/2020\/07\/ZHEGAO-QL0964-Cath\u00e9drale-Notre-Dame-de-Paris-Modular-Building.jpg\" alt=\"ZHEGAO-QL0964-Cath\u00e9drale-Notre-Dame-de-Paris-Modular-Building\" width=\"800\" height=\"800\" title=\"-\"> <img decoding=\"async\" class=\"size-full wp-image-192820 aligncenter\" src=\"https:\/\/pay.lpwstore.com\/wp-content\/uploads\/2020\/07\/ZHEGAO-QL0964-Cath\u00e9drale-Notre-Dame-de-Paris-Modular-Building-2.jpg\" alt=\"-\" width=\"800\" height=\"800\" title=\"-\"> <img decoding=\"async\" class=\"size-full wp-image-192821 aligncenter\" src=\"https:\/\/pay.lpwstore.com\/wp-content\/uploads\/2020\/07\/ZHEGAO-QL0964-Cath\u00e9drale-Notre-Dame-de-Paris-Modular-Building-3.jpg\" alt=\"-\" width=\"800\" height=\"800\" title=\"-\"> <img loading=\"lazy\" decoding=\"async\" class=\"size-full wp-image-192822 aligncenter\" src=\"https:\/\/pay.lpwstore.com\/wp-content\/uploads\/2020\/07\/ZHEGAO-QL0964-Cath\u00e9drale-Notre-Dame-de-Paris-Modular-Building-4.jpg\" alt=\"-\" width=\"800\" height=\"800\" title=\"-\"> <img loading=\"lazy\" decoding=\"async\" class=\"size-full wp-image-192823 aligncenter\" src=\"https:\/\/pay.lpwstore.com\/wp-content\/uploads\/2020\/07\/ZHEGAO-QL0964-Cath\u00e9drale-Notre-Dame-de-Paris-Modular-Building-5.jpg\" alt=\"-\" width=\"800\" height=\"800\" title=\"-\"> <img loading=\"lazy\" decoding=\"async\" class=\"size-full wp-image-192824 aligncenter\" src=\"https:\/\/pay.lpwstore.com\/wp-content\/uploads\/2020\/07\/ZHEGAO-QL0964-Cath\u00e9drale-Notre-Dame-de-Paris-Modular-Building-6.jpg\" alt=\"-\" width=\"800\" height=\"800\" title=\"-\"><\/p>","protected":false},"excerpt":{"rendered":"<ul>\n<li>Tartalmazza <strong>2541+<\/strong> db<\/li>\n<li>K\u00e9zi haszn\u00e1lati \u00fatmutat\u00f3<\/li>\n<li>Kiv\u00e1l\u00f3 min\u0151s\u00e9g\u0171 ABS blokk<\/li>\n<\/ul>","protected":false},"featured_media":14922,"comment_status":"open","ping_status":"closed","template":"","meta":{"_acf_changed":false},"product_cat":[390],"product_tag":[],"class_list":["product","first","instock","shipping-taxable","purchasable","product-type-simple"],"acf":[],"_links":{"self":[{"href":"https:\/\/mouldking.store\/hu\/wp-json\/wp\/v2\/product\/14921","targetHints":{"allow":["GET"]}}],"collection":[{"href":"https:\/\/mouldking.store\/hu\/wp-json\/wp\/v2\/product"}],"about":[{"href":"https:\/\/mouldking.store\/hu\/wp-json\/wp\/v2\/types\/product"}],"replies":[{"embeddable":true,"href":"https:\/\/mouldking.store\/hu\/wp-json\/wp\/v2\/comments?post=14921"}],"wp:featuredmedia":[{"embeddable":true,"href":"https:\/\/mouldking.store\/hu\/wp-json\/wp\/v2\/media\/14922"}],"wp:attachment":[{"href":"https:\/\/mouldking.store\/hu\/wp-json\/wp\/v2\/media?parent=14921"}],"wp:term":[{"taxonomy":"product_cat","embeddable":true,"href":"https:\/\/mouldking.store\/hu\/wp-json\/wp\/v2\/product_cat?post=14921"},{"taxonomy":"product_tag","embeddable":true,"href":"https:\/\/mouldking.store\/hu\/wp-json\/wp\/v2\/product_tag?post=14921"}],"curies":[{"name":"wp","href":"https:\/\/api.w.org\/{rel}","templated":true}]}}