{"id":15130,"date":"2021-09-28T03:16:14","date_gmt":"2021-09-28T03:16:14","guid":{"rendered":"https:\/\/mouldking.store\/product\/cada-c61042-moc-the-2020-ferrari-488-pista-by-brunojj1-1-8-2125328"},"modified":"2025-12-25T09:28:05","modified_gmt":"2025-12-25T02:28:05","slug":"cada-c61042-moc-the-2020-ferrari-488-pista-by-brunojj1-1-8","status":"publish","type":"product","link":"https:\/\/mouldking.store\/hu\/shop\/cada-c61042-moc-the-2020-ferrari-488-pista-by-brunojj1-1-8\/","title":{"rendered":"CADA C61042 MOC The 2020 Ferrari 488 Pista by brunojj1 1 8"},"content":{"rendered":"<p><strong>TERM\u00c9K LE\u00cdR\u00c1S<\/strong><\/p>\n<p>CADA C61042 MOC The 2020 Ferrari 488 Pista by brunojj1 1:8 is based\u00a0 on\u00a0 MOC The 2020 Ferrari 488 Pista by brunojj1 1:8 and a <span data-text-color=\"alert\"><strong>Authorised designed of Brunojj1<\/strong><\/span> .\u00a0 It&#8217;s an awesome Brick set CADA C61042 MOC The 2020 Ferrari 488 Pista by brunojj1 1:8<\/p>\n<figure id=\"attachment_193448\" aria-describedby=\"caption-attachment-193448\" style=\"width: 1020px\" class=\"wp-caption alignnone\"><img fetchpriority=\"high\" decoding=\"async\" class=\"wp-image-193448 size-large\" src=\"https:\/\/pay.lpwstore.com\/wp-content\/uploads\/2020\/07\/CADA-C61042-MOC-The-Ferrari-488-Pista-by-brunojj1-1-1024x576.jpg\" alt=\"-\" width=\"1020\" height=\"574\" title=\"-\"><figcaption id=\"caption-attachment-193448\" class=\"wp-caption-text\">CADA C61042 MOC The 2020 Ferrari 488 Pista by brunojj1<\/figcaption><\/figure>\n<p>The 2020 Ferrari 488 Pista is the stuff of supercar dreams. Broad-shouldered with bulging fenders and a graceful arch of a roof, this confident Italian stands out in a crowd. Its cabin is surprisingly spacious, offering more real estate than you typically find in a two-door sports car. When it comes to performance, the 488 provides the power and poise you&#8217;d expect from a car crafted by the legendary Ferrari nameplate<\/p>\n<figure id=\"attachment_193453\" aria-describedby=\"caption-attachment-193453\" style=\"width: 1020px\" class=\"wp-caption alignnone\"><img decoding=\"async\" class=\"wp-image-193453 size-large\" src=\"https:\/\/pay.lpwstore.com\/wp-content\/uploads\/2020\/07\/CADA-C61042-MOC-The-Ferrari-488-Pista-by-brunojj1-4-1024x350.jpg\" alt=\"-\" width=\"1020\" height=\"349\" title=\"-\"><figcaption id=\"caption-attachment-193453\" class=\"wp-caption-text\">CADA C61042 MOC The 2020 Ferrari 488 Pista by brunojj1 1:8<\/figcaption><\/figure>\n<p>A twin-turbocharged 3.9-liter V-8 lives under the 488&#8217;s hood, and it generates a whopping 711 horsepower and 567 lb-ft of torque. A seven-speed automatic gearbox governs the proceedings, sending power to the car&#8217;s rear wheels. The 2020 488 is purpose-built to quench your thirst for speed. In our track tests, it made the dash from zero to 60 mph in a mere 2.7 seconds. That puts it on equal footing with the McLaren 720S. The 488&#8217;s suspension manages to be both communicative and smooth, delivering a ride quality that makes this car a reasonably livable companion in daily driving.<\/p>\n<ul>\n<li>+ 3700\u00a0 pieces made from high-quality 100% ABS plastic bricks, safe for children, long time to play, 100% compatible with other brick brands<\/li>\n<li><span style=\"font-size: 14.4px;\">Easy-to-build with manual instruction ofCADA C61042 MOC The Ferrari 488 Pista by brunojj1 1 8 <\/span><span style=\"font-size: 14.4px; color: #555555;\">t\u00e9gl\u00e1r\u00f3l t\u00e9gl\u00e1ra \u00fatmutat\u00f3val \u00e9s kiv\u00e1l\u00f3 min\u0151s\u00e9g\u0171 k\u00e9pekkel<\/span><\/li>\n<li><span style=\"font-size: 14.4px;\">Full dimensions of CADA C61042 MOC The 2020 Ferrari 488 Pista by brunojj1 1 8:<\/span><\/li>\n<\/ul>\n<h4><strong>SZ\u00c1LL\u00cdT\u00c1S \u00c9S VISSZAT\u00c9R\u00c9S<\/strong><\/h4>\n<p>We guarantee for CADA C61042 MOC The 2020 Ferrari 488 Pista by brunojj1 1 8<\/p>\n<ul>\n<li>Teljes visszat\u00e9r\u00edt\u00e9s, ha nem kapja meg megrendel\u00e9s\u00e9t<\/li>\n<li>Ingyenes gondoskodni a hi\u00e1nyz\u00f3 darabok vagy k\u00e9zik\u00f6nyv k\u00f6nyv<\/li>\n<li>Az \u00dcgyf\u00e9l nem fizet t\u00f6bb ad\u00f3t \u00e9s v\u00e1md\u00edjat. (Ha fizetni kell, visszafizetj\u00fck)<\/li>\n<li>A nemzetk\u00f6zi sz\u00e1ll\u00edt\u00e1s meglehet\u0151sen bonyolult, igyeksz\u00fcnk minden probl\u00e9m\u00e1j\u00e1t feldolgozni. Ha azonban rendel\u00e9se probl\u00e9m\u00e1ba \u00fctk\u00f6zik, k\u00e9rj\u00fck, vegye fel vel\u00fcnk a kapcsolatot e-mailben<\/li>\n<li><span data-text-color=\"alert\"><strong>Megrendel\u00e9s t\u00f6rl\u00e9se:<\/strong><\/span> Ha le kell mondania a rendel\u00e9st, a lehet\u0151 leghamarabb vegye fel vel\u00fcnk a kapcsolatot a contact@pay.lpwstore.com e-mail c\u00edmen. A megrendel\u00e9st 48 \u00f3r\u00e1ig nem \u00e1ll m\u00f3dunkban le\u00e1ll\u00edtani<\/li>\n<\/ul>\n<h4><strong>HI\u00c1NYZ\u00d3 R\u00c9SZEK<\/strong><\/h4>\n<p>All parts of CADA C61042 MOC The 2020 Ferrari 488 Pista by brunojj1 1 8 \u00a0are quality checked before shipping, so if you find some missing or damaged parts, don&#8217;t worry. Please contact us and we will send them to you without any fees, or we will offer a small refund for you to buy in other places.<\/p>\n<figure id=\"attachment_193450\" aria-describedby=\"caption-attachment-193450\" style=\"width: 1000px\" class=\"wp-caption alignnone\"><img decoding=\"async\" class=\"size-full wp-image-193450\" src=\"https:\/\/pay.lpwstore.com\/wp-content\/uploads\/2020\/07\/CADA-C61042-MOC-The-Ferrari-488-Pista-by-brunojj1-2.jpg\" alt=\"-\" width=\"1000\" height=\"750\" title=\"-\"><figcaption id=\"caption-attachment-193450\" class=\"wp-caption-text\">CADA C61042 MOC The 2020 Ferrari 488 Pista by brunojj1<\/figcaption><\/figure>\n<figure id=\"attachment_193451\" aria-describedby=\"caption-attachment-193451\" style=\"width: 988px\" class=\"wp-caption alignnone\"><img loading=\"lazy\" decoding=\"async\" class=\"size-full wp-image-193451\" src=\"https:\/\/pay.lpwstore.com\/wp-content\/uploads\/2020\/07\/CADA-C61042-MOC-The-Ferrari-488-Pista-by-brunojj1-2.png\" alt=\"-\" width=\"988\" height=\"583\" title=\"-\"><figcaption id=\"caption-attachment-193451\" class=\"wp-caption-text\">CADA C61042 MOC The 2020 Ferrari 488 Pista by brunojj1<\/figcaption><\/figure>\n<figure id=\"attachment_193452\" aria-describedby=\"caption-attachment-193452\" style=\"width: 510px\" class=\"wp-caption alignnone\"><img loading=\"lazy\" decoding=\"async\" class=\"size-full wp-image-193452\" src=\"https:\/\/pay.lpwstore.com\/wp-content\/uploads\/2020\/07\/CADA-C61042-MOC-The-Ferrari-488-Pista-by-brunojj1-3.jpg\" alt=\"-\" width=\"510\" height=\"509\" title=\"-\"><figcaption id=\"caption-attachment-193452\" class=\"wp-caption-text\">CADA C61042 MOC The 2020 Ferrari 488 Pista by brunojj1<\/figcaption><\/figure>\n<figure id=\"attachment_193453\" aria-describedby=\"caption-attachment-193453\" style=\"width: 1020px\" class=\"wp-caption alignnone\"><img loading=\"lazy\" decoding=\"async\" class=\"size-large wp-image-193453\" src=\"https:\/\/pay.lpwstore.com\/wp-content\/uploads\/2020\/07\/CADA-C61042-MOC-The-Ferrari-488-Pista-by-brunojj1-4-1024x350.jpg\" alt=\"-\" width=\"1020\" height=\"349\" title=\"-\"><figcaption id=\"caption-attachment-193453\" class=\"wp-caption-text\">CADA C61042 MOC The 2020 Ferrari 488 Pista by brunojj1<\/figcaption><\/figure>\n<figure id=\"attachment_193454\" aria-describedby=\"caption-attachment-193454\" style=\"width: 1020px\" class=\"wp-caption alignnone\"><img loading=\"lazy\" decoding=\"async\" class=\"size-large wp-image-193454\" src=\"https:\/\/pay.lpwstore.com\/wp-content\/uploads\/2020\/07\/CADA-C61042-MOC-The-Ferrari-488-Pista-by-brunojj1-5-1024x576.jpg\" alt=\"-\" width=\"1020\" height=\"574\" title=\"-\"><figcaption id=\"caption-attachment-193454\" class=\"wp-caption-text\">CADA C61042 MOC The 2020 Ferrari 488 Pista by brunojj1<\/figcaption><\/figure>","protected":false},"excerpt":{"rendered":"<h3><strong>CADA C61042 MOC The 2020 Ferrari 488 Pista by brunojj1 1 8 with remote control<\/strong><\/h3>\n<ul>\n<li>T\u00e9gla mennyis\u00e9ge: <strong>3700+ <\/strong>db<\/li>\n<li>Szolg\u00e1ltat\u00e1s: Ingyenes cserealkatr\u00e9szek<\/li>\n<li>\u00c9rtes\u00edt\u00e9s: <span style=\"text-decoration: underline;\" data-text-color=\"alert\"><strong>Eredeti doboz nincs<\/strong><\/span>,Haszn\u00e1ljon bubor\u00e9kzacsk\u00f3t vagy \u00fcres kartondobozt.<\/li>\n<\/ul>","protected":false},"featured_media":15131,"comment_status":"open","ping_status":"closed","template":"","meta":{"_acf_changed":false},"product_cat":[],"product_tag":[],"class_list":["product","first","instock","shipping-taxable","purchasable","product-type-simple"],"acf":[],"_links":{"self":[{"href":"https:\/\/mouldking.store\/hu\/wp-json\/wp\/v2\/product\/15130","targetHints":{"allow":["GET"]}}],"collection":[{"href":"https:\/\/mouldking.store\/hu\/wp-json\/wp\/v2\/product"}],"about":[{"href":"https:\/\/mouldking.store\/hu\/wp-json\/wp\/v2\/types\/product"}],"replies":[{"embeddable":true,"href":"https:\/\/mouldking.store\/hu\/wp-json\/wp\/v2\/comments?post=15130"}],"wp:featuredmedia":[{"embeddable":true,"href":"https:\/\/mouldking.store\/hu\/wp-json\/wp\/v2\/media\/15131"}],"wp:attachment":[{"href":"https:\/\/mouldking.store\/hu\/wp-json\/wp\/v2\/media?parent=15130"}],"wp:term":[{"taxonomy":"product_cat","embeddable":true,"href":"https:\/\/mouldking.store\/hu\/wp-json\/wp\/v2\/product_cat?post=15130"},{"taxonomy":"product_tag","embeddable":true,"href":"https:\/\/mouldking.store\/hu\/wp-json\/wp\/v2\/product_tag?post=15130"}],"curies":[{"name":"wp","href":"https:\/\/api.w.org\/{rel}","templated":true}]}}