{"id":15167,"date":"2021-09-28T03:16:44","date_gmt":"2021-09-28T03:16:44","guid":{"rendered":"https:\/\/mouldking.store\/product\/66-663-bumblebee-verion-2018-transformer-robot-9977317"},"modified":"2021-12-23T09:53:36","modified_gmt":"2021-12-23T09:53:36","slug":"66-663-bumblebee-verion-2018-transformer-robot","status":"publish","type":"product","link":"https:\/\/mouldking.store\/hu\/shop\/66-663-bumblebee-verion-2018-transformer-robot\/","title":{"rendered":"66 663 Bumblebee Verion 2018 Transformer Robot"},"content":{"rendered":"<p><strong>TERM\u00c9K LE\u00cdR\u00c1S<\/strong><\/p>\n<p>66 663 Bumblebee Verion 2018 Transformer Robot is based\u00a0 on Bumblebee Verion 2018 Transformer Robot in Transformer series film. \u00a0An awesome Brick set 66 663 Bumblebee Verion 2018 Transformer Robot<\/p>\n<p>&nbsp;<\/p>\n<figure id=\"attachment_193601\" aria-describedby=\"caption-attachment-193601\" style=\"width: 482px\" class=\"wp-caption alignnone\"><img fetchpriority=\"high\" decoding=\"async\" class=\"wp-image-193601 size-full\" src=\"https:\/\/pay.lpwstore.com\/wp-content\/uploads\/2020\/07\/images.jpg\" alt=\"-\" width=\"482\" height=\"723\" title=\"-\"><figcaption id=\"caption-attachment-193601\" class=\"wp-caption-text\">66 663 Bumblebee Verion 2018 Transformer Robot<\/figcaption><\/figure>\n<p>Bumblebee \/\u00a0 Transformers: Bumblebee, is a famous 2018 American science fiction action film centered on the Transformers character of the same name.<\/p>\n<p>It is the sixth installment of the live-action Transformers film series. Developed as a spin-off and prequel, it was later declared a reboot of the franchise<\/p>\n<ul>\n<li>+3500 pieces made from high-quality 100% ABS plastic bricks, safe for children, long time to play, 100% compatible with other brick brands<\/li>\n<li><span style=\"font-size: 14.4px;\">Easy-to-build with manual instruction of 66 663 Bumblebee Verion 2018 Transformer Robot <\/span><span style=\"font-size: 14.4px; color: #555555;\">t\u00e9gl\u00e1r\u00f3l t\u00e9gl\u00e1ra \u00fatmutat\u00f3val \u00e9s kiv\u00e1l\u00f3 min\u0151s\u00e9g\u0171 k\u00e9pekkel<\/span><\/li>\n<li><span style=\"font-size: 14.4px;\">Full dimensions of 66-661 Optimus Prime Transformer Robot: High 44.5cm x 27cm x 14.5cm<\/span><\/li>\n<\/ul>\n<figure id=\"attachment_193596\" aria-describedby=\"caption-attachment-193596\" style=\"width: 576px\" class=\"wp-caption alignnone\"><img decoding=\"async\" class=\"wp-image-193596 size-large\" src=\"https:\/\/pay.lpwstore.com\/wp-content\/uploads\/2020\/07\/66-663-Bumblebee-Verion-2018-Transformer-Robot-3-576x1024.jpg\" alt=\"-\" width=\"576\" height=\"1024\" title=\"-\"><figcaption id=\"caption-attachment-193596\" class=\"wp-caption-text\">66 663 Bumblebee Verion 2018 Transformer Robot<\/figcaption><\/figure>\n<figure id=\"attachment_193600\" aria-describedby=\"caption-attachment-193600\" style=\"width: 1020px\" class=\"wp-caption alignnone\"><img decoding=\"async\" class=\"size-large wp-image-193600\" src=\"https:\/\/pay.lpwstore.com\/wp-content\/uploads\/2020\/07\/66-663-Bumblebee-Verion-2018-Transformer-Robot-4-1024x720.png\" alt=\"-\" width=\"1020\" height=\"717\" title=\"-\"><figcaption id=\"caption-attachment-193600\" class=\"wp-caption-text\">66 663 Bumblebee Verion 2018 Transformer Robot Vs Version 2018 Film<\/figcaption><\/figure>\n<h4><strong>SZ\u00c1LL\u00cdT\u00c1S \u00c9S VISSZAT\u00c9R\u00c9S<\/strong><\/h4>\n<p>We guarantee for 66 663 Bumblebee Verion 2018 Transformer Robot<\/p>\n<ul>\n<li>Teljes visszat\u00e9r\u00edt\u00e9s, ha nem kapja meg megrendel\u00e9s\u00e9t<\/li>\n<li>Ingyenes gondoskodni a hi\u00e1nyz\u00f3 darabok vagy k\u00e9zik\u00f6nyv k\u00f6nyv<\/li>\n<li>Az \u00dcgyf\u00e9l nem fizet t\u00f6bb ad\u00f3t \u00e9s v\u00e1md\u00edjat. (Ha fizetni kell, visszafizetj\u00fck)<\/li>\n<li>A nemzetk\u00f6zi sz\u00e1ll\u00edt\u00e1s meglehet\u0151sen bonyolult, igyeksz\u00fcnk minden probl\u00e9m\u00e1j\u00e1t feldolgozni. Ha azonban rendel\u00e9se probl\u00e9m\u00e1ba \u00fctk\u00f6zik, k\u00e9rj\u00fck, vegye fel vel\u00fcnk a kapcsolatot e-mailben<\/li>\n<li><span data-text-color=\"alert\"><strong>Megrendel\u00e9s t\u00f6rl\u00e9se:<\/strong><\/span> Ha le kell mondania a rendel\u00e9st, a lehet\u0151 leghamarabb vegye fel vel\u00fcnk a kapcsolatot a contact@pay.lpwstore.com e-mail c\u00edmen. A megrendel\u00e9st 48 \u00f3r\u00e1ig nem \u00e1ll m\u00f3dunkban le\u00e1ll\u00edtani<\/li>\n<\/ul>\n<h4><strong>HI\u00c1NYZ\u00d3 R\u00c9SZEK<\/strong><\/h4>\n<p>All parts of 66 663 Bumblebee Verion 2018 Transformer Robot are quality checked before shipping, so if you find some missing or damaged parts, don&#8217;t worry.\u00a0 Please contact us and we will send them to you without any fees, or we will offer a small refund for you to buy in other places.<\/p>\n<figure id=\"attachment_193593\" aria-describedby=\"caption-attachment-193593\" style=\"width: 576px\" class=\"wp-caption alignnone\"><img loading=\"lazy\" decoding=\"async\" class=\"wp-image-193593 size-large\" src=\"https:\/\/pay.lpwstore.com\/wp-content\/uploads\/2020\/07\/66-663-Bumblebee-Verion-2018-Transformer-Robot-1-576x1024.jpg\" alt=\"-\" width=\"576\" height=\"1024\" title=\"-\"><figcaption id=\"caption-attachment-193593\" class=\"wp-caption-text\">66 663 Bumblebee Verion 2018 Transformer Robot<\/figcaption><\/figure>\n<figure id=\"attachment_193595\" aria-describedby=\"caption-attachment-193595\" style=\"width: 576px\" class=\"wp-caption alignnone\"><img loading=\"lazy\" decoding=\"async\" class=\"wp-image-193595 size-large\" src=\"https:\/\/pay.lpwstore.com\/wp-content\/uploads\/2020\/07\/66-663-Bumblebee-Verion-2018-Transformer-Robot-2-576x1024.jpg\" alt=\"-\" width=\"576\" height=\"1024\" title=\"-\"><figcaption id=\"caption-attachment-193595\" class=\"wp-caption-text\">66 663 Bumblebee Verion 2018 Transformer Robot<\/figcaption><\/figure>\n<figure id=\"attachment_193597\" aria-describedby=\"caption-attachment-193597\" style=\"width: 576px\" class=\"wp-caption alignnone\"><img loading=\"lazy\" decoding=\"async\" class=\"wp-image-193597 size-large\" src=\"https:\/\/pay.lpwstore.com\/wp-content\/uploads\/2020\/07\/66-663-Bumblebee-Verion-2018-Transformer-Robot-5-576x1024.jpg\" alt=\"-\" width=\"576\" height=\"1024\" title=\"-\"><figcaption id=\"caption-attachment-193597\" class=\"wp-caption-text\">66 663 Bumblebee Verion 2018 Transformer Robot<\/figcaption><\/figure>\n<figure id=\"attachment_193598\" aria-describedby=\"caption-attachment-193598\" style=\"width: 576px\" class=\"wp-caption alignnone\"><img loading=\"lazy\" decoding=\"async\" class=\"wp-image-193598 size-large\" src=\"https:\/\/pay.lpwstore.com\/wp-content\/uploads\/2020\/07\/66-663-Bumblebee-Verion-2018-Transformer-Robot-6-576x1024.jpg\" alt=\"-\" width=\"576\" height=\"1024\" title=\"-\"><figcaption id=\"caption-attachment-193598\" class=\"wp-caption-text\">66 663 Bumblebee Verion 2018 Transformer Robot<\/figcaption><\/figure>\n<figure id=\"attachment_180966\" class=\"wp-caption alignnone\" style=\"width: 605px;\" aria-describedby=\"caption-attachment-180966\"><\/figure>\n<div id=\"gtx-anchor\" style=\"position: absolute; visibility: hidden; left: 10px; top: 51.7813px; width: 522px; height: 16px;\"><\/div>\n<div class=\"jfk-bubble gtx-bubble\" style=\"visibility: visible; left: -54px; top: 78px; opacity: 1;\" role=\"alertdialog\" aria-describedby=\"bubble-2\">\n<div id=\"bubble-2\" class=\"jfk-bubble-content-id\">\n<div id=\"gtx-host\" style=\"min-width: 200px; max-width: 400px;\"><\/div>\n<\/div>\n<div class=\"jfk-bubble-closebtn-id jfk-bubble-closebtn\" tabindex=\"0\" role=\"button\" aria-label=\"Bez\u00e1r\u00e1s\"><\/div>\n<div class=\"jfk-bubble-arrow-id jfk-bubble-arrow jfk-bubble-arrowup\" style=\"left: 261px;\">\n<div class=\"jfk-bubble-arrowimplbefore\"><\/div>\n<div class=\"jfk-bubble-arrowimplafter\"><\/div>\n<\/div>\n<\/div>","protected":false},"excerpt":{"rendered":"<h2><span style=\"color: #ff0000;\"><strong>EL\u0150AD\u00c1S!<\/strong><\/span><\/h2>\n<h2><strong>66 663 Bumblebee Verion 2018 Transformer Robot<\/strong><\/h2>\n<ul>\n<li>T\u00e9gla mennyis\u00e9ge:<strong>3500+ <\/strong>db<\/li>\n<li>Kiv\u00e1l\u00f3 min\u0151s\u00e9g\u0171 blokk<\/li>\n<li>Szolg\u00e1ltat\u00e1s: Ingyenes cserealkatr\u00e9szek<\/li>\n<\/ul>","protected":false},"featured_media":15168,"comment_status":"open","ping_status":"closed","template":"","meta":{"_acf_changed":false},"product_cat":[],"product_tag":[],"class_list":["product","first","outofstock","shipping-taxable","purchasable","product-type-simple"],"acf":[],"_links":{"self":[{"href":"https:\/\/mouldking.store\/hu\/wp-json\/wp\/v2\/product\/15167","targetHints":{"allow":["GET"]}}],"collection":[{"href":"https:\/\/mouldking.store\/hu\/wp-json\/wp\/v2\/product"}],"about":[{"href":"https:\/\/mouldking.store\/hu\/wp-json\/wp\/v2\/types\/product"}],"replies":[{"embeddable":true,"href":"https:\/\/mouldking.store\/hu\/wp-json\/wp\/v2\/comments?post=15167"}],"wp:featuredmedia":[{"embeddable":true,"href":"https:\/\/mouldking.store\/hu\/wp-json\/wp\/v2\/media\/15168"}],"wp:attachment":[{"href":"https:\/\/mouldking.store\/hu\/wp-json\/wp\/v2\/media?parent=15167"}],"wp:term":[{"taxonomy":"product_cat","embeddable":true,"href":"https:\/\/mouldking.store\/hu\/wp-json\/wp\/v2\/product_cat?post=15167"},{"taxonomy":"product_tag","embeddable":true,"href":"https:\/\/mouldking.store\/hu\/wp-json\/wp\/v2\/product_tag?post=15167"}],"curies":[{"name":"wp","href":"https:\/\/api.w.org\/{rel}","templated":true}]}}