{"id":15179,"date":"2021-09-28T03:17:04","date_gmt":"2021-09-28T03:17:04","guid":{"rendered":"https:\/\/mouldking.store\/product\/sembo-203306-dongfanghong-satellite-launch-pad-space-flight-7445519"},"modified":"2021-12-23T09:53:36","modified_gmt":"2021-12-23T09:53:36","slug":"sembo-203306-dongfanghong-satellite-launch-pad-space-flight","status":"publish","type":"product","link":"https:\/\/mouldking.store\/hu\/shop\/sembo-203306-dongfanghong-satellite-launch-pad-space-flight\/","title":{"rendered":"SEMBO 203306 Dongfanghong satellite launch pad &#8211; Space Flight"},"content":{"rendered":"<p style=\"text-align: left;\"><span>Explore the mysteries of the universe: the Dongfanghong satellite launcher (Space Flight) belongs to the city series of building block sets. The entire set contains 1,627 building block particles.\u00a0<\/span><span>2020-ban ker\u00fcl forgalomba.<\/span><\/p>\n<p><img fetchpriority=\"high\" decoding=\"async\" class=\"alignnone size-full wp-image-193766 aligncenter\" src=\"https:\/\/pay.lpwstore.com\/wp-content\/uploads\/2020\/07\/SEMBO-203306-Dongfanghong-satellite-launch-pad-Space-Flight-4.jpg\" alt=\"SEMBO-203306-Dongfanghong-satellite-launch-pad---Space-Flight-4\" width=\"800\" height=\"800\" title=\"-\"> <img decoding=\"async\" class=\"alignnone size-full wp-image-193765 aligncenter\" src=\"https:\/\/pay.lpwstore.com\/wp-content\/uploads\/2020\/07\/SEMBO-203306-Dongfanghong-satellite-launch-pad-Space-Flight-3.jpg\" alt=\"-\" width=\"800\" height=\"800\" title=\"-\"> <img decoding=\"async\" class=\"alignnone size-full wp-image-193767 aligncenter\" src=\"https:\/\/pay.lpwstore.com\/wp-content\/uploads\/2020\/07\/SEMBO-203306-Dongfanghong-satellite-launch-pad-Space-Flight-5.jpg\" alt=\"-\" width=\"800\" height=\"800\" title=\"-\"> <img loading=\"lazy\" decoding=\"async\" class=\"alignnone size-full wp-image-193763 aligncenter\" src=\"https:\/\/pay.lpwstore.com\/wp-content\/uploads\/2020\/07\/SEMBO-203306-Dongfanghong-satellite-launch-pad-Space-Flight.jpg\" alt=\"-\" width=\"800\" height=\"800\" title=\"-\"> <img loading=\"lazy\" decoding=\"async\" class=\"alignnone size-full wp-image-193764 aligncenter\" src=\"https:\/\/pay.lpwstore.com\/wp-content\/uploads\/2020\/07\/SEMBO-203306-Dongfanghong-satellite-launch-pad-Space-Flight-2.jpg\" alt=\"-\" width=\"800\" height=\"800\" title=\"-\"><\/p>","protected":false},"excerpt":{"rendered":"<ul>\n<li>Tartalmazza <strong>1627+<\/strong> db<\/li>\n<li>K\u00e9zi haszn\u00e1lati \u00fatmutat\u00f3<\/li>\n<li>Kiv\u00e1l\u00f3 min\u0151s\u00e9g\u0171 ABS blokk<\/li>\n<\/ul>","protected":false},"featured_media":15180,"comment_status":"open","ping_status":"closed","template":"","meta":{"_acf_changed":false},"product_cat":[],"product_tag":[],"class_list":["product","first","instock","shipping-taxable","purchasable","product-type-simple"],"acf":[],"_links":{"self":[{"href":"https:\/\/mouldking.store\/hu\/wp-json\/wp\/v2\/product\/15179","targetHints":{"allow":["GET"]}}],"collection":[{"href":"https:\/\/mouldking.store\/hu\/wp-json\/wp\/v2\/product"}],"about":[{"href":"https:\/\/mouldking.store\/hu\/wp-json\/wp\/v2\/types\/product"}],"replies":[{"embeddable":true,"href":"https:\/\/mouldking.store\/hu\/wp-json\/wp\/v2\/comments?post=15179"}],"wp:featuredmedia":[{"embeddable":true,"href":"https:\/\/mouldking.store\/hu\/wp-json\/wp\/v2\/media\/15180"}],"wp:attachment":[{"href":"https:\/\/mouldking.store\/hu\/wp-json\/wp\/v2\/media?parent=15179"}],"wp:term":[{"taxonomy":"product_cat","embeddable":true,"href":"https:\/\/mouldking.store\/hu\/wp-json\/wp\/v2\/product_cat?post=15179"},{"taxonomy":"product_tag","embeddable":true,"href":"https:\/\/mouldking.store\/hu\/wp-json\/wp\/v2\/product_tag?post=15179"}],"curies":[{"name":"wp","href":"https:\/\/api.w.org\/{rel}","templated":true}]}}