{"id":15322,"date":"2021-09-28T03:18:19","date_gmt":"2021-09-28T03:18:19","guid":{"rendered":"https:\/\/mouldking.store\/product\/sy-1516-crazy-titan-thanos-star-soldier-8321687"},"modified":"2021-12-23T09:53:33","modified_gmt":"2021-12-23T09:53:33","slug":"sy-1516-crazy-titan-thanos-star-soldier","status":"publish","type":"product","link":"https:\/\/mouldking.store\/hu\/shop\/sy-1516-crazy-titan-thanos-star-soldier\/","title":{"rendered":"SY 1516 Crazy Titan Thanos &#8211; Star Soldier"},"content":{"rendered":"<p><span>Star Soldier: Crazy Titan Thanos Collector&#8217;s Edition (Star Soldier) belongs to the superhero series building block set, the whole set contains 1025 brick particles.\u00a0<\/span><span>El\u0151sz\u00f6r 2020-ban jelent meg.<\/span><\/p>\n<p><img fetchpriority=\"high\" decoding=\"async\" class=\"size-full wp-image-193871 aligncenter\" src=\"https:\/\/pay.lpwstore.com\/wp-content\/uploads\/2020\/07\/SY-1516-Crazy-Titan-Thanos-Star-Soldier.jpg\" alt=\"SY-1516-Crazy-Titan-Thanos---Star-Soldier\" width=\"800\" height=\"800\" title=\"-\"> <img decoding=\"async\" class=\"size-full wp-image-193872 aligncenter\" src=\"https:\/\/pay.lpwstore.com\/wp-content\/uploads\/2020\/07\/SY-1516-Crazy-Titan-Thanos-Star-Soldier-2.jpg\" alt=\"SY-1516-Crazy-Titan-Thanos---Star-Soldier-2\" width=\"800\" height=\"800\" title=\"-\"><\/p>","protected":false},"excerpt":{"rendered":"<ul>\n<li>Tartalmazza <strong>1025+<\/strong> db<\/li>\n<li>K\u00e9zi haszn\u00e1lati \u00fatmutat\u00f3<\/li>\n<li>Kiv\u00e1l\u00f3 min\u0151s\u00e9g\u0171 ABS blokk<\/li>\n<li>Eredeti doboza nincs<\/li>\n<\/ul>","protected":false},"featured_media":15323,"comment_status":"open","ping_status":"closed","template":"","meta":{"_acf_changed":false},"product_cat":[],"product_tag":[],"class_list":["product","first","instock","shipping-taxable","purchasable","product-type-simple"],"acf":[],"_links":{"self":[{"href":"https:\/\/mouldking.store\/hu\/wp-json\/wp\/v2\/product\/15322","targetHints":{"allow":["GET"]}}],"collection":[{"href":"https:\/\/mouldking.store\/hu\/wp-json\/wp\/v2\/product"}],"about":[{"href":"https:\/\/mouldking.store\/hu\/wp-json\/wp\/v2\/types\/product"}],"replies":[{"embeddable":true,"href":"https:\/\/mouldking.store\/hu\/wp-json\/wp\/v2\/comments?post=15322"}],"wp:featuredmedia":[{"embeddable":true,"href":"https:\/\/mouldking.store\/hu\/wp-json\/wp\/v2\/media\/15323"}],"wp:attachment":[{"href":"https:\/\/mouldking.store\/hu\/wp-json\/wp\/v2\/media?parent=15322"}],"wp:term":[{"taxonomy":"product_cat","embeddable":true,"href":"https:\/\/mouldking.store\/hu\/wp-json\/wp\/v2\/product_cat?post=15322"},{"taxonomy":"product_tag","embeddable":true,"href":"https:\/\/mouldking.store\/hu\/wp-json\/wp\/v2\/product_tag?post=15322"}],"curies":[{"name":"wp","href":"https:\/\/api.w.org\/{rel}","templated":true}]}}