{"id":15490,"date":"2021-09-28T03:21:22","date_gmt":"2021-09-28T03:21:22","guid":{"rendered":"https:\/\/mouldking.store\/product\/sy-1532-heroes-assemble-spider-man-dragon-ambush-6249163"},"modified":"2021-12-23T09:53:30","modified_gmt":"2021-12-23T09:53:30","slug":"sy-1532-heroes-assemble-spider-man-dragon-ambush","status":"publish","type":"product","link":"https:\/\/mouldking.store\/hu\/shop\/sy-1532-heroes-assemble-spider-man-dragon-ambush\/","title":{"rendered":"SY 1532 Heroes Assemble Spider-Man: Dragon Ambush"},"content":{"rendered":"<p><span>Spider-Man: Heroes Assemble belongs to the superhero series building block set, the whole set contains 786 building block particles.\u00a0<\/span><span>El\u0151sz\u00f6r 2020-ban jelent meg.<\/span><\/p>\n<p><img fetchpriority=\"high\" decoding=\"async\" class=\"size-full wp-image-194736 aligncenter\" src=\"https:\/\/pay.lpwstore.com\/wp-content\/uploads\/2020\/08\/SY-1532-Heroes-Assemble-Spider-Man-Dragon-Ambush.jpg\" alt=\"SY-1532-Heroes-Assemble-Spider-Man-Dragon-Ambush\" width=\"800\" height=\"800\" title=\"-\"><\/p>","protected":false},"excerpt":{"rendered":"<ul>\n<li>Tartalmazza <strong>786+<\/strong> db<\/li>\n<li>K\u00e9zi haszn\u00e1lati \u00fatmutat\u00f3<\/li>\n<li>Kiv\u00e1l\u00f3 min\u0151s\u00e9g\u0171 ABS blokk<\/li>\n<li>Eredeti doboza nincs<\/li>\n<\/ul>","protected":false},"featured_media":15491,"comment_status":"open","ping_status":"closed","template":"","meta":{"_acf_changed":false},"product_cat":[],"product_tag":[],"class_list":["product","first","instock","shipping-taxable","purchasable","product-type-simple"],"acf":[],"_links":{"self":[{"href":"https:\/\/mouldking.store\/hu\/wp-json\/wp\/v2\/product\/15490","targetHints":{"allow":["GET"]}}],"collection":[{"href":"https:\/\/mouldking.store\/hu\/wp-json\/wp\/v2\/product"}],"about":[{"href":"https:\/\/mouldking.store\/hu\/wp-json\/wp\/v2\/types\/product"}],"replies":[{"embeddable":true,"href":"https:\/\/mouldking.store\/hu\/wp-json\/wp\/v2\/comments?post=15490"}],"wp:featuredmedia":[{"embeddable":true,"href":"https:\/\/mouldking.store\/hu\/wp-json\/wp\/v2\/media\/15491"}],"wp:attachment":[{"href":"https:\/\/mouldking.store\/hu\/wp-json\/wp\/v2\/media?parent=15490"}],"wp:term":[{"taxonomy":"product_cat","embeddable":true,"href":"https:\/\/mouldking.store\/hu\/wp-json\/wp\/v2\/product_cat?post=15490"},{"taxonomy":"product_tag","embeddable":true,"href":"https:\/\/mouldking.store\/hu\/wp-json\/wp\/v2\/product_tag?post=15490"}],"curies":[{"name":"wp","href":"https:\/\/api.w.org\/{rel}","templated":true}]}}