{"id":15529,"date":"2021-09-28T03:22:23","date_gmt":"2021-09-28T03:22:23","guid":{"rendered":"https:\/\/mouldking.store\/product\/xingbao-xb-06019-through-the-battlefield-armored-troop-carrier-hovercraft-1339643"},"modified":"2021-12-23T09:53:29","modified_gmt":"2021-12-23T09:53:29","slug":"xingbao-xb-06019-through-the-battlefield-armored-troop-carrier-hovercraft","status":"publish","type":"product","link":"https:\/\/mouldking.store\/hu\/shop\/xingbao-xb-06019-through-the-battlefield-armored-troop-carrier-hovercraft\/","title":{"rendered":"XINGBAO XB-06019 A csatat\u00e9ren kereszt\u00fcl: p\u00e1nc\u00e9lozott csapatsz\u00e1ll\u00edt\u00f3 l\u00e9gp\u00e1rn\u00e1s j\u00e1rm\u0171"},"content":{"rendered":"<p>A Shark Legion nagy l\u00e9gp\u00e1rn\u00e1s j\u00e1rm\u0171ve a Skorpi\u00f3 L\u00e9gi\u00f3 k\u00e9t joghat\u00f3s\u00e1g\u00e1ban tervez partrasz\u00e1ll\u00e1st, \u00e9s haditenger\u00e9szeti el\u0151ny\u00e9t katonai ter\u00fclet\u00e9nek b\u0151v\u00edt\u00e9s\u00e9re k\u00edv\u00e1nja haszn\u00e1lni\u2026<\/p>\n<p><img fetchpriority=\"high\" decoding=\"async\" class=\"alignnone size-full wp-image-194831\" src=\"https:\/\/pay.lpwstore.com\/wp-content\/uploads\/2020\/08\/Untitled-4.jpg\" alt=\"XINGBAO XB-06019 Through the battlefield: armored troop carrier hovercraft\" width=\"800\" height=\"800\" title=\"-\"> <img decoding=\"async\" class=\"alignnone size-full wp-image-194830\" src=\"https:\/\/pay.lpwstore.com\/wp-content\/uploads\/2020\/08\/Untitled-3.jpg\" alt=\"-\" width=\"800\" height=\"800\" title=\"-\"> <img decoding=\"async\" class=\"alignnone size-full wp-image-194829\" src=\"https:\/\/pay.lpwstore.com\/wp-content\/uploads\/2020\/08\/Untitled-1.jpg\" alt=\"-\" width=\"800\" height=\"800\" title=\"-\"> <img loading=\"lazy\" decoding=\"async\" class=\"alignnone size-full wp-image-194828\" src=\"https:\/\/pay.lpwstore.com\/wp-content\/uploads\/2020\/08\/Untitled-2.jpg\" alt=\"XINGBAO XB-06019 Through the battlefield: armored troop carrier hovercraft\" width=\"800\" height=\"800\" title=\"-\"><\/p>","protected":false},"excerpt":{"rendered":"<ul>\n<li>Tartalmazza\u00a0<strong>3006+<\/strong>\u00a0db<\/li>\n<li>K\u00e9zi haszn\u00e1lati \u00fatmutat\u00f3<\/li>\n<li>Kiv\u00e1l\u00f3 min\u0151s\u00e9g\u0171 ABS blokk<\/li>\n<\/ul>","protected":false},"featured_media":15530,"comment_status":"open","ping_status":"closed","template":"","meta":{"_acf_changed":false},"product_cat":[],"product_tag":[],"class_list":["product","first","outofstock","shipping-taxable","purchasable","product-type-simple"],"acf":[],"_links":{"self":[{"href":"https:\/\/mouldking.store\/hu\/wp-json\/wp\/v2\/product\/15529","targetHints":{"allow":["GET"]}}],"collection":[{"href":"https:\/\/mouldking.store\/hu\/wp-json\/wp\/v2\/product"}],"about":[{"href":"https:\/\/mouldking.store\/hu\/wp-json\/wp\/v2\/types\/product"}],"replies":[{"embeddable":true,"href":"https:\/\/mouldking.store\/hu\/wp-json\/wp\/v2\/comments?post=15529"}],"wp:featuredmedia":[{"embeddable":true,"href":"https:\/\/mouldking.store\/hu\/wp-json\/wp\/v2\/media\/15530"}],"wp:attachment":[{"href":"https:\/\/mouldking.store\/hu\/wp-json\/wp\/v2\/media?parent=15529"}],"wp:term":[{"taxonomy":"product_cat","embeddable":true,"href":"https:\/\/mouldking.store\/hu\/wp-json\/wp\/v2\/product_cat?post=15529"},{"taxonomy":"product_tag","embeddable":true,"href":"https:\/\/mouldking.store\/hu\/wp-json\/wp\/v2\/product_tag?post=15529"}],"curies":[{"name":"wp","href":"https:\/\/api.w.org\/{rel}","templated":true}]}}