{"id":15565,"date":"2021-09-28T03:23:09","date_gmt":"2021-09-28T03:23:09","guid":{"rendered":"https:\/\/mouldking.store\/product\/wange-5661-jungle-command-war-6-combination-armed-reconnaissance-3254821"},"modified":"2021-12-23T09:53:29","modified_gmt":"2021-12-23T09:53:29","slug":"wange-5661-jungle-command-war-6-combination-armed-reconnaissance","status":"publish","type":"product","link":"https:\/\/mouldking.store\/hu\/shop\/wange-5661-jungle-command-war-6-combination-armed-reconnaissance\/","title":{"rendered":"WANGE 5661 Jungle Command War 6 Combination Armed Reconnaissance"},"content":{"rendered":"<p><span>Jungle Command War Room, Combat Helicopter 6 Combination Armed Reconnaissance Aircraft, Land Combat Submarine, Field Investigation Station, Air Defense Armored Vehicle, Decapitation UAV, Armed Detention Base (Peaceful) belong to the military series building block set, the whole set contains 1059 building blocks Particles.\u00a0<\/span><span>El\u0151sz\u00f6r 2020-ban jelent meg.<\/span><\/p>\n<p><img fetchpriority=\"high\" decoding=\"async\" class=\"wp-image-195082 aligncenter\" src=\"https:\/\/pay.lpwstore.com\/wp-content\/uploads\/2020\/08\/WANGE-5661-Jungle-Command-War-6-Combination-Armed-Reconnaissance-2.jpg\" alt=\"WANGE-5661-Jungle-Command-War-6-Combination-Armed-Reconnaissance-2\" width=\"747\" height=\"1055\" title=\"-\"><\/p>","protected":false},"excerpt":{"rendered":"<ul>\n<li>Tartalmazza <strong>1059+<\/strong> db<\/li>\n<li>K\u00e9zi haszn\u00e1lati \u00fatmutat\u00f3<\/li>\n<li>Kiv\u00e1l\u00f3 min\u0151s\u00e9g\u0171 ABS blokk<\/li>\n<\/ul>","protected":false},"featured_media":15566,"comment_status":"open","ping_status":"closed","template":"","meta":{"_acf_changed":false},"product_cat":[],"product_tag":[],"class_list":["product","first","instock","shipping-taxable","purchasable","product-type-simple"],"acf":[],"_links":{"self":[{"href":"https:\/\/mouldking.store\/hu\/wp-json\/wp\/v2\/product\/15565","targetHints":{"allow":["GET"]}}],"collection":[{"href":"https:\/\/mouldking.store\/hu\/wp-json\/wp\/v2\/product"}],"about":[{"href":"https:\/\/mouldking.store\/hu\/wp-json\/wp\/v2\/types\/product"}],"replies":[{"embeddable":true,"href":"https:\/\/mouldking.store\/hu\/wp-json\/wp\/v2\/comments?post=15565"}],"wp:featuredmedia":[{"embeddable":true,"href":"https:\/\/mouldking.store\/hu\/wp-json\/wp\/v2\/media\/15566"}],"wp:attachment":[{"href":"https:\/\/mouldking.store\/hu\/wp-json\/wp\/v2\/media?parent=15565"}],"wp:term":[{"taxonomy":"product_cat","embeddable":true,"href":"https:\/\/mouldking.store\/hu\/wp-json\/wp\/v2\/product_cat?post=15565"},{"taxonomy":"product_tag","embeddable":true,"href":"https:\/\/mouldking.store\/hu\/wp-json\/wp\/v2\/product_tag?post=15565"}],"curies":[{"name":"wp","href":"https:\/\/api.w.org\/{rel}","templated":true}]}}