{"id":15695,"date":"2021-09-28T03:23:45","date_gmt":"2021-09-28T03:23:45","guid":{"rendered":"https:\/\/mouldking.store\/product\/sembo-202125-z-20-attack-helicopter-4566241"},"modified":"2021-12-23T09:53:25","modified_gmt":"2021-12-23T09:53:25","slug":"sembo-202125-z-20-attack-helicopter","status":"publish","type":"product","link":"https:\/\/mouldking.store\/hu\/shop\/sembo-202125-z-20-attack-helicopter\/","title":{"rendered":"SEMBO 202125 Z-20 Attack Helicopter"},"content":{"rendered":"<p><span>The Z-20 Attack Helicopter is a military series building block set. The whole set contains 935 building block particles.\u00a0<\/span><span>El\u0151sz\u00f6r 2020-ban jelent meg.<\/span><\/p>\n<p><img fetchpriority=\"high\" decoding=\"async\" class=\"alignnone size-full wp-image-195254\" src=\"https:\/\/pay.lpwstore.com\/wp-content\/uploads\/2020\/08\/202125-4.jpg\" alt=\"SEMBO 202125 Z-20 Attack Helicopter\" width=\"800\" height=\"800\" title=\"-\"> <img decoding=\"async\" class=\"alignnone size-full wp-image-195253\" src=\"https:\/\/pay.lpwstore.com\/wp-content\/uploads\/2020\/08\/202125-3.jpg\" alt=\"SEMBO 202125 Z-20 Attack Helicopter\" width=\"800\" height=\"800\" title=\"-\"> <img decoding=\"async\" class=\"alignnone size-full wp-image-195252\" src=\"https:\/\/pay.lpwstore.com\/wp-content\/uploads\/2020\/08\/202125-2.jpg\" alt=\"SEMBO 202125 Z-20 Attack Helicopter\" width=\"800\" height=\"800\" title=\"-\"> <img loading=\"lazy\" decoding=\"async\" class=\"alignnone size-full wp-image-195251\" src=\"https:\/\/pay.lpwstore.com\/wp-content\/uploads\/2020\/08\/202125-1.jpg\" alt=\"SEMBO 202125 Z-20 Attack Helicopter\" width=\"800\" height=\"800\" title=\"-\"><\/p>","protected":false},"excerpt":{"rendered":"<ul>\n<li>Tartalmazza\u00a0<strong>935+<\/strong>\u00a0db<\/li>\n<li>K\u00e9zi haszn\u00e1lati \u00fatmutat\u00f3<\/li>\n<li>Kiv\u00e1l\u00f3 min\u0151s\u00e9g\u0171 ABS blokk<\/li>\n<li>Eredeti doboza nincs<\/li>\n<\/ul>","protected":false},"featured_media":15696,"comment_status":"open","ping_status":"closed","template":"","meta":{"_acf_changed":false},"product_cat":[],"product_tag":[],"class_list":["product","first","instock","shipping-taxable","purchasable","product-type-simple"],"acf":[],"_links":{"self":[{"href":"https:\/\/mouldking.store\/hu\/wp-json\/wp\/v2\/product\/15695","targetHints":{"allow":["GET"]}}],"collection":[{"href":"https:\/\/mouldking.store\/hu\/wp-json\/wp\/v2\/product"}],"about":[{"href":"https:\/\/mouldking.store\/hu\/wp-json\/wp\/v2\/types\/product"}],"replies":[{"embeddable":true,"href":"https:\/\/mouldking.store\/hu\/wp-json\/wp\/v2\/comments?post=15695"}],"wp:featuredmedia":[{"embeddable":true,"href":"https:\/\/mouldking.store\/hu\/wp-json\/wp\/v2\/media\/15696"}],"wp:attachment":[{"href":"https:\/\/mouldking.store\/hu\/wp-json\/wp\/v2\/media?parent=15695"}],"wp:term":[{"taxonomy":"product_cat","embeddable":true,"href":"https:\/\/mouldking.store\/hu\/wp-json\/wp\/v2\/product_cat?post=15695"},{"taxonomy":"product_tag","embeddable":true,"href":"https:\/\/mouldking.store\/hu\/wp-json\/wp\/v2\/product_tag?post=15695"}],"curies":[{"name":"wp","href":"https:\/\/api.w.org\/{rel}","templated":true}]}}