{"id":15722,"date":"2021-09-28T03:24:06","date_gmt":"2021-09-28T03:24:06","guid":{"rendered":"https:\/\/mouldking.store\/product\/kazi-ky98253-military-train-dpk32-railway-track-laying-machine-3042530"},"modified":"2021-12-23T09:53:24","modified_gmt":"2021-12-23T09:53:24","slug":"kazi-ky98253-military-train-dpk32-railway-track-laying-machine","status":"publish","type":"product","link":"https:\/\/mouldking.store\/hu\/shop\/kazi-ky98253-military-train-dpk32-railway-track-laying-machine\/","title":{"rendered":"KAZI KY98253 Katonai vonat: DPK32 vas\u00fati p\u00e1lyafektet\u0151 g\u00e9p"},"content":{"rendered":"<p style=\"text-align: left;\">Katonai vonat: DPK32 vas\u00fati p\u00e1lyafektet\u0151 g\u00e9p (Military Train) a v\u00e1rosi sorozat \u00e9p\u00edt\u0151elem k\u00e9szlet\u00e9be tartozik, a teljes k\u00e9szlet 1270 db \u00e9p\u00edt\u0151elem r\u00e9szecsk\u00e9t tartalmaz. El\u0151sz\u00f6r 2020-ban jelent meg.<\/p>\n<p><img fetchpriority=\"high\" decoding=\"async\" class=\"alignnone size-full wp-image-195374 aligncenter\" src=\"https:\/\/pay.lpwstore.com\/wp-content\/uploads\/2020\/08\/KAZI-KY98253-Military-train-DPK32-railway-track-laying-machine.jpg\" alt=\"KAZI-KY98253-Military-train-DPK32-railway-track-laying-machine\" width=\"800\" height=\"800\" title=\"-\"> <img decoding=\"async\" class=\"alignnone size-full wp-image-195375 aligncenter\" src=\"https:\/\/pay.lpwstore.com\/wp-content\/uploads\/2020\/08\/KAZI-KY98253-Military-train-DPK32-railway-track-laying-machine-2.jpg\" alt=\"KAZI-KY98253-Military-train-DPK32-railway-track-laying-machine-2\" width=\"800\" height=\"800\" title=\"-\"><\/p>","protected":false},"excerpt":{"rendered":"<ul>\n<li>Tartalmazza <strong>1270+<\/strong> db<\/li>\n<li>K\u00e9zi haszn\u00e1lati \u00fatmutat\u00f3<\/li>\n<li>Kiv\u00e1l\u00f3 min\u0151s\u00e9g\u0171 ABS blokk<\/li>\n<li>Eredeti doboza nincs<\/li>\n<\/ul>","protected":false},"featured_media":15723,"comment_status":"open","ping_status":"closed","template":"","meta":{"_acf_changed":false},"product_cat":[372],"product_tag":[],"class_list":["product","first","instock","shipping-taxable","purchasable","product-type-simple"],"acf":[],"_links":{"self":[{"href":"https:\/\/mouldking.store\/hu\/wp-json\/wp\/v2\/product\/15722","targetHints":{"allow":["GET"]}}],"collection":[{"href":"https:\/\/mouldking.store\/hu\/wp-json\/wp\/v2\/product"}],"about":[{"href":"https:\/\/mouldking.store\/hu\/wp-json\/wp\/v2\/types\/product"}],"replies":[{"embeddable":true,"href":"https:\/\/mouldking.store\/hu\/wp-json\/wp\/v2\/comments?post=15722"}],"wp:featuredmedia":[{"embeddable":true,"href":"https:\/\/mouldking.store\/hu\/wp-json\/wp\/v2\/media\/15723"}],"wp:attachment":[{"href":"https:\/\/mouldking.store\/hu\/wp-json\/wp\/v2\/media?parent=15722"}],"wp:term":[{"taxonomy":"product_cat","embeddable":true,"href":"https:\/\/mouldking.store\/hu\/wp-json\/wp\/v2\/product_cat?post=15722"},{"taxonomy":"product_tag","embeddable":true,"href":"https:\/\/mouldking.store\/hu\/wp-json\/wp\/v2\/product_tag?post=15722"}],"curies":[{"name":"wp","href":"https:\/\/api.w.org\/{rel}","templated":true}]}}