{"id":15777,"date":"2021-09-28T03:24:46","date_gmt":"2021-09-28T03:24:46","guid":{"rendered":"https:\/\/mouldking.store\/product\/sy-8600-lamborghini-sian-9625478"},"modified":"2023-02-04T17:49:08","modified_gmt":"2023-02-04T10:49:08","slug":"sy-8600-lamborghini-sian","status":"publish","type":"product","link":"https:\/\/mouldking.store\/hu\/shop\/sy-8600-lamborghini-sian\/","title":{"rendered":"SY 8600 Lamborghini Sian"},"content":{"rendered":"<p>SY 8600 Lamborghini Sian belongs to technician. The whole set contains 1254 pieces. First released 2020<\/p>\n<p><img fetchpriority=\"high\" decoding=\"async\" class=\"size-full wp-image-195576 aligncenter\" src=\"https:\/\/pay.lpwstore.com\/wp-content\/uploads\/2020\/09\/sy-8600-scaled.jpg\" alt=\"sy 8600\" width=\"650\" height=\"2560\" title=\"-\"><\/p>","protected":false},"excerpt":{"rendered":"<ul>\n<li>Tartalmazza <strong>1254+<\/strong> db<\/li>\n<li>K\u00e9zi haszn\u00e1lati \u00fatmutat\u00f3<\/li>\n<li>Kiv\u00e1l\u00f3 min\u0151s\u00e9g\u0171 ABS blokk<\/li>\n<li>Eredeti doboza nincs<\/li>\n<\/ul>","protected":false},"featured_media":15778,"comment_status":"open","ping_status":"closed","template":"","meta":{"_acf_changed":false},"product_cat":[],"product_tag":[],"class_list":["product","first","instock","shipping-taxable","purchasable","product-type-simple"],"acf":[],"_links":{"self":[{"href":"https:\/\/mouldking.store\/hu\/wp-json\/wp\/v2\/product\/15777","targetHints":{"allow":["GET"]}}],"collection":[{"href":"https:\/\/mouldking.store\/hu\/wp-json\/wp\/v2\/product"}],"about":[{"href":"https:\/\/mouldking.store\/hu\/wp-json\/wp\/v2\/types\/product"}],"replies":[{"embeddable":true,"href":"https:\/\/mouldking.store\/hu\/wp-json\/wp\/v2\/comments?post=15777"}],"wp:featuredmedia":[{"embeddable":true,"href":"https:\/\/mouldking.store\/hu\/wp-json\/wp\/v2\/media\/15778"}],"wp:attachment":[{"href":"https:\/\/mouldking.store\/hu\/wp-json\/wp\/v2\/media?parent=15777"}],"wp:term":[{"taxonomy":"product_cat","embeddable":true,"href":"https:\/\/mouldking.store\/hu\/wp-json\/wp\/v2\/product_cat?post=15777"},{"taxonomy":"product_tag","embeddable":true,"href":"https:\/\/mouldking.store\/hu\/wp-json\/wp\/v2\/product_tag?post=15777"}],"curies":[{"name":"wp","href":"https:\/\/api.w.org\/{rel}","templated":true}]}}