{"id":15796,"date":"2021-09-28T03:25:07","date_gmt":"2021-09-28T03:25:07","guid":{"rendered":"https:\/\/mouldking.store\/product\/sy-0001-ferrari-512-tr-super-car-4443432"},"modified":"2021-12-23T09:53:24","modified_gmt":"2021-12-23T09:53:24","slug":"sy-0001-ferrari-512-tr-super-car","status":"publish","type":"product","link":"https:\/\/mouldking.store\/hu\/shop\/sy-0001-ferrari-512-tr-super-car\/","title":{"rendered":"SY 0001 FERRARI 512 TR Super Car"},"content":{"rendered":"<p style=\"text-align: left;\">A Ferrari Testarossa (Ferrari Testarossa, kup\u00e9, roadster) a versenysorozat \u00e9p\u00edt\u0151kocka k\u00e9szlet\u00e9hez tartozik, a teljes k\u00e9szlet 933 db \u00e9p\u00edt\u0151elem r\u00e9szecsk\u00e9t tartalmaz. El\u0151sz\u00f6r 2020-ban jelent meg.<\/p>\n<p><img fetchpriority=\"high\" decoding=\"async\" class=\"alignnone size-full wp-image-195739 aligncenter\" src=\"https:\/\/pay.lpwstore.com\/wp-content\/uploads\/2020\/09\/SY-0001-FERRARI-512-TR-Super-Car-5.jpg\" alt=\"SY-0001-FERRARI-512-TR-Super-Car-5\" width=\"800\" height=\"800\" title=\"-\"> <img decoding=\"async\" class=\"alignnone size-full wp-image-195735 aligncenter\" src=\"https:\/\/pay.lpwstore.com\/wp-content\/uploads\/2020\/09\/SY-0001-FERRARI-512-TR-Super-Car.jpg\" alt=\"SY-0001-FERRARI-512-TR-Super-Car\" width=\"800\" height=\"800\" title=\"-\"> <img decoding=\"async\" class=\"alignnone size-full wp-image-195736 aligncenter\" src=\"https:\/\/pay.lpwstore.com\/wp-content\/uploads\/2020\/09\/SY-0001-FERRARI-512-TR-Super-Car-2.jpg\" alt=\"SY-0001-FERRARI-512-TR-Super-Car-2\" width=\"800\" height=\"800\" title=\"-\"> <img loading=\"lazy\" decoding=\"async\" class=\"alignnone size-full wp-image-195737 aligncenter\" src=\"https:\/\/pay.lpwstore.com\/wp-content\/uploads\/2020\/09\/SY-0001-FERRARI-512-TR-Super-Car-3.jpg\" alt=\"SY-0001-FERRARI-512-TR-Super-Car-3\" width=\"800\" height=\"800\" title=\"-\"> <img loading=\"lazy\" decoding=\"async\" class=\"alignnone size-full wp-image-195738 aligncenter\" src=\"https:\/\/pay.lpwstore.com\/wp-content\/uploads\/2020\/09\/SY-0001-FERRARI-512-TR-Super-Car-4.jpg\" alt=\"SY-0001-FERRARI-512-TR-Super-Car-4\" width=\"800\" height=\"800\" title=\"-\"><\/p>","protected":false},"excerpt":{"rendered":"<ul>\n<li>Tartalmazza <strong>933+<\/strong> db<\/li>\n<li>K\u00e9zi haszn\u00e1lati \u00fatmutat\u00f3<\/li>\n<li>Kiv\u00e1l\u00f3 min\u0151s\u00e9g\u0171 ABS blokk<\/li>\n<li>Eredeti doboza nincs<\/li>\n<\/ul>","protected":false},"featured_media":15797,"comment_status":"open","ping_status":"closed","template":"","meta":{"_acf_changed":false},"product_cat":[],"product_tag":[],"class_list":["product","first","instock","shipping-taxable","purchasable","product-type-simple"],"acf":[],"_links":{"self":[{"href":"https:\/\/mouldking.store\/hu\/wp-json\/wp\/v2\/product\/15796","targetHints":{"allow":["GET"]}}],"collection":[{"href":"https:\/\/mouldking.store\/hu\/wp-json\/wp\/v2\/product"}],"about":[{"href":"https:\/\/mouldking.store\/hu\/wp-json\/wp\/v2\/types\/product"}],"replies":[{"embeddable":true,"href":"https:\/\/mouldking.store\/hu\/wp-json\/wp\/v2\/comments?post=15796"}],"wp:featuredmedia":[{"embeddable":true,"href":"https:\/\/mouldking.store\/hu\/wp-json\/wp\/v2\/media\/15797"}],"wp:attachment":[{"href":"https:\/\/mouldking.store\/hu\/wp-json\/wp\/v2\/media?parent=15796"}],"wp:term":[{"taxonomy":"product_cat","embeddable":true,"href":"https:\/\/mouldking.store\/hu\/wp-json\/wp\/v2\/product_cat?post=15796"},{"taxonomy":"product_tag","embeddable":true,"href":"https:\/\/mouldking.store\/hu\/wp-json\/wp\/v2\/product_tag?post=15796"}],"curies":[{"name":"wp","href":"https:\/\/api.w.org\/{rel}","templated":true}]}}