{"id":15875,"date":"2021-09-28T03:26:43","date_gmt":"2021-09-27T20:26:43","guid":{"rendered":"https:\/\/mouldking.store\/product\/sy-8403-mercedes-benz-g63-amg-66-pull-back-car-8853131"},"modified":"2022-05-19T17:39:34","modified_gmt":"2022-05-19T10:39:34","slug":"sy-8403-mercedes-benz-g63-amg-6x6-pull-back-car","status":"publish","type":"product","link":"https:\/\/mouldking.store\/hu\/shop\/sy-8403-mercedes-benz-g63-amg-6x6-pull-back-car\/","title":{"rendered":"SY 8403 Mercedes-Benz G63 AMG 6\u00d76 Pull Back Car"},"content":{"rendered":"<p style=\"text-align: left;\"><span>The Mercedes-Benz G63 AMG 6\u00d76 Pull Back Car (BENZ G63) belongs to the mechanical group series building block set, the whole set contains 858 building block particles.\u00a0<\/span><span>El\u0151sz\u00f6r 2020-ban jelent meg.<\/span><\/p>\n<p><img fetchpriority=\"high\" decoding=\"async\" class=\"alignnone size-full wp-image-196138 aligncenter\" src=\"https:\/\/pay.lpwstore.com\/wp-content\/uploads\/2020\/09\/SY-8403-Mercedes-Benz-G63-AMG-6\u00d76-Pull-Back-Car.jpg\" alt=\"SY-8403-Mercedes-Benz-G63-AMG-6\u00d76-Pull-Back-Car\" width=\"800\" height=\"800\" title=\"-\"> <img decoding=\"async\" class=\"alignnone size-full wp-image-196139 aligncenter\" src=\"https:\/\/pay.lpwstore.com\/wp-content\/uploads\/2020\/09\/SY-8403-Mercedes-Benz-G63-AMG-6\u00d76-Pull-Back-Car-2.jpg\" alt=\"SY-8403-Mercedes-Benz-G63-AMG-6\u00d76-Pull-Back-Car-2\" width=\"800\" height=\"800\" title=\"-\"> <img decoding=\"async\" class=\"alignnone size-full wp-image-196140 aligncenter\" src=\"https:\/\/pay.lpwstore.com\/wp-content\/uploads\/2020\/09\/SY-8403-Mercedes-Benz-G63-AMG-6\u00d76-Pull-Back-Car-3.jpg\" alt=\"SY-8403-Mercedes-Benz-G63-AMG-6\u00d76-Pull-Back-Car-3\" width=\"800\" height=\"800\" title=\"-\"> <img loading=\"lazy\" decoding=\"async\" class=\"alignnone size-full wp-image-196141 aligncenter\" src=\"https:\/\/pay.lpwstore.com\/wp-content\/uploads\/2020\/09\/SY-8403-Mercedes-Benz-G63-AMG-6\u00d76-Pull-Back-Car-4.jpg\" alt=\"SY-8403-Mercedes-Benz-G63-AMG-6\u00d76-Pull-Back-Car-4\" width=\"800\" height=\"800\" title=\"-\"><\/p>","protected":false},"excerpt":{"rendered":"<ul>\n<li>Tartalmazza <strong>858+<\/strong> db<\/li>\n<li>K\u00e9zi haszn\u00e1lati \u00fatmutat\u00f3<\/li>\n<li>Kiv\u00e1l\u00f3 min\u0151s\u00e9g\u0171 ABS blokk<\/li>\n<\/ul>","protected":false},"featured_media":15876,"comment_status":"open","ping_status":"closed","template":"","meta":{"_acf_changed":false},"product_cat":[15],"product_tag":[],"class_list":["product","first","instock","shipping-taxable","purchasable","product-type-simple"],"acf":[],"_links":{"self":[{"href":"https:\/\/mouldking.store\/hu\/wp-json\/wp\/v2\/product\/15875","targetHints":{"allow":["GET"]}}],"collection":[{"href":"https:\/\/mouldking.store\/hu\/wp-json\/wp\/v2\/product"}],"about":[{"href":"https:\/\/mouldking.store\/hu\/wp-json\/wp\/v2\/types\/product"}],"replies":[{"embeddable":true,"href":"https:\/\/mouldking.store\/hu\/wp-json\/wp\/v2\/comments?post=15875"}],"wp:featuredmedia":[{"embeddable":true,"href":"https:\/\/mouldking.store\/hu\/wp-json\/wp\/v2\/media\/15876"}],"wp:attachment":[{"href":"https:\/\/mouldking.store\/hu\/wp-json\/wp\/v2\/media?parent=15875"}],"wp:term":[{"taxonomy":"product_cat","embeddable":true,"href":"https:\/\/mouldking.store\/hu\/wp-json\/wp\/v2\/product_cat?post=15875"},{"taxonomy":"product_tag","embeddable":true,"href":"https:\/\/mouldking.store\/hu\/wp-json\/wp\/v2\/product_tag?post=15875"}],"curies":[{"name":"wp","href":"https:\/\/api.w.org\/{rel}","templated":true}]}}