{"id":15908,"date":"2021-09-28T03:27:26","date_gmt":"2021-09-28T03:27:26","guid":{"rendered":"https:\/\/mouldking.store\/product\/kazi-ky2011-heavenly-palace-guanghan-palace-4441882"},"modified":"2021-12-23T09:53:21","modified_gmt":"2021-12-23T09:53:21","slug":"kazi-ky2011-heavenly-palace-guanghan-palace","status":"publish","type":"product","link":"https:\/\/mouldking.store\/hu\/shop\/kazi-ky2011-heavenly-palace-guanghan-palace\/","title":{"rendered":"KAZI KY2011 Heavenly Palace: Guanghan Palace"},"content":{"rendered":"<p style=\"text-align: left;\">Heavenly Palace: Guanghan Palace belongs to the theme series building block set, the whole set contains 1116 building block particles.\u00a0First released in 2020.<\/p>\n<p><img fetchpriority=\"high\" decoding=\"async\" class=\"alignnone size-full wp-image-196283 aligncenter\" src=\"https:\/\/pay.lpwstore.com\/wp-content\/uploads\/2020\/09\/KAZI-KY2011-Heavenly-Palace-Guanghan-Palace.jpg\" alt=\"KAZI-KY2011-Heavenly-Palace-Guanghan-Palace\" width=\"800\" height=\"800\" title=\"-\"> <img decoding=\"async\" class=\"alignnone size-full wp-image-196284 aligncenter\" src=\"https:\/\/pay.lpwstore.com\/wp-content\/uploads\/2020\/09\/KAZI-KY2011-Heavenly-Palace-Guanghan-Palace-2.jpg\" alt=\"KAZI-KY2011-Heavenly-Palace-Guanghan-Palace-2\" width=\"800\" height=\"800\" title=\"-\"> <img decoding=\"async\" class=\"alignnone size-full wp-image-196285 aligncenter\" src=\"https:\/\/pay.lpwstore.com\/wp-content\/uploads\/2020\/09\/KAZI-KY2011-Heavenly-Palace-Guanghan-Palace-3.jpg\" alt=\"KAZI-KY2011-Heavenly-Palace-Guanghan-Palace-3\" width=\"800\" height=\"800\" title=\"-\"> <img loading=\"lazy\" decoding=\"async\" class=\"alignnone size-full wp-image-196286 aligncenter\" src=\"https:\/\/pay.lpwstore.com\/wp-content\/uploads\/2020\/09\/KAZI-KY2011-Heavenly-Palace-Guanghan-Palace-4.jpg\" alt=\"KAZI-KY2011-Heavenly-Palace-Guanghan-Palace-4\" width=\"800\" height=\"800\" title=\"-\"> <img loading=\"lazy\" decoding=\"async\" class=\"alignnone size-full wp-image-196287 aligncenter\" src=\"https:\/\/pay.lpwstore.com\/wp-content\/uploads\/2020\/09\/KAZI-KY2011-Heavenly-Palace-Guanghan-Palace-5.jpg\" alt=\"KAZI-KY2011-Heavenly-Palace-Guanghan-Palace-5\" width=\"800\" height=\"800\" title=\"-\"><\/p>","protected":false},"excerpt":{"rendered":"<ul>\n<li>Tartalmazza <strong>1116+<\/strong> db<\/li>\n<li>K\u00e9zi haszn\u00e1lati \u00fatmutat\u00f3<\/li>\n<li>Kiv\u00e1l\u00f3 min\u0151s\u00e9g\u0171 ABS blokk<\/li>\n<li>Eredeti doboza nincs<\/li>\n<\/ul>","protected":false},"featured_media":15909,"comment_status":"open","ping_status":"closed","template":"","meta":{"_acf_changed":false},"product_cat":[],"product_tag":[],"class_list":["product","first","instock","shipping-taxable","purchasable","product-type-simple"],"acf":[],"_links":{"self":[{"href":"https:\/\/mouldking.store\/hu\/wp-json\/wp\/v2\/product\/15908","targetHints":{"allow":["GET"]}}],"collection":[{"href":"https:\/\/mouldking.store\/hu\/wp-json\/wp\/v2\/product"}],"about":[{"href":"https:\/\/mouldking.store\/hu\/wp-json\/wp\/v2\/types\/product"}],"replies":[{"embeddable":true,"href":"https:\/\/mouldking.store\/hu\/wp-json\/wp\/v2\/comments?post=15908"}],"wp:featuredmedia":[{"embeddable":true,"href":"https:\/\/mouldking.store\/hu\/wp-json\/wp\/v2\/media\/15909"}],"wp:attachment":[{"href":"https:\/\/mouldking.store\/hu\/wp-json\/wp\/v2\/media?parent=15908"}],"wp:term":[{"taxonomy":"product_cat","embeddable":true,"href":"https:\/\/mouldking.store\/hu\/wp-json\/wp\/v2\/product_cat?post=15908"},{"taxonomy":"product_tag","embeddable":true,"href":"https:\/\/mouldking.store\/hu\/wp-json\/wp\/v2\/product_tag?post=15908"}],"curies":[{"name":"wp","href":"https:\/\/api.w.org\/{rel}","templated":true}]}}