{"id":16129,"date":"2021-09-28T03:28:31","date_gmt":"2021-09-28T03:28:31","guid":{"rendered":"https:\/\/mouldking.store\/product\/18k-k126-doomsday-building-block-bank-headquarters-in-the-last-of-the-world-moc-41175-2507606"},"modified":"2025-12-25T09:28:04","modified_gmt":"2025-12-25T02:28:04","slug":"18k-k126-doomsday-building-block-bank-headquarters-in-the-last-of-the-world-moc-41175","status":"publish","type":"product","link":"https:\/\/mouldking.store\/hu\/shop\/18k-k126-doomsday-building-block-bank-headquarters-in-the-last-of-the-world-moc-41175\/","title":{"rendered":"18K K126 Doomsday Building Block Bank k\u00f6zpontja a vil\u00e1g utols\u00f3 r\u00e9sz\u00e9ben MOC-41175"},"content":{"rendered":"<div class=\"richtext_wrap\">\n<div class=\"richtext\" style=\"text-align: left;\">A 18K K126 Doomsday Building Block Bank Headquarters in the Last of the World a fejlett modellsorozat\u00fa \u00e9p\u00edt\u0151elem k\u00e9szlethez tartozik, a teljes k\u00e9szlet 2453 \u00e9p\u00edt\u0151elem r\u00e9szecsk\u00e9t tartalmaz. El\u0151sz\u00f6r 2020-ban jelent meg.<\/div>\n<div><img fetchpriority=\"high\" decoding=\"async\" class=\"alignnone size-full wp-image-196589 aligncenter\" src=\"https:\/\/pay.lpwstore.com\/wp-content\/uploads\/2020\/10\/18K-K126-Doomsday-Building-Block-Bank-Headquarters-in-the-Last-of-the-World.jpg\" alt=\"18K-K126-Doomsday-Building-Block-Bank-Headquarters-in-the-Last-of-the-World\" width=\"800\" height=\"800\" title=\"-\"> <img decoding=\"async\" class=\"alignnone size-full wp-image-196592 aligncenter\" src=\"https:\/\/pay.lpwstore.com\/wp-content\/uploads\/2020\/10\/18K-K126-Doomsday-Building-Block-Bank-Headquarters-in-the-Last-of-the-World-4.jpg\" alt=\"18K-K126-Doomsday-Building-Block-Bank-Headquarters-in-the-Last-of-the-World-4\" width=\"800\" height=\"800\" title=\"-\"> <img decoding=\"async\" class=\"alignnone size-full wp-image-196591 aligncenter\" src=\"https:\/\/pay.lpwstore.com\/wp-content\/uploads\/2020\/10\/18K-K126-Doomsday-Building-Block-Bank-Headquarters-in-the-Last-of-the-World-3.jpg\" alt=\"18K-K126-Doomsday-Building-Block-Bank-Headquarters-in-the-Last-of-the-World-3\" width=\"800\" height=\"800\" title=\"-\"> <img loading=\"lazy\" decoding=\"async\" class=\"alignnone size-full wp-image-196590 aligncenter\" src=\"https:\/\/pay.lpwstore.com\/wp-content\/uploads\/2020\/10\/18K-K126-Doomsday-Building-Block-Bank-Headquarters-in-the-Last-of-the-World-2.jpg\" alt=\"18K-K126-Doomsday-Building-Block-Bank-Headquarters-in-the-Last-of-the-World-2\" width=\"800\" height=\"800\" title=\"-\"> <img loading=\"lazy\" decoding=\"async\" class=\"alignnone size-full wp-image-196593 aligncenter\" src=\"https:\/\/pay.lpwstore.com\/wp-content\/uploads\/2020\/10\/18K-K126-Doomsday-Building-Block-Bank-Headquarters-in-the-Last-of-the-World-5.jpg\" alt=\"18K-K126-Doomsday-Building-Block-Bank-Headquarters-in-the-Last-of-the-World-5\" width=\"800\" height=\"800\" title=\"-\"><\/div>\n<\/div>","protected":false},"excerpt":{"rendered":"<ul>\n<li>Tartalmazza <strong>2453+<\/strong> db<\/li>\n<li>K\u00e9zi haszn\u00e1lati \u00fatmutat\u00f3<\/li>\n<li>Kiv\u00e1l\u00f3 min\u0151s\u00e9g\u0171 ABS blokk<\/li>\n<\/ul>","protected":false},"featured_media":16130,"comment_status":"open","ping_status":"closed","template":"","meta":{"_acf_changed":false},"product_cat":[15],"product_tag":[],"class_list":["product","first","outofstock","shipping-taxable","purchasable","product-type-simple"],"acf":[],"_links":{"self":[{"href":"https:\/\/mouldking.store\/hu\/wp-json\/wp\/v2\/product\/16129","targetHints":{"allow":["GET"]}}],"collection":[{"href":"https:\/\/mouldking.store\/hu\/wp-json\/wp\/v2\/product"}],"about":[{"href":"https:\/\/mouldking.store\/hu\/wp-json\/wp\/v2\/types\/product"}],"replies":[{"embeddable":true,"href":"https:\/\/mouldking.store\/hu\/wp-json\/wp\/v2\/comments?post=16129"}],"wp:featuredmedia":[{"embeddable":true,"href":"https:\/\/mouldking.store\/hu\/wp-json\/wp\/v2\/media\/16130"}],"wp:attachment":[{"href":"https:\/\/mouldking.store\/hu\/wp-json\/wp\/v2\/media?parent=16129"}],"wp:term":[{"taxonomy":"product_cat","embeddable":true,"href":"https:\/\/mouldking.store\/hu\/wp-json\/wp\/v2\/product_cat?post=16129"},{"taxonomy":"product_tag","embeddable":true,"href":"https:\/\/mouldking.store\/hu\/wp-json\/wp\/v2\/product_tag?post=16129"}],"curies":[{"name":"wp","href":"https:\/\/api.w.org\/{rel}","templated":true}]}}