{"id":16138,"date":"2021-09-28T03:28:40","date_gmt":"2021-09-28T03:28:40","guid":{"rendered":"https:\/\/mouldking.store\/product\/ding-gao-dg2003-corner-hotel-5176804"},"modified":"2021-12-23T09:53:15","modified_gmt":"2021-12-23T09:53:15","slug":"ding-gao-dg2003-corner-hotel","status":"publish","type":"product","link":"https:\/\/mouldking.store\/hu\/shop\/ding-gao-dg2003-corner-hotel\/","title":{"rendered":"DING GAO DG2003 Saroksz\u00e1ll\u00f3"},"content":{"rendered":"<p style=\"text-align: left;\"><span>A sarokhotel a fejlett modellsorozat\u00fa \u00e9p\u00edt\u0151elem k\u00e9szlethez tartozik, a teljes k\u00e9szlet 3280 db \u00e9p\u00edt\u0151elem r\u00e9szecsk\u00e9t tartalmaz.\u00a0<\/span><span>El\u0151sz\u00f6r 2020-ban jelent meg.<\/span><\/p>\n<p><img fetchpriority=\"high\" decoding=\"async\" class=\"alignnone size-full wp-image-196624 aligncenter\" src=\"https:\/\/pay.lpwstore.com\/wp-content\/uploads\/2020\/10\/DING-GAO-DG2003-Corner-hotel.jpg\" alt=\"DING-GAO-DG2003-Corner-hotel\" width=\"800\" height=\"800\" title=\"-\"> <img decoding=\"async\" class=\"alignnone size-full wp-image-196625 aligncenter\" src=\"https:\/\/pay.lpwstore.com\/wp-content\/uploads\/2020\/10\/DING-GAO-DG2003-Corner-hotel-2.jpg\" alt=\"DING-GAO-DG2003-Corner-hotel-2\" width=\"800\" height=\"800\" title=\"-\"> <img decoding=\"async\" class=\"alignnone size-full wp-image-196626 aligncenter\" src=\"https:\/\/pay.lpwstore.com\/wp-content\/uploads\/2020\/10\/DING-GAO-DG2003-Corner-hotel-3.jpg\" alt=\"DING-GAO-DG2003-Corner-hotel-3\" width=\"800\" height=\"800\" title=\"-\"> <img loading=\"lazy\" decoding=\"async\" class=\"alignnone size-full wp-image-196627 aligncenter\" src=\"https:\/\/pay.lpwstore.com\/wp-content\/uploads\/2020\/10\/DING-GAO-DG2003-Corner-hotel-4.jpg\" alt=\"DING-GAO-DG2003-Corner-hotel-4\" width=\"800\" height=\"800\" title=\"-\"> <img loading=\"lazy\" decoding=\"async\" class=\"alignnone size-full wp-image-196628 aligncenter\" src=\"https:\/\/pay.lpwstore.com\/wp-content\/uploads\/2020\/10\/DING-GAO-DG2003-Corner-hotel-5.jpg\" alt=\"DING-GAO-DG2003-Corner-hotel-5\" width=\"800\" height=\"800\" title=\"-\"><\/p>","protected":false},"excerpt":{"rendered":"<ul>\n<li>Tartalmazza <strong>3280+<\/strong> db<\/li>\n<li>K\u00e9zi haszn\u00e1lati \u00fatmutat\u00f3<\/li>\n<li>Kiv\u00e1l\u00f3 min\u0151s\u00e9g\u0171 ABS blokk<\/li>\n<\/ul>","protected":false},"featured_media":16139,"comment_status":"open","ping_status":"closed","template":"","meta":{"_acf_changed":false},"product_cat":[],"product_tag":[],"class_list":["product","first","instock","shipping-taxable","purchasable","product-type-simple"],"acf":[],"_links":{"self":[{"href":"https:\/\/mouldking.store\/hu\/wp-json\/wp\/v2\/product\/16138","targetHints":{"allow":["GET"]}}],"collection":[{"href":"https:\/\/mouldking.store\/hu\/wp-json\/wp\/v2\/product"}],"about":[{"href":"https:\/\/mouldking.store\/hu\/wp-json\/wp\/v2\/types\/product"}],"replies":[{"embeddable":true,"href":"https:\/\/mouldking.store\/hu\/wp-json\/wp\/v2\/comments?post=16138"}],"wp:featuredmedia":[{"embeddable":true,"href":"https:\/\/mouldking.store\/hu\/wp-json\/wp\/v2\/media\/16139"}],"wp:attachment":[{"href":"https:\/\/mouldking.store\/hu\/wp-json\/wp\/v2\/media?parent=16138"}],"wp:term":[{"taxonomy":"product_cat","embeddable":true,"href":"https:\/\/mouldking.store\/hu\/wp-json\/wp\/v2\/product_cat?post=16138"},{"taxonomy":"product_tag","embeddable":true,"href":"https:\/\/mouldking.store\/hu\/wp-json\/wp\/v2\/product_tag?post=16138"}],"curies":[{"name":"wp","href":"https:\/\/api.w.org\/{rel}","templated":true}]}}