{"id":16191,"date":"2021-09-28T03:29:25","date_gmt":"2021-09-28T03:29:25","guid":{"rendered":"https:\/\/mouldking.store\/product\/zhegao-ql1807-norwegian-asuka-cruise-liner-9454181"},"modified":"2023-02-06T06:42:20","modified_gmt":"2023-02-05T23:42:20","slug":"zhegao-ql1807-norwegian-asuka-cruise-liner","status":"publish","type":"product","link":"https:\/\/mouldking.store\/hu\/shop\/zhegao-ql1807-norwegian-asuka-cruise-liner\/","title":{"rendered":"ZHEGAO QL1807 norv\u00e9g Asuka Cruise Liner"},"content":{"rendered":"<p style=\"text-align: left;\">A ZHEGAO QL1807 norv\u00e9g Asuka Cruise Liner a fejlett modellsorozat \u00e9p\u00edt\u0151elem-k\u00e9szlet\u00e9hez tartozik. A teljes k\u00e9szlet 2446 \u00e9p\u00edt\u0151elem r\u00e9szecsk\u00e9t tartalmaz. El\u0151sz\u00f6r 2020-ban jelent meg.<\/p>\n<p><img fetchpriority=\"high\" decoding=\"async\" class=\"alignnone size-full wp-image-197175 aligncenter\" src=\"https:\/\/pay.lpwstore.com\/wp-content\/uploads\/2020\/11\/ZHEGAO-QL1807-Norwegian-Asuka-Cruise-Liner.jpg\" alt=\"ZHEGAO-QL1807-Norwegian-Asuka-Cruise-Liner\" width=\"800\" height=\"800\" title=\"-\"> <img decoding=\"async\" class=\"alignnone size-full wp-image-197176 aligncenter\" src=\"https:\/\/pay.lpwstore.com\/wp-content\/uploads\/2020\/11\/ZHEGAO-QL1807-Norwegian-Asuka-Cruise-Liner-2.jpg\" alt=\"ZHEGAO-QL1807-Norwegian-Asuka-Cruise-Liner-2\" width=\"800\" height=\"800\" title=\"-\"> <img decoding=\"async\" class=\"alignnone size-full wp-image-197177 aligncenter\" src=\"https:\/\/pay.lpwstore.com\/wp-content\/uploads\/2020\/11\/ZHEGAO-QL1807-Norwegian-Asuka-Cruise-Liner-3.jpg\" alt=\"ZHEGAO-QL1807-Norwegian-Asuka-Cruise-Liner-3\" width=\"800\" height=\"800\" title=\"-\"> <img loading=\"lazy\" decoding=\"async\" class=\"alignnone size-full wp-image-197178 aligncenter\" src=\"https:\/\/pay.lpwstore.com\/wp-content\/uploads\/2020\/11\/ZHEGAO-QL1807-Norwegian-Asuka-Cruise-Liner-4.jpg\" alt=\"ZHEGAO-QL1807-Norwegian-Asuka-Cruise-Liner-4\" width=\"800\" height=\"800\" title=\"-\"><\/p>","protected":false},"excerpt":{"rendered":"<ul>\n<li>Tartalmazza <strong>2446+<\/strong> db<\/li>\n<li>K\u00e9zi haszn\u00e1lati \u00fatmutat\u00f3<\/li>\n<li>Kiv\u00e1l\u00f3 min\u0151s\u00e9g\u0171 ABS blokk<\/li>\n<\/ul>","protected":false},"featured_media":16192,"comment_status":"open","ping_status":"closed","template":"","meta":{"_acf_changed":false},"product_cat":[15],"product_tag":[],"class_list":["product","first","outofstock","shipping-taxable","purchasable","product-type-simple"],"acf":[],"_links":{"self":[{"href":"https:\/\/mouldking.store\/hu\/wp-json\/wp\/v2\/product\/16191","targetHints":{"allow":["GET"]}}],"collection":[{"href":"https:\/\/mouldking.store\/hu\/wp-json\/wp\/v2\/product"}],"about":[{"href":"https:\/\/mouldking.store\/hu\/wp-json\/wp\/v2\/types\/product"}],"replies":[{"embeddable":true,"href":"https:\/\/mouldking.store\/hu\/wp-json\/wp\/v2\/comments?post=16191"}],"wp:featuredmedia":[{"embeddable":true,"href":"https:\/\/mouldking.store\/hu\/wp-json\/wp\/v2\/media\/16192"}],"wp:attachment":[{"href":"https:\/\/mouldking.store\/hu\/wp-json\/wp\/v2\/media?parent=16191"}],"wp:term":[{"taxonomy":"product_cat","embeddable":true,"href":"https:\/\/mouldking.store\/hu\/wp-json\/wp\/v2\/product_cat?post=16191"},{"taxonomy":"product_tag","embeddable":true,"href":"https:\/\/mouldking.store\/hu\/wp-json\/wp\/v2\/product_tag?post=16191"}],"curies":[{"name":"wp","href":"https:\/\/api.w.org\/{rel}","templated":true}]}}