{"id":16196,"date":"2021-09-28T03:29:27","date_gmt":"2021-09-28T03:29:27","guid":{"rendered":"https:\/\/mouldking.store\/product\/builo-yc-20008-city-street-view-musical-instrument-store-1772346"},"modified":"2021-12-23T09:53:15","modified_gmt":"2021-12-23T09:53:15","slug":"builo-yc-20008-city-street-view-musical-instrument-store","status":"publish","type":"product","link":"https:\/\/mouldking.store\/hu\/shop\/builo-yc-20008-city-street-view-musical-instrument-store\/","title":{"rendered":"BUILO YC-20008 V\u00e1rosi utcak\u00e9p: Hangszerbolt"},"content":{"rendered":"<p style=\"text-align: left;\">BUILO YC-20008 City Street View: Musical Instrument Store belongs to the advanced model series building block set, the whole set contains 3005 building block particles. First released in 2020.<\/p>\n<p><img fetchpriority=\"high\" decoding=\"async\" class=\"alignnone size-full wp-image-197169 aligncenter\" src=\"https:\/\/pay.lpwstore.com\/wp-content\/uploads\/2020\/11\/BUILO-YC-20008-City-Street-View-Musical-Instrument-Store.jpg\" alt=\"BUILO-YC-20008-City-Street-View-Musical-Instrument-Store\" width=\"800\" height=\"800\" title=\"-\"> <img decoding=\"async\" class=\"alignnone size-full wp-image-197173 aligncenter\" src=\"https:\/\/pay.lpwstore.com\/wp-content\/uploads\/2020\/11\/BUILO-YC-20008-City-Street-View-Musical-Instrument-Store-5.jpg\" alt=\"BUILO-YC-20008-City-Street-View-Musical-Instrument-Store-5\" width=\"800\" height=\"800\" title=\"-\"> <img decoding=\"async\" class=\"alignnone size-full wp-image-197170 aligncenter\" src=\"https:\/\/pay.lpwstore.com\/wp-content\/uploads\/2020\/11\/BUILO-YC-20008-City-Street-View-Musical-Instrument-Store-2.jpg\" alt=\"BUILO-YC-20008-City-Street-View-Musical-Instrument-Store-2\" width=\"800\" height=\"800\" title=\"-\"> <img loading=\"lazy\" decoding=\"async\" class=\"alignnone size-full wp-image-197171 aligncenter\" src=\"https:\/\/pay.lpwstore.com\/wp-content\/uploads\/2020\/11\/BUILO-YC-20008-City-Street-View-Musical-Instrument-Store-3.jpg\" alt=\"BUILO-YC-20008-City-Street-View-Musical-Instrument-Store-3\" width=\"800\" height=\"800\" title=\"-\"> <img loading=\"lazy\" decoding=\"async\" class=\"alignnone size-full wp-image-197172 aligncenter\" src=\"https:\/\/pay.lpwstore.com\/wp-content\/uploads\/2020\/11\/BUILO-YC-20008-City-Street-View-Musical-Instrument-Store-4.jpg\" alt=\"BUILO-YC-20008-City-Street-View-Musical-Instrument-Store-4\" width=\"800\" height=\"800\" title=\"-\"><\/p>","protected":false},"excerpt":{"rendered":"<ul>\n<li>Tartalmazza <strong>3005+<\/strong> db<\/li>\n<li>K\u00e9zi haszn\u00e1lati \u00fatmutat\u00f3<\/li>\n<li>Kiv\u00e1l\u00f3 min\u0151s\u00e9g\u0171 ABS blokk<\/li>\n<\/ul>","protected":false},"featured_media":16197,"comment_status":"open","ping_status":"closed","template":"","meta":{"_acf_changed":false},"product_cat":[],"product_tag":[],"class_list":["product","first","instock","sale","shipping-taxable","purchasable","product-type-simple"],"acf":[],"_links":{"self":[{"href":"https:\/\/mouldking.store\/hu\/wp-json\/wp\/v2\/product\/16196","targetHints":{"allow":["GET"]}}],"collection":[{"href":"https:\/\/mouldking.store\/hu\/wp-json\/wp\/v2\/product"}],"about":[{"href":"https:\/\/mouldking.store\/hu\/wp-json\/wp\/v2\/types\/product"}],"replies":[{"embeddable":true,"href":"https:\/\/mouldking.store\/hu\/wp-json\/wp\/v2\/comments?post=16196"}],"wp:featuredmedia":[{"embeddable":true,"href":"https:\/\/mouldking.store\/hu\/wp-json\/wp\/v2\/media\/16197"}],"wp:attachment":[{"href":"https:\/\/mouldking.store\/hu\/wp-json\/wp\/v2\/media?parent=16196"}],"wp:term":[{"taxonomy":"product_cat","embeddable":true,"href":"https:\/\/mouldking.store\/hu\/wp-json\/wp\/v2\/product_cat?post=16196"},{"taxonomy":"product_tag","embeddable":true,"href":"https:\/\/mouldking.store\/hu\/wp-json\/wp\/v2\/product_tag?post=16196"}],"curies":[{"name":"wp","href":"https:\/\/api.w.org\/{rel}","templated":true}]}}