{"id":16210,"date":"2021-09-28T03:29:37","date_gmt":"2021-09-28T03:29:37","guid":{"rendered":"https:\/\/mouldking.store\/product\/18k-k130-a-song-of-ice-and-fire-the-iron-throne-3954280"},"modified":"2021-12-23T09:53:15","modified_gmt":"2021-12-23T09:53:15","slug":"18k-k130-a-song-of-ice-and-fire-the-iron-throne","status":"publish","type":"product","link":"https:\/\/mouldking.store\/hu\/shop\/18k-k130-a-song-of-ice-and-fire-the-iron-throne\/","title":{"rendered":"18K K130 J\u00e9g \u00e9s t\u0171z dala: A vastr\u00f3n"},"content":{"rendered":"<p style=\"text-align: left;\"><span>A 18K K130 A Song of Ice and Fire: Iron Throne a filmes \u00e9s telev\u00edzi\u00f3s j\u00e1t\u00e9ksorozat \u00e9p\u00edt\u0151elemei k\u00f6z\u00e9 tartozik. A teljes k\u00e9szlet 1146 \u00e9p\u00edt\u0151elem r\u00e9szecsk\u00e9t tartalmaz. <\/span><span>El\u0151sz\u00f6r 2020-ban jelent meg.<\/span><\/p>\n<p><img fetchpriority=\"high\" decoding=\"async\" class=\"alignnone size-full wp-image-197186 aligncenter\" src=\"https:\/\/pay.lpwstore.com\/wp-content\/uploads\/2020\/11\/18K-K130-A-Song-of-Ice-and-Fire-The-Iron-Throne.jpg\" alt=\"18K-K130-A-Song-of-Ice-and-Fire-The-Iron-Throne\" width=\"800\" height=\"800\" title=\"-\"> <img decoding=\"async\" class=\"alignnone size-full wp-image-197185 aligncenter\" src=\"https:\/\/pay.lpwstore.com\/wp-content\/uploads\/2020\/11\/18K-K130-A-Song-of-Ice-and-Fire-The-Iron-Throne.-2jpg.jpg\" alt=\"18K-K130-A-Song-of-Ice-and-Fire-The-Iron-Throne.-2jpg\" width=\"800\" height=\"800\" title=\"-\"> <img decoding=\"async\" class=\"alignnone size-full wp-image-197187 aligncenter\" src=\"https:\/\/pay.lpwstore.com\/wp-content\/uploads\/2020\/11\/18K-K130-A-Song-of-Ice-and-Fire-The-Iron-Throne-2.jpg\" alt=\"18K-K130-A-Song-of-Ice-and-Fire-The-Iron-Throne-2\" width=\"800\" height=\"800\" title=\"-\"> <img loading=\"lazy\" decoding=\"async\" class=\"alignnone size-full wp-image-197188 aligncenter\" src=\"https:\/\/pay.lpwstore.com\/wp-content\/uploads\/2020\/11\/18K-K130-A-Song-of-Ice-and-Fire-The-Iron-Throne-3.jpg\" alt=\"18K-K130-A-Song-of-Ice-and-Fire-The-Iron-Throne-3\" width=\"800\" height=\"800\" title=\"-\"><\/p>","protected":false},"excerpt":{"rendered":"<ul>\n<li>Tartalmazza <strong>1146+<\/strong> db<\/li>\n<li>K\u00e9zi haszn\u00e1lati \u00fatmutat\u00f3<\/li>\n<li>Kiv\u00e1l\u00f3 min\u0151s\u00e9g\u0171 ABS blokk<\/li>\n<\/ul>","protected":false},"featured_media":16211,"comment_status":"open","ping_status":"closed","template":"","meta":{"_acf_changed":false},"product_cat":[],"product_tag":[],"class_list":["product","first","instock","shipping-taxable","purchasable","product-type-simple"],"acf":[],"_links":{"self":[{"href":"https:\/\/mouldking.store\/hu\/wp-json\/wp\/v2\/product\/16210","targetHints":{"allow":["GET"]}}],"collection":[{"href":"https:\/\/mouldking.store\/hu\/wp-json\/wp\/v2\/product"}],"about":[{"href":"https:\/\/mouldking.store\/hu\/wp-json\/wp\/v2\/types\/product"}],"replies":[{"embeddable":true,"href":"https:\/\/mouldking.store\/hu\/wp-json\/wp\/v2\/comments?post=16210"}],"wp:featuredmedia":[{"embeddable":true,"href":"https:\/\/mouldking.store\/hu\/wp-json\/wp\/v2\/media\/16211"}],"wp:attachment":[{"href":"https:\/\/mouldking.store\/hu\/wp-json\/wp\/v2\/media?parent=16210"}],"wp:term":[{"taxonomy":"product_cat","embeddable":true,"href":"https:\/\/mouldking.store\/hu\/wp-json\/wp\/v2\/product_cat?post=16210"},{"taxonomy":"product_tag","embeddable":true,"href":"https:\/\/mouldking.store\/hu\/wp-json\/wp\/v2\/product_tag?post=16210"}],"curies":[{"name":"wp","href":"https:\/\/api.w.org\/{rel}","templated":true}]}}