{"id":16314,"date":"2021-09-28T03:30:58","date_gmt":"2021-09-28T03:30:58","guid":{"rendered":"https:\/\/mouldking.store\/product\/cada-c51007-rc-sport-car-4636421"},"modified":"2021-12-23T09:53:13","modified_gmt":"2021-12-23T09:53:13","slug":"cada-c51007-rc-sport-car","status":"publish","type":"product","link":"https:\/\/mouldking.store\/hu\/shop\/cada-c51007-rc-sport-car\/","title":{"rendered":"CADA C51007 RC Sport Car"},"content":{"rendered":"<p>Technic CADA C51007 RC Sport Car<b>\u00a0<\/b>belongs to the advanced model series building block set, the whole set contains 453 building block particles.<\/p>\n<p><img fetchpriority=\"high\" decoding=\"async\" class=\"size-full wp-image-197849 aligncenter\" src=\"https:\/\/pay.lpwstore.com\/wp-content\/uploads\/2020\/11\/C51007-453pcs-Technic-Series-RC-Remote-Control-Sportscar-Racing-Car-Building-Block-Brick-Legoings-Toy-32868462665-descriptionImage1.jpg\" alt=\"-\" width=\"800\" height=\"800\" title=\"-\"><\/p>\n<p><img decoding=\"async\" class=\"size-full wp-image-197848 aligncenter\" src=\"https:\/\/pay.lpwstore.com\/wp-content\/uploads\/2020\/11\/C51007-453pcs-Technic-Series-RC-Remote-Control-Sportscar-Racing-Car-Building-Block-Brick-Legoings-Toy-32868462665-descriptionImage2.jpg\" alt=\"-\" width=\"800\" height=\"800\" title=\"-\"><\/p>\n<p><img decoding=\"async\" class=\"size-full wp-image-197846 aligncenter\" src=\"https:\/\/pay.lpwstore.com\/wp-content\/uploads\/2020\/11\/Technic-CADA-C51007-RC-Sport-Car.jpg\" alt=\"-\" width=\"800\" height=\"800\" title=\"-\"><\/p>\n<p><img loading=\"lazy\" decoding=\"async\" class=\"size-full wp-image-197845 aligncenter\" src=\"https:\/\/pay.lpwstore.com\/wp-content\/uploads\/2020\/11\/CaDA-C51007-453-Chi-c-DIY-M-H-nh-Xe-T-i-u-Khi-n-T.jpg_q50.jpg\" alt=\"-\" width=\"800\" height=\"800\" title=\"-\"><\/p>\n<p><img loading=\"lazy\" decoding=\"async\" class=\"size-full wp-image-197847 aligncenter\" src=\"https:\/\/pay.lpwstore.com\/wp-content\/uploads\/2020\/11\/C51007-453pcs-Technic-Series-RC-Remote-Control-Sportscar-Racing-Car-Building-Block-Brick-Legoings-Toy-32868462665-descriptionImage0.jpg\" alt=\"-\" width=\"800\" height=\"800\" title=\"-\"><\/p>","protected":false},"excerpt":{"rendered":"<ul>\n<li>Tartalmazza <b>453<\/b><strong>+<\/strong> db<\/li>\n<li>K\u00e9zi haszn\u00e1lati \u00fatmutat\u00f3<\/li>\n<li>Kiv\u00e1l\u00f3 min\u0151s\u00e9g\u0171 ABS blokk<\/li>\n<li>Eredeti doboza nincs<\/li>\n<\/ul>","protected":false},"featured_media":16315,"comment_status":"open","ping_status":"closed","template":"","meta":{"_acf_changed":false},"product_cat":[],"product_tag":[],"class_list":["product","first","instock","shipping-taxable","purchasable","product-type-simple"],"acf":[],"_links":{"self":[{"href":"https:\/\/mouldking.store\/hu\/wp-json\/wp\/v2\/product\/16314","targetHints":{"allow":["GET"]}}],"collection":[{"href":"https:\/\/mouldking.store\/hu\/wp-json\/wp\/v2\/product"}],"about":[{"href":"https:\/\/mouldking.store\/hu\/wp-json\/wp\/v2\/types\/product"}],"replies":[{"embeddable":true,"href":"https:\/\/mouldking.store\/hu\/wp-json\/wp\/v2\/comments?post=16314"}],"wp:featuredmedia":[{"embeddable":true,"href":"https:\/\/mouldking.store\/hu\/wp-json\/wp\/v2\/media\/16315"}],"wp:attachment":[{"href":"https:\/\/mouldking.store\/hu\/wp-json\/wp\/v2\/media?parent=16314"}],"wp:term":[{"taxonomy":"product_cat","embeddable":true,"href":"https:\/\/mouldking.store\/hu\/wp-json\/wp\/v2\/product_cat?post=16314"},{"taxonomy":"product_tag","embeddable":true,"href":"https:\/\/mouldking.store\/hu\/wp-json\/wp\/v2\/product_tag?post=16314"}],"curies":[{"name":"wp","href":"https:\/\/api.w.org\/{rel}","templated":true}]}}