{"id":16397,"date":"2021-09-28T03:32:28","date_gmt":"2021-09-28T03:32:28","guid":{"rendered":"https:\/\/mouldking.store\/product\/builo-yc-qc015-transbus-enviro-500-mark-i-city-double-decker-bus-9754141"},"modified":"2021-12-23T09:53:12","modified_gmt":"2021-12-23T09:53:12","slug":"builo-yc-qc015-transbus-enviro-500-mark-i-city-double-decker-bus","status":"publish","type":"product","link":"https:\/\/mouldking.store\/hu\/shop\/builo-yc-qc015-transbus-enviro-500-mark-i-city-double-decker-bus\/","title":{"rendered":"BUILO YC-QC015 TransBus Enviro 500 Mark I City Double Decker Bus"},"content":{"rendered":"<p style=\"text-align: left;\">BUILO YC-QC015 TransBus Enviro 500 Mark I City Double Decker Bus belongs to the mechanical block series. The whole set contains 4,255 blocks. First released in 2020.<\/p>\n<p><img fetchpriority=\"high\" decoding=\"async\" class=\"alignnone size-full wp-image-198807 aligncenter\" src=\"https:\/\/pay.lpwstore.com\/wp-content\/uploads\/2020\/12\/BUILO-YC-QC015-TransBus-Enviro-500-Mark-I-City-Double-Decker-Bus.jpg\" alt=\"BUILO-YC-QC015-TransBus-Enviro-500-Mark-I-City-Double-Decker-Bus\" width=\"800\" height=\"800\" title=\"-\"> <img decoding=\"async\" class=\"alignnone size-full wp-image-198808 aligncenter\" src=\"https:\/\/pay.lpwstore.com\/wp-content\/uploads\/2020\/12\/BUILO-YC-QC015-TransBus-Enviro-500-Mark-I-City-Double-Decker-Bus-2.jpg\" alt=\"-\" width=\"800\" height=\"800\" title=\"-\"> <img decoding=\"async\" class=\"alignnone size-full wp-image-198809 aligncenter\" src=\"https:\/\/pay.lpwstore.com\/wp-content\/uploads\/2020\/12\/BUILO-YC-QC015-TransBus-Enviro-500-Mark-I-City-Double-Decker-Bus-3.jpg\" alt=\"-\" width=\"800\" height=\"800\" title=\"-\"> <img loading=\"lazy\" decoding=\"async\" class=\"alignnone size-full wp-image-198810 aligncenter\" src=\"https:\/\/pay.lpwstore.com\/wp-content\/uploads\/2020\/12\/BUILO-YC-QC015-TransBus-Enviro-500-Mark-I-City-Double-Decker-Bus-4.jpg\" alt=\"-\" width=\"800\" height=\"800\" title=\"-\"> <img loading=\"lazy\" decoding=\"async\" class=\"alignnone size-full wp-image-198811 aligncenter\" src=\"https:\/\/pay.lpwstore.com\/wp-content\/uploads\/2020\/12\/BUILO-YC-QC015-TransBus-Enviro-500-Mark-I-City-Double-Decker-Bus-5.jpg\" alt=\"-\" width=\"800\" height=\"800\" title=\"-\"> <img loading=\"lazy\" decoding=\"async\" class=\"alignnone size-full wp-image-198812 aligncenter\" src=\"https:\/\/pay.lpwstore.com\/wp-content\/uploads\/2020\/12\/BUILO-YC-QC015-TransBus-Enviro-500-Mark-I-City-Double-Decker-Bus-6.jpg\" alt=\"-\" width=\"800\" height=\"800\" title=\"-\"> <img loading=\"lazy\" decoding=\"async\" class=\"alignnone size-full wp-image-198813 aligncenter\" src=\"https:\/\/pay.lpwstore.com\/wp-content\/uploads\/2020\/12\/BUILO-YC-QC015-TransBus-Enviro-500-Mark-I-City-Double-Decker-Bus-7.jpg\" alt=\"-\" width=\"800\" height=\"800\" title=\"-\"> <img loading=\"lazy\" decoding=\"async\" class=\"alignnone size-full wp-image-198814 aligncenter\" src=\"https:\/\/pay.lpwstore.com\/wp-content\/uploads\/2020\/12\/BUILO-YC-QC015-TransBus-Enviro-500-Mark-I-City-Double-Decker-Bus-8.jpg\" alt=\"-\" width=\"800\" height=\"800\" title=\"-\"> <img loading=\"lazy\" decoding=\"async\" class=\"alignnone size-full wp-image-198815 aligncenter\" src=\"https:\/\/pay.lpwstore.com\/wp-content\/uploads\/2020\/12\/BUILO-YC-QC015-TransBus-Enviro-500-Mark-I-City-Double-Decker-Bus-9.jpg\" alt=\"-\" width=\"800\" height=\"800\" title=\"-\"><\/p>","protected":false},"excerpt":{"rendered":"<ul>\n<li>Tartalmazza <strong>4255+<\/strong> db<\/li>\n<li>K\u00e9zi haszn\u00e1lati \u00fatmutat\u00f3<\/li>\n<li>Kiv\u00e1l\u00f3 min\u0151s\u00e9g\u0171 ABS blokk<\/li>\n<\/ul>","protected":false},"featured_media":16398,"comment_status":"open","ping_status":"closed","template":"","meta":{"_acf_changed":false},"product_cat":[],"product_tag":[],"class_list":["product","first","instock","shipping-taxable","purchasable","product-type-simple"],"acf":[],"_links":{"self":[{"href":"https:\/\/mouldking.store\/hu\/wp-json\/wp\/v2\/product\/16397","targetHints":{"allow":["GET"]}}],"collection":[{"href":"https:\/\/mouldking.store\/hu\/wp-json\/wp\/v2\/product"}],"about":[{"href":"https:\/\/mouldking.store\/hu\/wp-json\/wp\/v2\/types\/product"}],"replies":[{"embeddable":true,"href":"https:\/\/mouldking.store\/hu\/wp-json\/wp\/v2\/comments?post=16397"}],"wp:featuredmedia":[{"embeddable":true,"href":"https:\/\/mouldking.store\/hu\/wp-json\/wp\/v2\/media\/16398"}],"wp:attachment":[{"href":"https:\/\/mouldking.store\/hu\/wp-json\/wp\/v2\/media?parent=16397"}],"wp:term":[{"taxonomy":"product_cat","embeddable":true,"href":"https:\/\/mouldking.store\/hu\/wp-json\/wp\/v2\/product_cat?post=16397"},{"taxonomy":"product_tag","embeddable":true,"href":"https:\/\/mouldking.store\/hu\/wp-json\/wp\/v2\/product_tag?post=16397"}],"curies":[{"name":"wp","href":"https:\/\/api.w.org\/{rel}","templated":true}]}}