{"id":16461,"date":"2021-09-28T03:33:00","date_gmt":"2021-09-28T03:33:00","guid":{"rendered":"https:\/\/mouldking.store\/product\/sembo-201095-palace-architecture-corner-tower-collectors-edition-4251629"},"modified":"2021-12-23T09:53:11","modified_gmt":"2021-12-23T09:53:11","slug":"sembo-201095-palace-architecture-corner-tower-collectors-edition","status":"publish","type":"product","link":"https:\/\/mouldking.store\/hu\/shop\/sembo-201095-palace-architecture-corner-tower-collectors-edition\/","title":{"rendered":"SEMBO 201095 Palace Architecture: Corner Tower Collector&#8217;s Edition"},"content":{"rendered":"<p style=\"text-align: left;\"><span>SEMBO 201095 Palace Architecture: Corner Tower Collector&#8217;s Edition belongs to the advanced model series building block set. The whole set contains 8245 building block particles. <\/span><span>El\u0151sz\u00f6r 2020-ban jelent meg.<\/span><\/p>\n<p><img fetchpriority=\"high\" decoding=\"async\" class=\"alignnone size-full wp-image-198997 aligncenter\" src=\"https:\/\/pay.lpwstore.com\/wp-content\/uploads\/2020\/12\/SEMBO-201095-Palace-Architecture-Corner-Tower-Collectors-Edition.jpg\" alt=\"SEMBO-201095-Palace-Architecture-Corner-Tower-Collector&#039;s-Edition\" width=\"800\" height=\"800\" title=\"-\"> <img decoding=\"async\" class=\"alignnone size-full wp-image-198998 aligncenter\" src=\"https:\/\/pay.lpwstore.com\/wp-content\/uploads\/2020\/12\/SEMBO-201095-Palace-Architecture-Corner-Tower-Collectors-Edition-2.jpg\" alt=\"-\" width=\"800\" height=\"800\" title=\"-\"><\/p>","protected":false},"excerpt":{"rendered":"<p><span style=\"font-size: 150%; color: #ff0000;\"><strong>EL\u0150AD\u00c1S. 2020 V\u00c9G\u00c9N EL\u00c9RHET\u0150<\/strong><\/span><\/p>\n<ul>\n<li>Tartalmazza<strong> 8245+<\/strong> db<\/li>\n<li>K\u00e9zi haszn\u00e1lati \u00fatmutat\u00f3<\/li>\n<li>Kiv\u00e1l\u00f3 min\u0151s\u00e9g\u0171 ABS blokk<\/li>\n<li>Eredeti doboza nincs<\/li>\n<\/ul>","protected":false},"featured_media":16462,"comment_status":"open","ping_status":"closed","template":"","meta":{"_acf_changed":false},"product_cat":[],"product_tag":[],"class_list":["product","first","instock","shipping-taxable","purchasable","product-type-simple"],"acf":[],"_links":{"self":[{"href":"https:\/\/mouldking.store\/hu\/wp-json\/wp\/v2\/product\/16461","targetHints":{"allow":["GET"]}}],"collection":[{"href":"https:\/\/mouldking.store\/hu\/wp-json\/wp\/v2\/product"}],"about":[{"href":"https:\/\/mouldking.store\/hu\/wp-json\/wp\/v2\/types\/product"}],"replies":[{"embeddable":true,"href":"https:\/\/mouldking.store\/hu\/wp-json\/wp\/v2\/comments?post=16461"}],"wp:featuredmedia":[{"embeddable":true,"href":"https:\/\/mouldking.store\/hu\/wp-json\/wp\/v2\/media\/16462"}],"wp:attachment":[{"href":"https:\/\/mouldking.store\/hu\/wp-json\/wp\/v2\/media?parent=16461"}],"wp:term":[{"taxonomy":"product_cat","embeddable":true,"href":"https:\/\/mouldking.store\/hu\/wp-json\/wp\/v2\/product_cat?post=16461"},{"taxonomy":"product_tag","embeddable":true,"href":"https:\/\/mouldking.store\/hu\/wp-json\/wp\/v2\/product_tag?post=16461"}],"curies":[{"name":"wp","href":"https:\/\/api.w.org\/{rel}","templated":true}]}}