{"id":16488,"date":"2021-09-28T03:33:26","date_gmt":"2021-09-28T03:33:26","guid":{"rendered":"https:\/\/mouldking.store\/product\/sy-8551-landrover-defender-90-off-road-pull-back-car-7135925"},"modified":"2021-12-23T09:53:11","modified_gmt":"2021-12-23T09:53:11","slug":"sy-8551-landrover-defender-90-off-road-pull-back-car","status":"publish","type":"product","link":"https:\/\/mouldking.store\/hu\/shop\/sy-8551-landrover-defender-90-off-road-pull-back-car\/","title":{"rendered":"SY 8551 Landrover Defender 90 terepj\u00e1r\u00f3 visszah\u00fazhat\u00f3 aut\u00f3"},"content":{"rendered":"<p style=\"text-align: left;\"><span>Az SY 8551 Landrover Defender 90 off-road visszah\u00fazhat\u00f3 aut\u00f3 (Landrover Defender) a versenysorozat \u00e9p\u00edt\u0151elem k\u00e9szlet\u00e9hez tartozik, a teljes k\u00e9szlet 1053 \u00e9p\u00edt\u0151elem r\u00e9szecsk\u00e9t tartalmaz. <\/span><span>El\u0151sz\u00f6r 2020-ban jelent meg.<\/span><\/p>\n<p><img fetchpriority=\"high\" decoding=\"async\" class=\"alignnone size-full wp-image-199222 aligncenter\" src=\"https:\/\/pay.lpwstore.com\/wp-content\/uploads\/2020\/12\/SY-8551-Landrover-Defender-90-off-road-pull-back-car-2.jpg\" alt=\"SY-8551-Landrover-Defender-90-off-road-pull-back-car-2\" width=\"800\" height=\"800\" title=\"-\"> <img decoding=\"async\" class=\"alignnone size-full wp-image-199223 aligncenter\" src=\"https:\/\/pay.lpwstore.com\/wp-content\/uploads\/2020\/12\/SY-8551-Landrover-Defender-90-off-road-pull-back-car-3.jpg\" alt=\"-\" width=\"800\" height=\"800\" title=\"-\"> <img decoding=\"async\" class=\"alignnone size-full wp-image-199224 aligncenter\" src=\"https:\/\/pay.lpwstore.com\/wp-content\/uploads\/2020\/12\/SY-8551-Landrover-Defender-90-off-road-pull-back-car-4.jpg\" alt=\"-\" width=\"800\" height=\"800\" title=\"-\"> <img loading=\"lazy\" decoding=\"async\" class=\"alignnone size-full wp-image-199221 aligncenter\" src=\"https:\/\/pay.lpwstore.com\/wp-content\/uploads\/2020\/12\/SY-8551-Landrover-Defender-90-off-road-pull-back-car.jpg\" alt=\"-\" width=\"800\" height=\"800\" title=\"-\"><\/p>","protected":false},"excerpt":{"rendered":"<p><span style=\"font-size: 150%; color: #ff0000;\"><strong>EL\u0150AD\u00c1S. 2020 V\u00c9G\u00c9N EL\u00c9RHET\u0150<\/strong><\/span><\/p>\n<ul>\n<li>Tartalmazza <strong>1053+<\/strong> db<\/li>\n<li>K\u00e9zi haszn\u00e1lati \u00fatmutat\u00f3<\/li>\n<li>Kiv\u00e1l\u00f3 min\u0151s\u00e9g\u0171 ABS blokk<\/li>\n<\/ul>","protected":false},"featured_media":16489,"comment_status":"open","ping_status":"closed","template":"","meta":{"_acf_changed":false},"product_cat":[],"product_tag":[],"class_list":["product","first","instock","shipping-taxable","purchasable","product-type-simple"],"acf":[],"_links":{"self":[{"href":"https:\/\/mouldking.store\/hu\/wp-json\/wp\/v2\/product\/16488","targetHints":{"allow":["GET"]}}],"collection":[{"href":"https:\/\/mouldking.store\/hu\/wp-json\/wp\/v2\/product"}],"about":[{"href":"https:\/\/mouldking.store\/hu\/wp-json\/wp\/v2\/types\/product"}],"replies":[{"embeddable":true,"href":"https:\/\/mouldking.store\/hu\/wp-json\/wp\/v2\/comments?post=16488"}],"wp:featuredmedia":[{"embeddable":true,"href":"https:\/\/mouldking.store\/hu\/wp-json\/wp\/v2\/media\/16489"}],"wp:attachment":[{"href":"https:\/\/mouldking.store\/hu\/wp-json\/wp\/v2\/media?parent=16488"}],"wp:term":[{"taxonomy":"product_cat","embeddable":true,"href":"https:\/\/mouldking.store\/hu\/wp-json\/wp\/v2\/product_cat?post=16488"},{"taxonomy":"product_tag","embeddable":true,"href":"https:\/\/mouldking.store\/hu\/wp-json\/wp\/v2\/product_tag?post=16488"}],"curies":[{"name":"wp","href":"https:\/\/api.w.org\/{rel}","templated":true}]}}