{"id":16521,"date":"2021-09-28T03:33:53","date_gmt":"2021-09-28T03:33:53","guid":{"rendered":"https:\/\/mouldking.store\/product\/decool-kc007-power-speed-silermoto-7291395"},"modified":"2021-12-23T09:53:09","modified_gmt":"2021-12-23T09:53:09","slug":"decool-kc007-power-speed-%e2%80%8b%e2%80%8bsilermoto","status":"publish","type":"product","link":"https:\/\/mouldking.store\/hu\/shop\/decool-kc007-power-speed-%e2%80%8b%e2%80%8bsilermoto\/","title":{"rendered":"DECOOL KC007 Power Speed \u200b\u200b\u200b\u200bSilermoto"},"content":{"rendered":"<p>A DECOOL KC007 Power Speed \u200b\u200b\u200b\u200bSilermoto a mechanikus blokk sorozathoz tartozik. A teljes k\u00e9szlet 441 darabot tartalmaz. El\u0151sz\u00f6r 2020-ban adt\u00e1k ki. El\u0151sz\u00f6r 2020-ban.<\/p>\n<p><img fetchpriority=\"high\" decoding=\"async\" class=\"size-full wp-image-199324 aligncenter\" src=\"https:\/\/pay.lpwstore.com\/wp-content\/uploads\/2020\/12\/DECOOL-KC007-Power-Speed-\u200b\u200bSilermoto-2-scaled.jpg\" alt=\"-\" width=\"753\" height=\"2560\" title=\"-\"><\/p>","protected":false},"excerpt":{"rendered":"<ul>\n<li>Tartalmazza <strong>441+<\/strong> db<\/li>\n<li>K\u00e9zi haszn\u00e1lati \u00fatmutat\u00f3<\/li>\n<li>Kiv\u00e1l\u00f3 min\u0151s\u00e9g\u0171 ABS blokk<\/li>\n<li>Eredeti doboza nincs<\/li>\n<\/ul>","protected":false},"featured_media":16522,"comment_status":"open","ping_status":"closed","template":"","meta":{"_acf_changed":false},"product_cat":[],"product_tag":[],"class_list":["product","first","instock","shipping-taxable","purchasable","product-type-simple"],"acf":[],"_links":{"self":[{"href":"https:\/\/mouldking.store\/hu\/wp-json\/wp\/v2\/product\/16521","targetHints":{"allow":["GET"]}}],"collection":[{"href":"https:\/\/mouldking.store\/hu\/wp-json\/wp\/v2\/product"}],"about":[{"href":"https:\/\/mouldking.store\/hu\/wp-json\/wp\/v2\/types\/product"}],"replies":[{"embeddable":true,"href":"https:\/\/mouldking.store\/hu\/wp-json\/wp\/v2\/comments?post=16521"}],"wp:featuredmedia":[{"embeddable":true,"href":"https:\/\/mouldking.store\/hu\/wp-json\/wp\/v2\/media\/16522"}],"wp:attachment":[{"href":"https:\/\/mouldking.store\/hu\/wp-json\/wp\/v2\/media?parent=16521"}],"wp:term":[{"taxonomy":"product_cat","embeddable":true,"href":"https:\/\/mouldking.store\/hu\/wp-json\/wp\/v2\/product_cat?post=16521"},{"taxonomy":"product_tag","embeddable":true,"href":"https:\/\/mouldking.store\/hu\/wp-json\/wp\/v2\/product_tag?post=16521"}],"curies":[{"name":"wp","href":"https:\/\/api.w.org\/{rel}","templated":true}]}}