{"id":16642,"date":"2021-09-28T03:35:35","date_gmt":"2021-09-28T03:35:35","guid":{"rendered":"https:\/\/mouldking.store\/product\/sembo-105786-df-31a-international-ballistic-missile-5438654"},"modified":"2021-12-23T09:53:09","modified_gmt":"2021-12-23T09:53:09","slug":"sembo-105786-df-31a-international-ballistic-missile","status":"publish","type":"product","link":"https:\/\/mouldking.store\/hu\/shop\/sembo-105786-df-31a-international-ballistic-missile\/","title":{"rendered":"SEMBO 105786 DF-31A nemzetk\u00f6zi ballisztikus rak\u00e9ta"},"content":{"rendered":"<p style=\"text-align: left;\"><span>A SEMBO 105786 DF-31A nemzetk\u00f6zi ballisztikus rak\u00e9ta a katonai sorozat \u00e9p\u00edt\u0151elem k\u00e9szlet\u00e9hez tartozik, a teljes k\u00e9szlet 1354 \u00e9p\u00edt\u0151elem r\u00e9szecsk\u00e9t tartalmaz. <\/span><span>El\u0151sz\u00f6r 2020-ban jelent meg.<\/span><\/p>\n<p><a href=\"https:\/\/pay.lpwstore.com\/wp-content\/uploads\/2020\/12\/SEMBO-105786-DF-31A-International-Ballistic-Missile.jpg\" target=\"_blank\" rel=\"noopener\"><img fetchpriority=\"high\" decoding=\"async\" class=\"aligncenter wp-image-200133 size-full\" title=\"SEMBO 105786 DF-31A nemzetk\u00f6zi ballisztikus rak\u00e9ta \" src=\"https:\/\/pay.lpwstore.com\/wp-content\/uploads\/2020\/12\/SEMBO-105786-DF-31A-International-Ballistic-Missile.jpg\" alt=\"SEMBO-105786-DF-31A-International-Ballistic-Missile\" width=\"800\" height=\"800\" \/><\/a> <img decoding=\"async\" class=\"alignnone size-full wp-image-200134 aligncenter\" src=\"https:\/\/pay.lpwstore.com\/wp-content\/uploads\/2020\/12\/SEMBO-105786-DF-31A-International-Ballistic-Missile-2.jpg\" alt=\"-\" width=\"800\" height=\"800\" title=\"-\"> <img decoding=\"async\" class=\"alignnone size-full wp-image-200135 aligncenter\" src=\"https:\/\/pay.lpwstore.com\/wp-content\/uploads\/2020\/12\/SEMBO-105786-DF-31A-International-Ballistic-Missile-3.jpg\" alt=\"-\" width=\"800\" height=\"800\" title=\"-\"> <img loading=\"lazy\" decoding=\"async\" class=\"alignnone size-full wp-image-200136 aligncenter\" src=\"https:\/\/pay.lpwstore.com\/wp-content\/uploads\/2020\/12\/SEMBO-105786-DF-31A-International-Ballistic-Missile-4.jpg\" alt=\"-\" width=\"800\" height=\"800\" title=\"-\"> <img loading=\"lazy\" decoding=\"async\" class=\"alignnone size-full wp-image-200137 aligncenter\" src=\"https:\/\/pay.lpwstore.com\/wp-content\/uploads\/2020\/12\/SEMBO-105786-DF-31A-International-Ballistic-Missile-5.jpg\" alt=\"-\" width=\"800\" height=\"800\" title=\"-\"><\/p>","protected":false},"excerpt":{"rendered":"<ul>\n<li>Tartalmazza\u00a0<strong>1354+<\/strong>\u00a0db<\/li>\n<li>K\u00e9zi utas\u00edt\u00e1s<\/li>\n<li>Kiv\u00e1l\u00f3 min\u0151s\u00e9g\u0171 ABS blokk<\/li>\n<li>Eredeti doboza nincs<\/li>\n<\/ul>","protected":false},"featured_media":16643,"comment_status":"open","ping_status":"closed","template":"","meta":{"_acf_changed":false},"product_cat":[],"product_tag":[],"class_list":["product","first","instock","shipping-taxable","purchasable","product-type-simple"],"acf":[],"_links":{"self":[{"href":"https:\/\/mouldking.store\/hu\/wp-json\/wp\/v2\/product\/16642","targetHints":{"allow":["GET"]}}],"collection":[{"href":"https:\/\/mouldking.store\/hu\/wp-json\/wp\/v2\/product"}],"about":[{"href":"https:\/\/mouldking.store\/hu\/wp-json\/wp\/v2\/types\/product"}],"replies":[{"embeddable":true,"href":"https:\/\/mouldking.store\/hu\/wp-json\/wp\/v2\/comments?post=16642"}],"wp:featuredmedia":[{"embeddable":true,"href":"https:\/\/mouldking.store\/hu\/wp-json\/wp\/v2\/media\/16643"}],"wp:attachment":[{"href":"https:\/\/mouldking.store\/hu\/wp-json\/wp\/v2\/media?parent=16642"}],"wp:term":[{"taxonomy":"product_cat","embeddable":true,"href":"https:\/\/mouldking.store\/hu\/wp-json\/wp\/v2\/product_cat?post=16642"},{"taxonomy":"product_tag","embeddable":true,"href":"https:\/\/mouldking.store\/hu\/wp-json\/wp\/v2\/product_tag?post=16642"}],"curies":[{"name":"wp","href":"https:\/\/api.w.org\/{rel}","templated":true}]}}