{"id":16685,"date":"2021-09-28T03:36:04","date_gmt":"2021-09-28T03:36:04","guid":{"rendered":"https:\/\/mouldking.store\/product\/sembo-108654-space-hero-ultraman-taiga-ultraman-yu-god-form-8002884"},"modified":"2021-12-23T09:53:09","modified_gmt":"2021-12-23T09:53:09","slug":"sembo-108654-space-hero-ultraman-taiga-ultraman-yu-god-form","status":"publish","type":"product","link":"https:\/\/mouldking.store\/hu\/shop\/sembo-108654-space-hero-ultraman-taiga-ultraman-yu-god-form\/","title":{"rendered":"SEMBO 108654 Space Hero Ultraman: Taiga Ultraman Yu God Form"},"content":{"rendered":"<p style=\"text-align: left;\"><span>SEMBO 108654 Space Hero Ultraman: Taiga Ultraman Yu God Form belongs to the building block set of the film and television game series. The entire set contains 476 building block particles. <\/span><span>El\u0151sz\u00f6r 2020-ban jelent meg.<\/span><\/p>\n<p><a href=\"https:\/\/pay.lpwstore.com\/wp-content\/uploads\/2021\/01\/SEMBO-108654-Space-Hero-Ultraman-Taiga-Ultraman-Yu-God-Form.jpg\" target=\"_blank\" rel=\"noopener\"><img fetchpriority=\"high\" decoding=\"async\" class=\"aligncenter wp-image-200326 size-full\" src=\"https:\/\/pay.lpwstore.com\/wp-content\/uploads\/2021\/01\/SEMBO-108654-Space-Hero-Ultraman-Taiga-Ultraman-Yu-God-Form.jpg\" alt=\"SEMBO-108654-Space-Hero-Ultraman-Taiga-Ultraman-Yu-God-Form\" width=\"800\" height=\"800\" title=\"-\"><\/a> <img decoding=\"async\" class=\"alignnone size-full wp-image-200327 aligncenter\" src=\"https:\/\/pay.lpwstore.com\/wp-content\/uploads\/2021\/01\/SEMBO-108654-Space-Hero-Ultraman-Taiga-Ultraman-Yu-God-Form-2.jpg\" alt=\"-\" width=\"800\" height=\"800\" title=\"-\"> <img decoding=\"async\" class=\"alignnone size-full wp-image-200328 aligncenter\" src=\"https:\/\/pay.lpwstore.com\/wp-content\/uploads\/2021\/01\/SEMBO-108654-Space-Hero-Ultraman-Taiga-Ultraman-Yu-God-Form-3.jpg\" alt=\"-\" width=\"800\" height=\"800\" title=\"-\"> <img loading=\"lazy\" decoding=\"async\" class=\"alignnone size-full wp-image-200329 aligncenter\" src=\"https:\/\/pay.lpwstore.com\/wp-content\/uploads\/2021\/01\/SEMBO-108654-Space-Hero-Ultraman-Taiga-Ultraman-Yu-God-Form-4.jpg\" alt=\"-\" width=\"800\" height=\"800\" title=\"-\"><\/p>","protected":false},"excerpt":{"rendered":"<ul>\n<li>Tartalmazza\u00a0<strong>476+<\/strong>\u00a0db<\/li>\n<li>K\u00e9zi haszn\u00e1lati \u00fatmutat\u00f3<\/li>\n<li>Kiv\u00e1l\u00f3 min\u0151s\u00e9g\u0171 ABS blokk<\/li>\n<li>Eredeti doboza nincs<\/li>\n<\/ul>","protected":false},"featured_media":16686,"comment_status":"open","ping_status":"closed","template":"","meta":{"_acf_changed":false},"product_cat":[],"product_tag":[],"class_list":["product","first","instock","shipping-taxable","purchasable","product-type-simple"],"acf":[],"_links":{"self":[{"href":"https:\/\/mouldking.store\/hu\/wp-json\/wp\/v2\/product\/16685","targetHints":{"allow":["GET"]}}],"collection":[{"href":"https:\/\/mouldking.store\/hu\/wp-json\/wp\/v2\/product"}],"about":[{"href":"https:\/\/mouldking.store\/hu\/wp-json\/wp\/v2\/types\/product"}],"replies":[{"embeddable":true,"href":"https:\/\/mouldking.store\/hu\/wp-json\/wp\/v2\/comments?post=16685"}],"wp:featuredmedia":[{"embeddable":true,"href":"https:\/\/mouldking.store\/hu\/wp-json\/wp\/v2\/media\/16686"}],"wp:attachment":[{"href":"https:\/\/mouldking.store\/hu\/wp-json\/wp\/v2\/media?parent=16685"}],"wp:term":[{"taxonomy":"product_cat","embeddable":true,"href":"https:\/\/mouldking.store\/hu\/wp-json\/wp\/v2\/product_cat?post=16685"},{"taxonomy":"product_tag","embeddable":true,"href":"https:\/\/mouldking.store\/hu\/wp-json\/wp\/v2\/product_tag?post=16685"}],"curies":[{"name":"wp","href":"https:\/\/api.w.org\/{rel}","templated":true}]}}