{"id":16701,"date":"2021-09-28T03:36:17","date_gmt":"2021-09-28T03:36:17","guid":{"rendered":"https:\/\/mouldking.store\/product\/urge-10200-bricks-blooms-modular-garden-centre-6345400"},"modified":"2024-05-07T14:34:00","modified_gmt":"2024-05-07T07:34:00","slug":"urge-10200-bricks-blooms-modular-garden-centre","status":"publish","type":"product","link":"https:\/\/mouldking.store\/hu\/shop\/urge-10200-bricks-blooms-modular-garden-centre\/","title":{"rendered":"URGE 10200 BRICKS &#038; BLOOMS-Modular Garden Centre"},"content":{"rendered":"<p style=\"text-align: left;\">MORK 10200 BRICKS &amp; BLOOMS-Modular Garden Centre belongs to the advanced model series building block set. The whole set contains 2716 building block particles. First released in 2021.<\/p>\n<figure id=\"attachment_207302\" aria-describedby=\"caption-attachment-207302\" style=\"width: 1078px\" class=\"wp-caption aligncenter\"><img fetchpriority=\"high\" decoding=\"async\" class=\"size-full wp-image-207302\" title=\"MORK 10200 BRICKS &amp; BLOOMS-Modular Garden Centre\" src=\"https:\/\/pay.lpwstore.com\/wp-content\/uploads\/2021\/05\/mork-10200-bricks-blooms-modular-garden-centre-211014.jpg\" alt=\"MORK 10200 BRICKS &amp; BLOOMS-Modular Garden Centre\" width=\"1078\" height=\"1078\" \/><figcaption id=\"caption-attachment-207302\" class=\"wp-caption-text\">MORK 10200 BRICKS &amp; BLOOMS-Modular Garden Centre<\/figcaption><\/figure>\n<figure id=\"attachment_207303\" aria-describedby=\"caption-attachment-207303\" style=\"width: 1078px\" class=\"wp-caption aligncenter\"><img decoding=\"async\" class=\"size-full wp-image-207303\" title=\"MORK 10200 BRICKS &amp; BLOOMS-Modular Garden Centre\" src=\"https:\/\/pay.lpwstore.com\/wp-content\/uploads\/2021\/05\/mork-10200-bricks-blooms-modular-garden-centre-211021.jpg\" alt=\"MORK 10200 BRICKS &amp; BLOOMS-Modular Garden Centre\" width=\"1078\" height=\"1078\" \/><figcaption id=\"caption-attachment-207303\" class=\"wp-caption-text\">MORK 10200 BRICKS &amp; BLOOMS-Modular Garden Centre<\/figcaption><\/figure>\n<figure id=\"attachment_207304\" aria-describedby=\"caption-attachment-207304\" style=\"width: 1078px\" class=\"wp-caption aligncenter\"><img decoding=\"async\" class=\"size-full wp-image-207304\" title=\"MORK 10200 BRICKS &amp; BLOOMS-Modular Garden Centre\" src=\"https:\/\/pay.lpwstore.com\/wp-content\/uploads\/2021\/05\/mork-10200-bricks-blooms-modular-garden-centre-211030.jpg\" alt=\"MORK 10200 BRICKS &amp; BLOOMS-Modular Garden Centre\" width=\"1078\" height=\"1078\" \/><figcaption id=\"caption-attachment-207304\" class=\"wp-caption-text\">MORK 10200 BRICKS &amp; BLOOMS-Modular Garden Centre<\/figcaption><\/figure>\n<figure id=\"attachment_207305\" aria-describedby=\"caption-attachment-207305\" style=\"width: 800px\" class=\"wp-caption aligncenter\"><img loading=\"lazy\" decoding=\"async\" class=\"size-full wp-image-207305\" title=\"MORK 10200 BRICKS &amp; BLOOMS-Modular Garden Centre\" src=\"https:\/\/pay.lpwstore.com\/wp-content\/uploads\/2021\/05\/mork-10200-bricks-blooms-modular-garden-centre-211037.jpg\" alt=\"MORK 10200 BRICKS &amp; BLOOMS-Modular Garden Centre\" width=\"800\" height=\"800\" \/><figcaption id=\"caption-attachment-207305\" class=\"wp-caption-text\">MORK 10200 BRICKS &amp; BLOOMS-Modular Garden Centre<\/figcaption><\/figure>\n<p>&nbsp;<\/p>","protected":false},"excerpt":{"rendered":"<ul>\n<li>Tartalmazza\u00a0<strong>2716+<\/strong>\u00a0db<\/li>\n<li>K\u00e9zi haszn\u00e1lati \u00fatmutat\u00f3<\/li>\n<li>Kiv\u00e1l\u00f3 min\u0151s\u00e9g\u0171 ABS blokk<\/li>\n<\/ul>","protected":false},"featured_media":16702,"comment_status":"open","ping_status":"closed","template":"","meta":{"_acf_changed":false},"product_cat":[15],"product_tag":[],"class_list":["product","first","outofstock","shipping-taxable","purchasable","product-type-simple"],"acf":[],"_links":{"self":[{"href":"https:\/\/mouldking.store\/hu\/wp-json\/wp\/v2\/product\/16701","targetHints":{"allow":["GET"]}}],"collection":[{"href":"https:\/\/mouldking.store\/hu\/wp-json\/wp\/v2\/product"}],"about":[{"href":"https:\/\/mouldking.store\/hu\/wp-json\/wp\/v2\/types\/product"}],"replies":[{"embeddable":true,"href":"https:\/\/mouldking.store\/hu\/wp-json\/wp\/v2\/comments?post=16701"}],"wp:featuredmedia":[{"embeddable":true,"href":"https:\/\/mouldking.store\/hu\/wp-json\/wp\/v2\/media\/16702"}],"wp:attachment":[{"href":"https:\/\/mouldking.store\/hu\/wp-json\/wp\/v2\/media?parent=16701"}],"wp:term":[{"taxonomy":"product_cat","embeddable":true,"href":"https:\/\/mouldking.store\/hu\/wp-json\/wp\/v2\/product_cat?post=16701"},{"taxonomy":"product_tag","embeddable":true,"href":"https:\/\/mouldking.store\/hu\/wp-json\/wp\/v2\/product_tag?post=16701"}],"curies":[{"name":"wp","href":"https:\/\/api.w.org\/{rel}","templated":true}]}}